{"id":987,"date":"2026-01-28T15:57:37","date_gmt":"2026-01-28T18:57:37","guid":{"rendered":"https:\/\/deiadpa.com.br\/?page_id=987"},"modified":"2026-02-16T09:15:22","modified_gmt":"2026-02-16T12:15:22","slug":"o-amor-de-deus-e-um-mandamento","status":"publish","type":"page","link":"https:\/\/deiadpa.com.br\/index.php\/quero-saber-mais-sobre-deus\/o-amor-de-deus-e-um-mandamento\/","title":{"rendered":"3 &#8211; O AMOR DE DEUS \u00c9 UM MANDAMENTO"},"content":{"rendered":"<p>Outro ponto que gera muita confus\u00e3o \u00e9 a tentativa de reduzir o amor de Deus a um simples sentimento. Como muitos confundem o amor \u00c1gape com express\u00f5es sentimentais e emocionais comuns entre os seres humanos, acabam interpretando o amor de Deus como algo que depende das emo\u00e7\u00f5es humanas e que \u00e9 filtrado por elas.<\/p>\n<p>Em outras palavras, o ser humano tende a amar apenas aqueles por quem nutre algum tipo de sentimento rec\u00edproco. Por exemplo, ningu\u00e9m se casa com algu\u00e9m sem sentir atra\u00e7\u00e3o, desejo ou envolvimento emocional. Esse tipo de amor, conhecido como [\u00c9ROS], depende diretamente do sentir, do gostar e da atra\u00e7\u00e3o. Por isso, o amor \u201cEros\u201d, entre outros, n\u00e3o pode ser imposto ou ordenado, pois ele est\u00e1 condicionado ao gosto pessoal.<\/p>\n<p>O problema surge quando se acredita que todos os tipos de amor funcionam da mesma maneira, como se estivessem igualmente subordinados ao \u201cgostar\u201d ou \u201cn\u00e3o gostar\u201d. Essa confus\u00e3o explica, em grande parte, a dificuldade que muitas pessoas t\u00eam em amar os seus inimigos. Para quem entende o amor exclusivamente como um sentimento emocional, amar o inimigo se torna algo imposs\u00edvel.<\/p>\n<p>Entretanto, esse conceito cai por terra quando compreendemos que o amor de Deus \u00c1gape n\u00e3o \u00e9 um sentimento, mas um mandamento. Se o amor fosse apenas um sentimento, ele estaria subordinado \u00e0s emo\u00e7\u00f5es humanas e n\u00e3o \u00e0 ordem divina. No entanto, a Escritura ordena: \u201cAmai-vos uns aos outros\u201d. Um mandamento n\u00e3o depende do sentir, mas da obedi\u00eancia.<\/p>\n<p>Por isso, a primeira verdade que precisamos compreender \u00e9 que o amor de Deus n\u00e3o \u00e9 um sentimento condicionado \u00e0s nossas emo\u00e7\u00f5es, mas um mandamento que deve ser praticado, independentemente do estado do cora\u00e7\u00e3o humano.<\/p>\n<p>Quando entendemos essa verdade, come\u00e7amos a compreender o que \u00e9 o amor incondicional: amar acima das emo\u00e7\u00f5es, dos sentimentos e das circunst\u00e2ncias. \u00c9 nesse ponto que se torna poss\u00edvel amar, perdoar, exercer miseric\u00f3rdia e viver a justi\u00e7a divina de forma pr\u00e1tica e coerente com o Evangelho.<\/p>\n<p>&nbsp;<\/p>\n<p><strong>\ud83d\udcd6<\/strong><strong> Leitura b\u00edblica auxiliares para medita\u00e7\u00e3o<\/strong><\/p>\n<p>\ud83d\udd39 1. O erro de reduzir o amor a um simples sentimento (<em>Esses textos mostram que emo\u00e7\u00f5es humanas n\u00e3o s\u00e3o base segura para definir a vontade de Deus<\/em>)<\/p>\n<ul>\n<li><a href=\"https:\/\/www.bibliaonline.com.br\/acf\/pv\/16\/25\">Prov\u00e9rbios 16:25<\/a> \u2013 H\u00e1 caminhos que parecem corretos ao homem, mas levam \u00e0 morte.<\/li>\n<li><a href=\"https:\/\/www.bibliaonline.com.br\/acf\/jr\/17\/9\">Jeremias 17:9<\/a> \u2013 O cora\u00e7\u00e3o humano \u00e9 enganoso.<\/li>\n<li><a href=\"https:\/\/www.bibliaonline.com.br\/acf\/rm\/7\/18-19\">Romanos 7:18\u201319<\/a> \u2013 O querer emocional n\u00e3o garante a pr\u00e1tica do bem.<\/li>\n<li><a href=\"https:\/\/www.bibliaonline.com.br\/acf\/ec\/3\/8\">Eclesiastes 3:8<\/a> \u2013 O amor humano \u00e9 vari\u00e1vel e circunstancial.<\/li>\n<\/ul>\n<p>\ud83d\udd39 2. O amor humano (sentimental) \u00e9 limitado e condicionado (<em>Confirma que o amor baseado apenas no sentir \u00e9 inst\u00e1vel<\/em>)<\/p>\n<ul>\n<li><a href=\"https:\/\/www.bibliaonline.com.br\/acf\/ct\/2\/7\">Cantares 2:7<\/a> \u2013 O amor humano ligado ao tempo e \u00e0 emo\u00e7\u00e3o.<\/li>\n<li><a href=\"https:\/\/www.bibliaonline.com.br\/acf\/am\/6\/4-6\">Am\u00f3s 6:4\u20136<\/a> \u2013 Amor baseado no prazer e na satisfa\u00e7\u00e3o pessoal.<\/li>\n<li><a href=\"https:\/\/www.bibliaonline.com.br\/acf\/mt\/24\/12\">Mateus 24:12<\/a> \u2013 O amor humano pode esfriar.<\/li>\n<li><a href=\"https:\/\/www.bibliaonline.com.br\/acf\/jo\/2\/24-25\">Jo\u00e3o 2:24\u201325<\/a> \u2013 Jesus n\u00e3o confiava plenamente nas emo\u00e7\u00f5es humanas.<\/li>\n<\/ul>\n<p>\ud83d\udd39 3. O amor \u00c1gape como mandamento, n\u00e3o como sentimento (<em>Se o amor fosse sentimento, n\u00e3o poderia ser ordenado<\/em>)<\/p>\n<ul>\n<li><a href=\"https:\/\/www.bibliaonline.com.br\/acf\/jo\/13\/34-35\">Jo\u00e3o 13:34\u201335<\/a> \u2013 \u201cUm novo mandamento vos dou: que vos ameis uns aos outros.\u201d<\/li>\n<li><a href=\"https:\/\/www.bibliaonline.com.br\/acf\/jo\/15\/12\">Jo\u00e3o 15:12<\/a> \u2013 \u201cO meu mandamento \u00e9 este: que vos ameis uns aos outros.\u201d<\/li>\n<li><a href=\"https:\/\/www.bibliaonline.com.br\/acf\/1jo\/3\/23\">1 Jo\u00e3o 3:23<\/a> \u2013 O mandamento de amar faz parte da f\u00e9 crist\u00e3.<\/li>\n<li><a href=\"https:\/\/www.bibliaonline.com.br\/acf\/rm\/13\/8\">Romanos 13:8<\/a> \u2013 Amar \u00e9 uma obriga\u00e7\u00e3o cont\u00ednua.<\/li>\n<\/ul>\n<p>\ud83d\udd39 4. Mandamento n\u00e3o depende de emo\u00e7\u00e3o, mas de obedi\u00eancia<\/p>\n<ul>\n<li><a href=\"https:\/\/www.bibliaonline.com.br\/acf\/dt\/11\/1\">Deuteron\u00f4mio 11:1<\/a> \u2013 Amar a Deus ligado \u00e0 obedi\u00eancia.<\/li>\n<li><a href=\"https:\/\/www.bibliaonline.com.br\/acf\/jo\/14\/15\">Jo\u00e3o 14:15<\/a> \u2013 \u201cSe me amais, guardai os meus mandamentos.\u201d<\/li>\n<li><a href=\"https:\/\/www.bibliaonline.com.br\/acf\/1jo\/5\/3\">1 Jo\u00e3o 5:3<\/a> \u2013 O amor a Deus se manifesta em guardar mandamentos.<\/li>\n<li><a href=\"https:\/\/www.bibliaonline.com.br\/acf\/tg\/1\/22\">Tiago 1:22<\/a> \u2013 Ser praticante da Palavra, n\u00e3o apenas ouvinte.<\/li>\n<\/ul>\n<p>\ud83d\udd39 5. Amar o inimigo confirma que o amor n\u00e3o \u00e9 emocional (<em>Esses textos provam que amar n\u00e3o depende de afinidade ou sentimento<\/em>)<\/p>\n<ul>\n<li><a href=\"https:\/\/www.bibliaonline.com.br\/acf\/mt\/5\/44-45\">Mateus 5:44\u201345<\/a> \u2013 Amar inimigos \u00e9 mandamento direto de Jesus.<\/li>\n<li><a href=\"https:\/\/www.bibliaonline.com.br\/acf\/lc\/6\/27-28\">Lucas 6:27\u201328<\/a> \u2013 Amar, fazer o bem e orar pelos que perseguem.<\/li>\n<li><a href=\"https:\/\/www.bibliaonline.com.br\/acf\/rm\/12\/20-21\">Romanos 12:20\u201321<\/a> \u2013 Vencer o mal com o bem.<\/li>\n<li><a href=\"https:\/\/www.bibliaonline.com.br\/acf\/pv\/25\/21-22\">Prov\u00e9rbios 25:21\u201322<\/a> \u2013 Atos de amor para com o inimigo.<\/li>\n<\/ul>\n<p>\ud83d\udd39 6. O amor como pr\u00e1tica acima das circunst\u00e2ncias<\/p>\n<ul>\n<li><a href=\"https:\/\/www.bibliaonline.com.br\/acf\/1jo\/3\/18\">1 Jo\u00e3o 3:18<\/a> \u2013 Amar n\u00e3o s\u00f3 de palavra, mas em a\u00e7\u00e3o.<\/li>\n<li><a href=\"https:\/\/www.bibliaonline.com.br\/acf\/cl\/3\/14\">Colossenses 3:14<\/a> \u2013 O amor como v\u00ednculo que governa as a\u00e7\u00f5es.<\/li>\n<li><a href=\"https:\/\/www.bibliaonline.com.br\/acf\/gl\/6\/2\">G\u00e1latas 6:2<\/a> \u2013 Amar \u00e9 carregar o fardo do outro.<\/li>\n<li><a href=\"https:\/\/www.bibliaonline.com.br\/acf\/tg\/2\/15-16\">Tiago 2:15\u201316<\/a> \u2013 Amor que n\u00e3o age \u00e9 incompleto.<\/li>\n<\/ul>\n<p>\ud83d\udd39 7. Amar, perdoar e exercer miseric\u00f3rdia como express\u00e3o do mandamento<\/p>\n<ul>\n<li><a href=\"https:\/\/www.bibliaonline.com.br\/acf\/mt\/18\/21-22\">Mateus 18:21\u201322<\/a> \u2013 Perdoar repetidamente.<\/li>\n<li><a href=\"https:\/\/www.bibliaonline.com.br\/acf\/ef\/4\/32\">Ef\u00e9sios 4:32<\/a> \u2013 Perdoar como Deus perdoou.<\/li>\n<li><a href=\"https:\/\/www.bibliaonline.com.br\/acf\/lc\/10\/33-37\">Lucas 10:33\u201337<\/a> \u2013 O bom samaritano como exemplo pr\u00e1tico de amor.<\/li>\n<li><a href=\"https:\/\/www.bibliaonline.com.br\/acf\/mq\/6\/8\">Miqu\u00e9ias 6:8<\/a> \u2013 Amar a miseric\u00f3rdia e praticar a justi\u00e7a.<\/li>\n<\/ul>\n<p>\ud83d\udd39 8. O amor incondicional como evid\u00eancia de maturidade espiritual<\/p>\n<ul>\n<li><a href=\"https:\/\/www.bibliaonline.com.br\/acf\/1co\/14\/1\">1 Cor\u00edntios 14:1<\/a> \u2013 Buscar o amor acima de tudo.<\/li>\n<li><a href=\"https:\/\/www.bibliaonline.com.br\/acf\/cl\/3\/12-13\">Colossenses 3:12\u201313<\/a> \u2013 Amor que suporta e perdoa.<\/li>\n<li><a href=\"https:\/\/www.bibliaonline.com.br\/acf\/hb\/12\/14\">Hebreus 12:14<\/a> \u2013 Viver em paz com todos.<\/li>\n<li><a href=\"https:\/\/www.bibliaonline.com.br\/acf\/jo\/13\/35\">Jo\u00e3o 13:35<\/a> \u2013 O amor como marca do disc\u00edpulo verdadeiro.<\/li>\n<\/ul>\n<p>\ud83d\udd39 9. O amor praticado reflete o pr\u00f3prio car\u00e1ter de Deus<\/p>\n<ul>\n<li><a href=\"https:\/\/www.bibliaonline.com.br\/acf\/mt\/5\/48\">Mateus 5:48<\/a> \u2013 Sede perfeitos como o Pai.<\/li>\n<li><a href=\"https:\/\/www.bibliaonline.com.br\/acf\/ef\/5\/1-2\">Ef\u00e9sios 5:1\u20132<\/a> \u2013 Andar em amor como Deus anda.<\/li>\n<li><a href=\"https:\/\/www.bibliaonline.com.br\/acf\/1jo\/4\/11\">1 Jo\u00e3o 4:11<\/a> \u2013 Se Deus nos amou, devemos amar uns aos outros.<\/li>\n<li><a href=\"https:\/\/www.bibliaonline.com.br\/acf\/rm\/8\/29\">Romanos 8:29<\/a> \u2013 Ser conformado \u00e0 imagem de Cristo.<\/li>\n<\/ul>\n<p><a href=\"https:\/\/deiadpa.com.br\/index.php\/4-o-amor-de-deus-a-justica-e-a-misericordia\/\"><img loading=\"lazy\" decoding=\"async\" class=\"alignnone wp-image-981\" src=\"http:\/\/deiadpa.com.br\/wp-content\/uploads\/2026\/01\/Proxima-aula.png\" alt=\"\" width=\"187\" height=\"79\" \/><\/a><\/p>\n<p>________________________________________________<\/p>\n<p>Ronaldo Santos<\/p>\n<p>&nbsp;<\/p>\n","protected":false},"excerpt":{"rendered":"<p>Outro ponto que gera muita confus\u00e3o \u00e9 a tentativa de reduzir o amor de Deus a um simples sentimento. Como muitos confundem o amor \u00c1gape [&#8230;]<\/p>\n","protected":false},"author":1,"featured_media":0,"parent":75,"menu_order":0,"comment_status":"closed","ping_status":"closed","template":"","meta":{"footnotes":""},"_links":{"self":[{"href":"https:\/\/deiadpa.com.br\/index.php\/wp-json\/wp\/v2\/pages\/987"}],"collection":[{"href":"https:\/\/deiadpa.com.br\/index.php\/wp-json\/wp\/v2\/pages"}],"about":[{"href":"https:\/\/deiadpa.com.br\/index.php\/wp-json\/wp\/v2\/types\/page"}],"author":[{"embeddable":true,"href":"https:\/\/deiadpa.com.br\/index.php\/wp-json\/wp\/v2\/users\/1"}],"replies":[{"embeddable":true,"href":"https:\/\/deiadpa.com.br\/index.php\/wp-json\/wp\/v2\/comments?post=987"}],"version-history":[{"count":6,"href":"https:\/\/deiadpa.com.br\/index.php\/wp-json\/wp\/v2\/pages\/987\/revisions"}],"predecessor-version":[{"id":1029,"href":"https:\/\/deiadpa.com.br\/index.php\/wp-json\/wp\/v2\/pages\/987\/revisions\/1029"}],"up":[{"embeddable":true,"href":"https:\/\/deiadpa.com.br\/index.php\/wp-json\/wp\/v2\/pages\/75"}],"wp:attachment":[{"href":"https:\/\/deiadpa.com.br\/index.php\/wp-json\/wp\/v2\/media?parent=987"}],"curies":[{"name":"wp","href":"https:\/\/api.w.org\/{rel}","templated":true}]}}