{"id":946,"date":"2026-01-27T22:55:33","date_gmt":"2026-01-28T01:55:33","guid":{"rendered":"https:\/\/deiadpa.com.br\/?page_id=946"},"modified":"2026-02-25T14:47:09","modified_gmt":"2026-02-25T17:47:09","slug":"primeiros-passos-conhecendo-deus","status":"publish","type":"page","link":"https:\/\/deiadpa.com.br\/index.php\/quero-saber-mais-sobre-deus\/primeiros-passos-conhecendo-deus\/","title":{"rendered":"PROGRAMA COMPLETO &#8211; CONHECENDO A DEUS"},"content":{"rendered":"<p>Seja bem vindo ao programa completo do estudo &#8220;Conhecendo a Deus&#8221;, organizado por cap\u00edtulos e temas.<\/p>\n<p data-start=\"214\" data-end=\"372\">Para iniciar, basta escolher o cap\u00edtulo desejado e clicar no link correspondente, podendo optar tamb\u00e9m pelo formato em texto ou pela videoaula, conforme sua prefer\u00eancia.<\/p>\n<p data-start=\"214\" data-end=\"372\">Esta p\u00e1gina foi organizada para voc\u00ea localizar de forma r\u00e1pida e intuitiva o assunto de seu interesse, al\u00e9m de possibilitar de forma f\u00e1cil a consulta de assuntos j\u00e1 estudados.<\/p>\n<p data-start=\"374\" data-end=\"757\">Deus te aben\u00e7oe e desejamos um \u00f3timo estudo b\u00edblico.<\/p>\n<p data-start=\"374\" data-end=\"757\"><strong>I &#8211;\u00a0INTRODU\u00c7\u00c3O<\/strong><\/p>\n<h6 data-start=\"374\" data-end=\"757\">\u00a0 \u00a0 \u00a0 \u00a0 \u00a0Para ler a Introdu\u00e7\u00e3o\u00a0<a href=\"https:\/\/deiadpa.com.br\/index.php\/noticias\/introducao\/\">\ud83d\udc49 <strong data-start=\"326\" data-end=\"341\">Clique aqui<\/strong><\/a>\u00a0ou para assistir a introdu\u00e7\u00e3o em formato de v\u00eddeo <a href=\"https:\/\/deiadpa.com.br\/index.php\/noticias\/introducao\/\"><strong data-start=\"326\" data-end=\"341\">\u25b6\ufe0f Clique aqui<\/strong><\/a><\/h6>\n<p>&nbsp;<\/p>\n<p><strong>II &#8211; CAP\u00cdTULO 1 &#8211; O AMOR DE DEUS<\/strong><\/p>\n<h6><span style=\"color: #ff0000;\"><strong>\u00a0 \u00a0 \u00a0 \u00a0<span style=\"color: #0000ff;\">1. DEUS \u00c9 AMOR\u00a0 &#8211; <\/span><\/strong><\/span>\u00a0 <a href=\"https:\/\/deiadpa.com.br\/index.php\/noticias\/1-o-amor-de-deus\/\"><strong>Texto<\/strong> \ud83d\udc49 <strong data-start=\"326\" data-end=\"341\">Clique aqui<\/strong><\/a><strong data-start=\"326\" data-end=\"341\">\u00a0 \u00a0 \u00a0 \u00a0 \u00a0|\u00a0 \u00a0 \u00a0 \u00a0<\/strong><a href=\"https:\/\/deiadpa.com.br\/index.php\/noticias\/1-o-amor-de-deus\/\"><strong data-start=\"326\" data-end=\"341\">V\u00eddeo\u00a0 \u25b6\ufe0f Clique aqui<\/strong><\/a><\/h6>\n<h6><strong><span style=\"color: #ff0000;\">\u00a0 \u00a0 \u00a0 <span style=\"color: #0000ff;\">\u00a02. DEFINI\u00c7\u00c3O DO AMOR DE DEUS\u00a0 &#8211;<\/span>\u00a0 <\/span><\/strong><a href=\"https:\/\/deiadpa.com.br\/index.php\/noticias\/a-definicao-do-amor-de-deus\/\"><strong>Texto<\/strong> \ud83d\udc49 <strong data-start=\"326\" data-end=\"341\">Clique aqui<\/strong><\/a><strong data-start=\"326\" data-end=\"341\">\u00a0 \u00a0 \u00a0 \u00a0 \u00a0|\u00a0 \u00a0 \u00a0 \u00a0<\/strong><a href=\"https:\/\/deiadpa.com.br\/index.php\/noticias\/a-definicao-do-amor-de-deus\/\"><strong data-start=\"326\" data-end=\"341\">V\u00eddeo\u00a0 \u25b6\ufe0f Clique aqui<\/strong><\/a><\/h6>\n<h6><span style=\"color: #ff0000;\"><strong>\u00a0<span style=\"color: #0000ff;\"> \u00a0 \u00a0 \u00a03. O AMOR DE DEUS \u00c9 MANDAMENTO\u00a0 &#8211;<\/span>\u00a0 <\/strong><\/span><a href=\"https:\/\/deiadpa.com.br\/index.php\/noticias\/o-amor-de-deus-e-um-mandamento\/\"><strong>Texto<\/strong> \ud83d\udc49 <strong data-start=\"326\" data-end=\"341\">Clique aqui<\/strong><\/a><strong data-start=\"326\" data-end=\"341\">\u00a0 \u00a0 \u00a0 \u00a0 \u00a0|\u00a0 \u00a0 \u00a0 \u00a0<\/strong><a href=\"https:\/\/deiadpa.com.br\/index.php\/noticias\/o-amor-de-deus-e-um-mandamento\/\"><strong data-start=\"326\" data-end=\"341\">V\u00eddeo\u00a0 \u25b6\ufe0f Clique aqui<\/strong><\/a><\/h6>\n<h6><strong><span style=\"color: #ff0000;\">\u00a0 \u00a0 \u00a0<span style=\"color: #0000ff;\"> \u00a04. O AMOR DE DEUS \u00c9 <\/span><\/span><\/strong><span style=\"color: #ff0000;\"><strong><span style=\"color: #0000ff;\">JUSTI\u00c7A E MISERIC\u00d3RDIA\u00a0 <\/span><\/strong><\/span><strong><span style=\"color: #ff0000;\"><span style=\"color: #0000ff;\">&#8211;<\/span>\u00a0 <\/span><\/strong><a href=\"https:\/\/deiadpa.com.br\/index.php\/4-o-amor-de-deus-a-justica-e-a-misericordia\/\"><strong>Texto<\/strong>\ud83d\udc49<strong data-start=\"326\" data-end=\"341\">Clique aqui<\/strong><\/a><strong data-start=\"326\" data-end=\"341\">\u00a0 \u00a0 \u00a0|\u00a0 \u00a0 <\/strong><a href=\"https:\/\/deiadpa.com.br\/index.php\/4-o-amor-de-deus-a-justica-e-a-misericordia\/\"><strong data-start=\"326\" data-end=\"341\">V\u00eddeo\u00a0 \u25b6\ufe0f Clique aqui<\/strong><\/a><\/h6>\n<h6><strong><span style=\"color: #ff0000;\">\u00a0 \u00a0 \u00a0<span style=\"color: #0000ff;\">\u00a0 5. A MANIFESTA\u00c7\u00c3O DO AMOR INCONDICIONAL DE DEUS<\/span><\/span><\/strong><span style=\"color: #ff0000;\"><strong><span style=\"color: #0000ff;\">\u00a0\u00a0<\/span><\/strong><\/span><strong><span style=\"color: #ff0000;\"><span style=\"color: #0000ff;\">&#8211;<\/span>\u00a0 <\/span><\/strong><a href=\"https:\/\/deiadpa.com.br\/index.php\/noticias\/5-a-manifestacao-do-amor-incondicional-de-deus\/\"><strong>Text<\/strong>o \ud83d\udc49 <strong data-start=\"326\" data-end=\"341\">Clique aqui<\/strong><\/a><strong data-start=\"326\" data-end=\"341\">\u00a0 \u00a0 \u00a0 \u00a0 \u00a0|\u00a0 \u00a0 \u00a0 \u00a0<\/strong><a href=\"https:\/\/deiadpa.com.br\/index.php\/noticias\/5-a-manifestacao-do-amor-incondicional-de-deus\/\"><strong data-start=\"326\" data-end=\"341\">V\u00eddeo\u00a0 \u25b6\ufe0f Clique aqui<\/strong><\/a><\/h6>\n<p>&nbsp;<\/p>\n<p><strong>III- CAP\u00cdTULO 2 &#8211; O PECADO E AS SUAS CONSEQU\u00caNCIAS<\/strong><\/p>\n<h6><span style=\"color: #ff0000;\"><strong>\u00a0 \u00a0 \u00a0 \u00a0<span style=\"color: #0000ff;\">6. O PECADO E A SEPARA\u00c7\u00c3O ENTRE DEUS E A HUMANIDADE &#8211; <\/span><\/strong><\/span>\u00a0 <a href=\"https:\/\/deiadpa.com.br\/index.php\/quero-saber-mais-sobre-deus\/6-o-pecado-e-a-separacao-entre-deus-e-a-humanidade\/\"><strong>Texto<\/strong> \ud83d\udc49 <strong data-start=\"326\" data-end=\"341\">Clique aqui<\/strong><\/a><strong data-start=\"326\" data-end=\"341\">\u00a0 \u00a0 \u00a0 \u00a0 \u00a0|\u00a0 \u00a0 \u00a0 <a href=\"https:\/\/deiadpa.com.br\/index.php\/quero-saber-mais-sobre-deus\/6-o-pecado-e-a-separacao-entre-deus-e-a-humanidade\/\">\u00a0<\/a><\/strong><strong data-start=\"326\" data-end=\"341\">V\u00eddeo\u00a0 \u25b6\ufe0f Clique aqui<\/strong><\/h6>\n<h6><strong><span style=\"color: #ff0000;\">\u00a0 \u00a0 \u00a0 <span style=\"color: #0000ff;\">\u00a07. O PECADO NOSSO MAIOR INIMIGO &#8211;<\/span>\u00a0 <\/span><\/strong><a href=\"https:\/\/deiadpa.com.br\/index.php\/quero-saber-mais-sobre-deus\/7-o-pecado-nosso-maior-inimigo\/\"><strong>Texto<\/strong> \ud83d\udc49 <strong data-start=\"326\" data-end=\"341\">Clique aqui<\/strong><\/a><strong data-start=\"326\" data-end=\"341\">\u00a0 \u00a0 \u00a0 \u00a0 \u00a0|\u00a0 \u00a0 \u00a0 \u00a0<\/strong><a href=\"https:\/\/deiadpa.com.br\/index.php\/quero-saber-mais-sobre-deus\/7-o-pecado-nosso-maior-inimigo\/\"><strong data-start=\"326\" data-end=\"341\">V\u00eddeo\u00a0 \u25b6\ufe0f Clique aqui<\/strong><\/a><\/h6>\n<h6><strong><span style=\"color: #ff0000;\">\u00a0 \u00a0 \u00a0 <span style=\"color: #0000ff;\">\u00a08. O PECADO E A ESCRAVID\u00c3O HUMANA &#8211;<\/span>\u00a0 <\/span><\/strong><a href=\"https:\/\/deiadpa.com.br\/index.php\/quero-saber-mais-sobre-deus\/8-o-pecado-e-a-escravidao-humana\/\"><strong>Texto<\/strong> \ud83d\udc49 <strong data-start=\"326\" data-end=\"341\">Clique aqui<\/strong><\/a><strong data-start=\"326\" data-end=\"341\">\u00a0 \u00a0 \u00a0 \u00a0 \u00a0|\u00a0 \u00a0 \u00a0 \u00a0<\/strong><a href=\"https:\/\/deiadpa.com.br\/index.php\/quero-saber-mais-sobre-deus\/8-o-pecado-e-a-escravidao-humana\/\"><strong data-start=\"326\" data-end=\"341\">V\u00eddeo\u00a0 \u25b6\ufe0f Clique aqui<\/strong><\/a><\/h6>\n<h6><span style=\"color: #ff0000;\"><strong>\u00a0 \u00a0 \u00a0 <span style=\"color: #0000ff;\">9. O PECADO COM HERAN\u00c7A GEN\u00c9TICA ESPIRITUAL &#8211; <\/span><\/strong><\/span>\u00a0 Em breve <strong>Texto<\/strong> \ud83d\udc49 <strong data-start=\"326\" data-end=\"341\">Clique aqui<\/strong><strong data-start=\"326\" data-end=\"341\">\u00a0 \u00a0 \u00a0 \u00a0 \u00a0|\u00a0 \u00a0 \u00a0 <a href=\"https:\/\/deiadpa.com.br\/index.php\/quero-saber-mais-sobre-deus\/6-o-pecado-e-a-separacao-entre-deus-e-a-humanidade\/\">\u00a0<\/a><\/strong><strong data-start=\"326\" data-end=\"341\">V\u00eddeo\u00a0 \u25b6\ufe0f Clique aqui<\/strong><\/h6>\n<h6><strong><span style=\"color: #ff0000;\">\u00a0 \u00a0 \u00a0 <span style=\"color: #0000ff;\">\u00a010. AS OBRAS DO PECADO &#8211;<\/span>\u00a0 <span style=\"color: #000000;\">Em breve <\/span><\/span><\/strong><span style=\"color: #000000;\"><strong>Texto<\/strong><\/span> \ud83d\udc49 <strong data-start=\"326\" data-end=\"341\">Clique aqui<\/strong><strong data-start=\"326\" data-end=\"341\">\u00a0 \u00a0 \u00a0 \u00a0 \u00a0|\u00a0 \u00a0 \u00a0 \u00a0<\/strong><strong data-start=\"326\" data-end=\"341\">V\u00eddeo\u00a0 \u25b6\ufe0f Clique aqui<\/strong><\/h6>\n<h6><strong><span style=\"color: #ff0000;\">\u00a0 \u00a0 \u00a0 <span style=\"color: #0000ff;\">\u00a011. A SENTE\u00c7A DO PECADO &#8211;<\/span>\u00a0 <span style=\"color: #000000;\">Em breve<\/span> <\/span><\/strong><strong>Texto<\/strong> \ud83d\udc49 <strong data-start=\"326\" data-end=\"341\">Clique aqui<\/strong><strong data-start=\"326\" data-end=\"341\">\u00a0 \u00a0 \u00a0 \u00a0 \u00a0|\u00a0 \u00a0 \u00a0 \u00a0<\/strong><strong data-start=\"326\" data-end=\"341\">V\u00eddeo\u00a0 \u25b6\ufe0f Clique aqui<\/strong><\/h6>\n<p>&nbsp;<\/p>\n<p><strong>IV- CAP\u00cdTULO 3 &#8211; JEUS &#8211; A RESPOSTA DE DEUS PARA SALVAR A HUMANIDADE<\/strong><\/p>\n<h6><span style=\"color: #ff0000;\"><strong>\u00a0 \u00a0 \u00a0 \u00a0<span style=\"color: #0000ff;\">12. JESUS &#8211; <\/span><\/strong><\/span>\u00a0 Em breve <strong>Texto<\/strong> \ud83d\udc49 <strong data-start=\"326\" data-end=\"341\">Clique aqui<\/strong><strong data-start=\"326\" data-end=\"341\">\u00a0 \u00a0 \u00a0 \u00a0 \u00a0|\u00a0 \u00a0 \u00a0 <a href=\"https:\/\/deiadpa.com.br\/index.php\/quero-saber-mais-sobre-deus\/6-o-pecado-e-a-separacao-entre-deus-e-a-humanidade\/\">\u00a0<\/a><\/strong><strong data-start=\"326\" data-end=\"341\">V\u00eddeo\u00a0 \u25b6\ufe0f Clique aqui<\/strong><\/h6>\n<h6><strong><span style=\"color: #ff0000;\">\u00a0 \u00a0 \u00a0 <span style=\"color: #0000ff;\">\u00a013. JESUS &#8211;<\/span>\u00a0 <span style=\"color: #000000;\">Em breve<\/span> <\/span><\/strong><strong>Texto<\/strong> \ud83d\udc49 <strong data-start=\"326\" data-end=\"341\">Clique aqui<\/strong><strong data-start=\"326\" data-end=\"341\">\u00a0 \u00a0 \u00a0 \u00a0 \u00a0|\u00a0 \u00a0 \u00a0 \u00a0<\/strong><strong data-start=\"326\" data-end=\"341\">V\u00eddeo\u00a0 \u25b6\ufe0f Clique aqui<\/strong><\/h6>\n<h6><strong><span style=\"color: #ff0000;\">\u00a0 \u00a0 \u00a0 <span style=\"color: #0000ff;\">\u00a014. JESUS &#8211;<\/span>\u00a0<span style=\"color: #000000;\"> Em breve <\/span><\/span><\/strong><strong><span style=\"color: #000000;\">T<\/span>exto<\/strong> \ud83d\udc49 <strong data-start=\"326\" data-end=\"341\">Clique aqui<\/strong><strong data-start=\"326\" data-end=\"341\">\u00a0 \u00a0 \u00a0 \u00a0 \u00a0|\u00a0 \u00a0 \u00a0 \u00a0<\/strong><strong data-start=\"326\" data-end=\"341\">V\u00eddeo\u00a0 \u25b6\ufe0f Clique aqui<\/strong><\/h6>\n","protected":false},"excerpt":{"rendered":"<p>Seja bem vindo ao programa completo do estudo &#8220;Conhecendo a Deus&#8221;, organizado por cap\u00edtulos e temas. Para iniciar, basta escolher o cap\u00edtulo desejado e clicar [&#8230;]<\/p>\n","protected":false},"author":1,"featured_media":0,"parent":75,"menu_order":0,"comment_status":"closed","ping_status":"closed","template":"","meta":{"footnotes":""},"_links":{"self":[{"href":"https:\/\/deiadpa.com.br\/index.php\/wp-json\/wp\/v2\/pages\/946"}],"collection":[{"href":"https:\/\/deiadpa.com.br\/index.php\/wp-json\/wp\/v2\/pages"}],"about":[{"href":"https:\/\/deiadpa.com.br\/index.php\/wp-json\/wp\/v2\/types\/page"}],"author":[{"embeddable":true,"href":"https:\/\/deiadpa.com.br\/index.php\/wp-json\/wp\/v2\/users\/1"}],"replies":[{"embeddable":true,"href":"https:\/\/deiadpa.com.br\/index.php\/wp-json\/wp\/v2\/comments?post=946"}],"version-history":[{"count":33,"href":"https:\/\/deiadpa.com.br\/index.php\/wp-json\/wp\/v2\/pages\/946\/revisions"}],"predecessor-version":[{"id":1066,"href":"https:\/\/deiadpa.com.br\/index.php\/wp-json\/wp\/v2\/pages\/946\/revisions\/1066"}],"up":[{"embeddable":true,"href":"https:\/\/deiadpa.com.br\/index.php\/wp-json\/wp\/v2\/pages\/75"}],"wp:attachment":[{"href":"https:\/\/deiadpa.com.br\/index.php\/wp-json\/wp\/v2\/media?parent=946"}],"curies":[{"name":"wp","href":"https:\/\/api.w.org\/{rel}","templated":true}]}}