{"id":937,"date":"2026-01-27T17:55:14","date_gmt":"2026-01-27T20:55:14","guid":{"rendered":"https:\/\/deiadpa.com.br\/?page_id=937"},"modified":"2026-02-16T10:38:30","modified_gmt":"2026-02-16T13:38:30","slug":"introducao","status":"publish","type":"page","link":"https:\/\/deiadpa.com.br\/index.php\/quero-saber-mais-sobre-deus\/introducao\/","title":{"rendered":"INTRODU\u00c7\u00c3O"},"content":{"rendered":"<p>Um dos maiores e mais graves problemas da humanidade \u00e9 n\u00e3o conhecer a Deus, nem a sua Palavra e nem o seu poder. A pr\u00f3pria B\u00edblia registra o protesto de Deus diante dessa realidade, quando Ele declara que o seu povo \u00e9 destru\u00eddo por falta de conhecimento.<\/p>\n<p>No livro do profeta Os\u00e9ias, o Senhor adverte de forma clara e direta: <em>\u201cO meu povo \u00e9 destru\u00eddo porque lhe falta conhecimento\u201d<\/em> <em>(<a href=\"https:\/\/www.bibliaonline.com.br\/acf\/os\/4\/6\">Os\u00e9ias 4:6<\/a>)<\/em><\/p>\n<p>Essa declara\u00e7\u00e3o revela as s\u00e9rias consequ\u00eancias da ignor\u00e2ncia espiritual e do afastamento de Deus e de Sua Lei, que resultam em destrui\u00e7\u00e3o espiritual, moral e relacional. A falta de conhecimento acerca de Deus n\u00e3o \u00e9 algo neutro; ela gera perdas profundas na vida do ser humano.<\/p>\n<p>O pr\u00f3prio Jesus refor\u00e7a esse alerta ao dizer: <strong>\u201c<\/strong><em>Errais, n\u00e3o conhecendo as Escrituras nem o poder de Deus\u201d<\/em> <em>(<a href=\"https:\/\/www.bibliaonline.com.br\/acf\/mt\/22\/29\">Mateus 22:29<\/a>)<\/em><\/p>\n<p>Ou seja, o erro, o engano e o afastamento da verdade t\u00eam origem no desconhecimento da Palavra de Deus e da manifesta\u00e7\u00e3o do Seu poder.<\/p>\n<p>\u00c9 importante compreender que o ser humano n\u00e3o erra sozinho. A B\u00edblia revela claramente a atua\u00e7\u00e3o diab\u00f3lica de Satan\u00e1s para manter as pessoas na ignor\u00e2ncia e na escurid\u00e3o espiritual. O ap\u00f3stolo Paulo afirma: <strong>\u201c<\/strong><em>Nos quais o deus deste s\u00e9culo cegou o entendimento dos incr\u00e9dulos<\/em><strong>\u201d <\/strong><em>(<a href=\"https:\/\/www.bibliaonline.com.br\/acf\/2co\/4\/4\">2 Cor\u00edntios 4:4<\/a>)<\/em><\/p>\n<p>Jesus tamb\u00e9m ensinou que uma das obras de Satan\u00e1s \u00e9 roubar a Palavra rec\u00e9m semeada nos cora\u00e7\u00f5es, justamente para impedir que as pessoas creiam e sejam salvas. Isso nos \u00e9 revelado na par\u00e1bola do semeador <em>(<a href=\"https:\/\/www.bibliaonline.com.br\/acf\/mc\/4\/15\">Marcos 4:15<\/a>)<\/em>. Al\u00e9m disso, Jesus afirma que o diabo \u00e9 o pai da mentira e da incredulidade <em>(<a href=\"https:\/\/www.bibliaonline.com.br\/acf\/jo\/8\/44-45\">Jo\u00e3o 8:44\u201345<\/a>)<\/em>, fazendo de tudo para desviar a humanidade da verdade de Deus.<\/p>\n<p>Por outro lado, vemos hoje muitas opini\u00f5es formadas sobre a B\u00edblia por pessoas que nunca a leram, nem sequer um cap\u00edtulo inteiro das Escrituras. Outros afirmam coisas sobre Deus e sobre a B\u00edblia que demonstram claramente que ou n\u00e3o compreenderam o texto b\u00edblico, ou, por maldade, distorcem as Escrituras para conduzir outros ao erro. Sem falar em filmes, livros e s\u00e9ries que tratam do fim do mundo, do apocalipse, de cat\u00e1strofes, geleiras e destrui\u00e7\u00f5es, mas que se afastam completamente daquilo que est\u00e1 revelado nas profecias b\u00edblicas.<\/p>\n<p>Diante disso, convidamos voc\u00ea a participar desta pequena maratona b\u00edblica oferecida de forma totalmente gratuita e com o prop\u00f3sito de apresentar o Deus eterno revelado nas Escrituras Sagradas, o Criador dos c\u00e9us e da terra. Nosso objetivo \u00e9 revelar o seu plano para a humanidade e para a sua vida, al\u00e9m de capacit\u00e1-lo a identificar aquilo que est\u00e1 de acordo com as verdades fundamentais da Palavra de Deus, bem como reconhecer, desde o in\u00edcio, aquilo que se afasta das revela\u00e7\u00f5es b\u00edblicas.<\/p>\n<p>Por isso, convidamos voc\u00ea, a partir de agora, a caminhar conosco neste estudo, iniciando pela primeira li\u00e7\u00e3o: O Amor de Deus.<\/p>\n<p>Que este seja apenas o come\u00e7o de uma jornada de conhecimento, f\u00e9 e transforma\u00e7\u00e3o.<\/p>\n<p>Seja muito bem-vindo.<\/p>\n<p><strong>\u00a0<\/strong><\/p>\n<p><strong>\u00a0<\/strong><strong>\ud83d\udcd6<\/strong><strong> Leitura b\u00edblica auxiliares para medita\u00e7\u00e3o<\/strong><\/p>\n<p>Recomendamos a leitura e o estudo dos textos indicados abaixo para aprofundar o entendimento e fortalecer o conhecimento das verdades fundamentais da f\u00e9 crist\u00e3.<\/p>\n<p>\ud83d\udd39 1. A import\u00e2ncia de conhecer a Deus, Sua Palavra e Seu poder<\/p>\n<p><a href=\"https:\/\/www.bibliaonline.com.br\/acf\/os\/4\/6\"><strong>Os\u00e9ias 4:6<\/strong><\/a> \u2013 \u201cO meu povo \u00e9 destru\u00eddo porque lhe falta conhecimento.\u201d<\/p>\n<p><a href=\"https:\/\/www.bibliaonline.com.br\/acf\/jr\/9\/23-24\"><strong>Jeremias 9:23\u201324<\/strong><\/a> \u2013 Gloriar-se em conhecer e entender quem Deus \u00e9.<\/p>\n<p><a href=\"https:\/\/www.bibliaonline.com.br\/acf\/pv\/1\/7\"><strong>Prov\u00e9rbios 1:7<\/strong><\/a> \u2013 \u201cO temor do Senhor \u00e9 o princ\u00edpio do conhecimento.\u201d<\/p>\n<p><a href=\"https:\/\/www.bibliaonline.com.br\/acf\/dn\/11\/32\"><strong>Daniel 11:32b<\/strong><\/a> \u2013 \u201cO povo que conhece ao seu Deus se tornar\u00e1 forte.\u201d<\/p>\n<p>\ud83d\udd39 2. O erro como consequ\u00eancia do desconhecimento espiritual<\/p>\n<p><a href=\"https:\/\/www.bibliaonline.com.br\/acf\/mt\/22\/29\"><strong>Mateus 22:29<\/strong><\/a> \u2013 \u201cErrais, n\u00e3o conhecendo as Escrituras nem o poder de Deus.\u201d<\/p>\n<p><a href=\"https:\/\/www.bibliaonline.com.br\/acf\/rm\/10\/2-3\"><strong>Romanos 10:2\u20133<\/strong><\/a> \u2013 Zelo religioso sem entendimento correto.<\/p>\n<p><a href=\"https:\/\/www.bibliaonline.com.br\/acf\/ef\/4\/17-18\"><strong>Ef\u00e9sios 4:17\u201318<\/strong><\/a> \u2013 Entendimento obscurecido e separa\u00e7\u00e3o da vida de Deus.<\/p>\n<p>\ud83d\udd39 3. A atua\u00e7\u00e3o espiritual do mal na cegueira e ignor\u00e2ncia humana<\/p>\n<p><a href=\"https:\/\/www.bibliaonline.com.br\/acf\/2co\/4\/4\"><strong>2 Cor\u00edntios 4:4<\/strong><\/a> \u2013 O deus deste s\u00e9culo cegando o entendimento dos incr\u00e9dulos.<\/p>\n<p><a href=\"https:\/\/www.bibliaonline.com.br\/acf\/ef\/6\/12\"><strong>Ef\u00e9sios 6:12<\/strong><\/a> \u2013 A luta espiritual al\u00e9m da esfera humana.<\/p>\n<p><a href=\"https:\/\/www.bibliaonline.com.br\/acf\/1pe\/5\/8\"><strong>1 Pedro 5:8<\/strong><\/a> \u2013 O inimigo como advers\u00e1rio que busca destruir.<\/p>\n<p>\ud83d\udd39 4. O roubo da Palavra e o impedimento da f\u00e9 salvadora<\/p>\n<p><a href=\"https:\/\/www.bibliaonline.com.br\/acf\/mr\/4\/15\"><strong>Marcos 4:15<\/strong> <\/a>\u2013 Satan\u00e1s roubando a Palavra semeada no cora\u00e7\u00e3o.<\/p>\n<p><a href=\"https:\/\/www.bibliaonline.com.br\/acf\/lc\/8\/12\"><strong>Lucas 8:12<\/strong><\/a> \u2013 Para que n\u00e3o creiam e n\u00e3o sejam salvos.<\/p>\n<p><a href=\"https:\/\/www.bibliaonline.com.br\/acf\/rm\/10\/17\"><strong>Romanos 10:17<\/strong><\/a> \u2013 \u201cA f\u00e9 vem pelo ouvir, e o ouvir pela Palavra de Deus.\u201d<\/p>\n<p>\ud83d\udd39 5. Satan\u00e1s como pai da mentira e da incredulidade<\/p>\n<p><a href=\"https:\/\/www.bibliaonline.com.br\/ara\/jo\/8\/44-45\"><strong>Jo\u00e3o 8:44\u201345<\/strong><\/a> \u2013 O diabo como pai da mentira.<\/p>\n<p><a href=\"https:\/\/www.bibliaonline.com.br\/ara\/gn\/3\/1-5\"><strong>G\u00eanesis 3:1\u20135<\/strong><\/a> \u2013 A distor\u00e7\u00e3o da Palavra desde o princ\u00edpio.<\/p>\n<p><a href=\"https:\/\/www.bibliaonline.com.br\/ara\/1tm\/4\/1\"><strong>1 Tim\u00f3teo 4:1<\/strong><\/a> \u2013 Esp\u00edritos enganadores e doutrinas de dem\u00f4nios.<\/p>\n<p>\ud83d\udd39 6. Distor\u00e7\u00f5es, falsas interpreta\u00e7\u00f5es e ignor\u00e2ncia das Escrituras<\/p>\n<p><a href=\"https:\/\/www.bibliaonline.com.br\/ara\/mt\/15\/9\"><strong>Mateus 15:9<\/strong> <\/a>\u2013 Ensinamentos humanos como doutrina.<\/p>\n<p><a href=\"https:\/\/www.bibliaonline.com.br\/ara\/2pe\/3\/16\"><strong>2 Pedro 3:16<\/strong> <\/a>\u2013 Escrituras distorcidas para perdi\u00e7\u00e3o.<\/p>\n<p><a href=\"https:\/\/www.bibliaonline.com.br\/ara\/is\/29\/13\"><strong>Isa\u00edas 29:13<\/strong><\/a> \u2013 Religi\u00e3o de apar\u00eancia sem conhecimento real de Deus.<\/p>\n<p>\ud83d\udd39 7. Falsas narrativas sobre o fim dos tempos e afastamento da verdade b\u00edblica<\/p>\n<p><a href=\"https:\/\/www.bibliaonline.com.br\/ara\/mt\/24\/4-5\"><strong>Mateus 24:4\u20135<\/strong><\/a> \u2013 \u201cVede que ningu\u00e9m vos engane.\u201d<\/p>\n<p><a href=\"https:\/\/www.bibliaonline.com.br\/ara\/2ts\/2\/9-12\"><strong>2 Tessalonicenses 2:9\u201312<\/strong><\/a> \u2013 O engano operando com apar\u00eancia de verdade.<\/p>\n<p><a href=\"https:\/\/www.bibliaonline.com.br\/ara\/ap\/1\/3\"><strong>Apocalipse 1:3<\/strong><\/a> \u2013 Bem-aventuran\u00e7a para quem l\u00ea, ouve e guarda a profecia.<\/p>\n<p>\ud83d\udd39 8. O prop\u00f3sito do estudo b\u00edblico: conhecer o Deus verdadeiro<\/p>\n<p><a href=\"https:\/\/www.bibliaonline.com.br\/ara\/jo\/17\/3\"><strong>Jo\u00e3o 17:3 <\/strong><\/a>\u2013 \u201cA vida eterna \u00e9 esta: que te conhe\u00e7am a ti.\u201d<\/p>\n<p><a href=\"https:\/\/www.bibliaonline.com.br\/ara\/sl\/119\/130\"><strong>Salmos 119:130<\/strong><\/a> \u2013 A Palavra ilumina e concede entendimento.<\/p>\n<p><a href=\"https:\/\/www.bibliaonline.com.br\/ara\/cl\/1\/9-10\"><strong>Colossenses 1:9\u201310<\/strong><\/a> \u2013 Crescer no pleno conhecimento da vontade de Deus.<\/p>\n<p>\ud83d\udd39 9. Transforma\u00e7\u00e3o pela verdade da Palavra<\/p>\n<p><a href=\"https:\/\/www.bibliaonline.com.br\/ara\/jo\/8\/31-32\"><strong>Jo\u00e3o 8:31\u201332<\/strong> <\/a>\u2013 A verdade que liberta.<\/p>\n<p><a href=\"https:\/\/www.bibliaonline.com.br\/ara\/rm\/12\/2\"><strong>Romanos 12:2<\/strong> <\/a>\u2013 Transforma\u00e7\u00e3o pela renova\u00e7\u00e3o da mente.<\/p>\n<p><a href=\"https:\/\/www.bibliaonline.com.br\/ara\/sl\/119\/105\"><strong>Salmos 119:105<\/strong> <\/a>\u2013 A Palavra como l\u00e2mpada para o caminho.<\/p>\n<p>\ud83d\udd39 10. O in\u00edcio da jornada: conhecer o amor de Deus<\/p>\n<p><a href=\"https:\/\/www.bibliaonline.com.br\/ara\/1jo\/4\/8\"><strong>1 Jo\u00e3o 4:8<\/strong> <\/a>\u2013 \u201cDeus \u00e9 amor.\u201d<\/p>\n<p><a href=\"https:\/\/www.bibliaonline.com.br\/ara\/rm\/5\/8\"><strong>Romanos 5:8<\/strong><\/a> \u2013 O amor de Deus revelado em Cristo.<\/p>\n<p><strong><a href=\"https:\/\/www.bibliaonline.com.br\/ara\/jo\/3\/16\">Jo\u00e3o 3:16<\/a> <\/strong>\u2013 O plano de salva\u00e7\u00e3o como express\u00e3o m\u00e1xima do amor de Deus.<\/p>\n<p><a href=\"https:\/\/deiadpa.com.br\/index.php\/noticias\/1-o-amor-de-deus\/\"><img loading=\"lazy\" decoding=\"async\" class=\"wp-image-981 alignnone\" src=\"http:\/\/deiadpa.com.br\/wp-content\/uploads\/2026\/01\/Proxima-aula.png\" alt=\"\" width=\"128\" height=\"54\" \/><\/a><\/p>\n<p>___________________________________________________<\/p>\n<p>Ev. Ronaldo Santos<\/p>\n<p>&nbsp;<\/p>\n","protected":false},"excerpt":{"rendered":"<p>Um dos maiores e mais graves problemas da humanidade \u00e9 n\u00e3o conhecer a Deus, nem a sua Palavra e nem o seu poder. A pr\u00f3pria [&#8230;]<\/p>\n","protected":false},"author":1,"featured_media":0,"parent":75,"menu_order":0,"comment_status":"closed","ping_status":"closed","template":"","meta":{"footnotes":""},"_links":{"self":[{"href":"https:\/\/deiadpa.com.br\/index.php\/wp-json\/wp\/v2\/pages\/937"}],"collection":[{"href":"https:\/\/deiadpa.com.br\/index.php\/wp-json\/wp\/v2\/pages"}],"about":[{"href":"https:\/\/deiadpa.com.br\/index.php\/wp-json\/wp\/v2\/types\/page"}],"author":[{"embeddable":true,"href":"https:\/\/deiadpa.com.br\/index.php\/wp-json\/wp\/v2\/users\/1"}],"replies":[{"embeddable":true,"href":"https:\/\/deiadpa.com.br\/index.php\/wp-json\/wp\/v2\/comments?post=937"}],"version-history":[{"count":12,"href":"https:\/\/deiadpa.com.br\/index.php\/wp-json\/wp\/v2\/pages\/937\/revisions"}],"predecessor-version":[{"id":1034,"href":"https:\/\/deiadpa.com.br\/index.php\/wp-json\/wp\/v2\/pages\/937\/revisions\/1034"}],"up":[{"embeddable":true,"href":"https:\/\/deiadpa.com.br\/index.php\/wp-json\/wp\/v2\/pages\/75"}],"wp:attachment":[{"href":"https:\/\/deiadpa.com.br\/index.php\/wp-json\/wp\/v2\/media?parent=937"}],"curies":[{"name":"wp","href":"https:\/\/api.w.org\/{rel}","templated":true}]}}