{"id":75,"date":"2022-04-13T23:50:55","date_gmt":"2022-04-14T02:50:55","guid":{"rendered":"http:\/\/deiadpa.com.br\/?page_id=75"},"modified":"2026-02-16T15:08:50","modified_gmt":"2026-02-16T18:08:50","slug":"quero-saber-mais-sobre-deus","status":"publish","type":"page","link":"https:\/\/deiadpa.com.br\/index.php\/quero-saber-mais-sobre-deus\/","title":{"rendered":"QUERO SABER MAIS SOBRE DEUS"},"content":{"rendered":"<header class=\"page-header entry-header\">\n<p data-start=\"271\" data-end=\"490\">Seja muito bem-vindo a esta p\u00e1gina de estudos b\u00edblicos do departamento de integra\u00e7\u00e3o da Igreja Assembleia de Deus de Porto Alegre.<\/p>\n<p>Aqui voc\u00ea encontrar\u00e1 um programa completo de estudos b\u00edblicos com os principais temas da f\u00e9 crist\u00e3, organizado de forma simples, resumida e din\u00e2mica.<\/p>\n<p data-start=\"214\" data-end=\"372\">Para iniciar, basta escolher o cap\u00edtulo desejado no programa completo e clicar no link correspondente, podendo optar pelo formato em texto ou pela videoaula, conforme sua prefer\u00eancia. Ou escolher o estudo dirigido indicado pelo link &#8220;Primeiros Passos &#8211; Conhecendo Deus&#8221;.<\/p>\n<p data-start=\"374\" data-end=\"757\">No formato de texto, o estudo possui uma abordagem mais explicativa e te\u00f3rica, trazendo conte\u00fados aprofundados e fundamentados em vers\u00edculos-chave da B\u00edblia.<\/p>\n<p data-start=\"374\" data-end=\"757\">J\u00e1 no formato de videoaula, dispon\u00edvel em link do YouTube, o estudo apresenta explica\u00e7\u00f5es mais objetivas e resumidas, sem perder a riqueza e a profundidade do conte\u00fado proposto, onde voc\u00ea poder\u00e1 escutar em formato de podcast em quanto faz outra atividade. Nessa modalidade, o estudo possui ainda a vantagem de prosseguir o estudo, avan\u00e7ando o pr\u00f3ximo tema de forma autom\u00e1tica.<\/p>\n<p>Por isso, n\u00e3o perca mais tempo. Clique agora no link abaixo de sua prefer\u00eancia e d\u00ea os primeiros passos para conhecer o <strong>Deus da B\u00edblia<\/strong>.<\/p>\n<p>Que Deus aben\u00e7oe a sua jornada!<\/p>\n<p>&nbsp;<\/p>\n<h3 data-start=\"1855\" data-end=\"1900\"><span style=\"color: #ff0000;\"><strong data-start=\"1859\" data-end=\"1898\">Op\u00e7\u00e3o 1 &#8211; Primeiros Passos &#8211; &#8220;Conhecendo a Deus&#8221;<\/strong><\/span><\/h3>\n<p>Acesse por aqui o estudo guiado, com um programa especialmente preparado para iniciantes, li\u00e7\u00e3o por li\u00e7\u00e3o, clicando no link abaixo:<\/p>\n<p><strong>\u00a0 \u00a0 \u00a0 \u2013 Quero o estudo sugerido na vers\u00e3o de <\/strong>\u00a0\u00a0<a href=\"https:\/\/deiadpa.com.br\/index.php\/noticias\/introducao\/\"><strong>Texto<\/strong>\u00a0\ud83d\udc49\u00a0<strong data-start=\"326\" data-end=\"341\">Clique aqui<\/strong><\/a><strong data-start=\"326\" data-end=\"341\">\u00a0 \u00a0 \u00a0 \u00a0 \u00a0|\u00a0 \u00a0 &#8211; Vers\u00e3o de\u00a0 \u00a0<\/strong><a href=\"https:\/\/deiadpa.com.br\/index.php\/noticias\/introducao\/\"><strong data-start=\"326\" data-end=\"341\">V\u00eddeo\u00a0 \u25b6\ufe0f Clique aqui<\/strong><\/a><\/p>\n<\/header>\n<p>&nbsp;<\/p>\n<p>&nbsp;<\/p>\n<h3 data-start=\"1855\" data-end=\"1900\"><span style=\"color: #ff0000;\">\u00a0Op\u00e7\u00e3o 2 &#8211; <strong data-start=\"1859\" data-end=\"1898\">Programa Completo &#8211; &#8220;Conhecendo a Deus&#8221;<\/strong><\/span><\/h3>\n<p>Acesse por aqui o programa completo e escolha o assunto de seu interesse clicando no link abaixo:<\/p>\n<p><strong>\u00a0 \u00a0 \u00a0\u2013 Quero acessar o <\/strong><a href=\"https:\/\/deiadpa.com.br\/index.php\/noticias\/primeiros-passos-conhecendo-deus\/\"><strong>Programa completo e escolher o assunto<\/strong>\u00a0\ud83d\udc49\u00a0<strong data-start=\"326\" data-end=\"341\">Clique aqui<\/strong><\/a><\/p>\n<p>&nbsp;<\/p>\n<p>&nbsp;<\/p>\n","protected":false},"excerpt":{"rendered":"<p>Seja muito bem-vindo a esta p\u00e1gina de estudos b\u00edblicos do departamento de integra\u00e7\u00e3o da Igreja Assembleia de Deus de Porto Alegre. Aqui voc\u00ea encontrar\u00e1 um [&#8230;]<\/p>\n","protected":false},"author":1,"featured_media":0,"parent":0,"menu_order":0,"comment_status":"closed","ping_status":"closed","template":"","meta":{"footnotes":""},"_links":{"self":[{"href":"https:\/\/deiadpa.com.br\/index.php\/wp-json\/wp\/v2\/pages\/75"}],"collection":[{"href":"https:\/\/deiadpa.com.br\/index.php\/wp-json\/wp\/v2\/pages"}],"about":[{"href":"https:\/\/deiadpa.com.br\/index.php\/wp-json\/wp\/v2\/types\/page"}],"author":[{"embeddable":true,"href":"https:\/\/deiadpa.com.br\/index.php\/wp-json\/wp\/v2\/users\/1"}],"replies":[{"embeddable":true,"href":"https:\/\/deiadpa.com.br\/index.php\/wp-json\/wp\/v2\/comments?post=75"}],"version-history":[{"count":33,"href":"https:\/\/deiadpa.com.br\/index.php\/wp-json\/wp\/v2\/pages\/75\/revisions"}],"predecessor-version":[{"id":1038,"href":"https:\/\/deiadpa.com.br\/index.php\/wp-json\/wp\/v2\/pages\/75\/revisions\/1038"}],"wp:attachment":[{"href":"https:\/\/deiadpa.com.br\/index.php\/wp-json\/wp\/v2\/media?parent=75"}],"curies":[{"name":"wp","href":"https:\/\/api.w.org\/{rel}","templated":true}]}}