{"id":735,"date":"2025-12-02T17:57:06","date_gmt":"2025-12-02T20:57:06","guid":{"rendered":"https:\/\/deiadpa.com.br\/?page_id=735"},"modified":"2025-12-10T19:22:51","modified_gmt":"2025-12-10T22:22:51","slug":"igrejas-na-regiao-arquipelago","status":"publish","type":"page","link":"https:\/\/deiadpa.com.br\/index.php\/nossa-igreja\/igrejas-de-bairros\/igrejas-na-regiao-arquipelago\/","title":{"rendered":"Igrejas na Regi\u00e3o Arquip\u00e9lago"},"content":{"rendered":"<table style=\"height: 569px;\" width=\"850\">\n<tbody>\n<tr>\n<td width=\"142\">\n<h2 style=\"text-align: center;\"><span style=\"color: #0000ff;\">BAIRRO<\/span><\/h2>\n<\/td>\n<td width=\"104\">\n<h2 style=\"text-align: center;\"><span style=\"color: #0000ff;\">IGREJA<\/span><\/h2>\n<\/td>\n<td width=\"151\">\n<h2 style=\"text-align: center;\"><span style=\"color: #0000ff;\">ENDERE\u00c7O<\/span><\/h2>\n<\/td>\n<td width=\"170\">\n<h2><span style=\"color: #0000ff;\">CLIQUE PARA VER<\/span><\/h2>\n<\/td>\n<\/tr>\n<tr>\n<td width=\"142\">\n<p style=\"text-align: center;\"><a href=\"https:\/\/maps.app.goo.gl\/Vkb7Qoqym1XXsGFB7\">Ilha das Flores<\/a><\/p>\n<\/td>\n<td style=\"text-align: center;\" width=\"104\">\n<p style=\"text-align: center;\"><a href=\"https:\/\/maps.app.goo.gl\/Vkb7Qoqym1XXsGFB7\">Distrito 35<\/a><\/p>\n<p style=\"text-align: center;\"><a href=\"https:\/\/maps.app.goo.gl\/Vkb7Qoqym1XXsGFB7\">Congrega\u00e7\u00e3o Sede<\/a><\/p>\n<p style=\"text-align: center;\"><a href=\"https:\/\/maps.app.goo.gl\/Vkb7Qoqym1XXsGFB7\">Ilha das Flores<\/a><\/p>\n<\/td>\n<td style=\"text-align: center;\" width=\"151\"><a href=\"https:\/\/maps.app.goo.gl\/Vkb7Qoqym1XXsGFB7\">Rua do Pescador &#8211; Arquip\u00e9lago, Porto Alegre &#8211; RS, 90090-170<\/a><\/td>\n<td style=\"text-align: center;\" width=\"170\"><a href=\"https:\/\/maps.app.goo.gl\/Vkb7Qoqym1XXsGFB7\"><img loading=\"lazy\" decoding=\"async\" class=\"alignnone wp-image-816\" src=\"http:\/\/deiadpa.com.br\/wp-content\/uploads\/2025\/12\/Ilha-das-Flores-300x267.png\" alt=\"\" width=\"195\" height=\"173\" srcset=\"https:\/\/deiadpa.com.br\/wp-content\/uploads\/2025\/12\/Ilha-das-Flores-300x267.png 300w, https:\/\/deiadpa.com.br\/wp-content\/uploads\/2025\/12\/Ilha-das-Flores.png 467w\" sizes=\"(max-width: 195px) 100vw, 195px\" \/><\/a><\/td>\n<\/tr>\n<tr>\n<td width=\"142\">\n<p style=\"text-align: center;\"><a href=\"https:\/\/maps.app.goo.gl\/ajkhXZwo9ESauoi66\">Ilha dos Marinheiros<\/a><\/p>\n<\/td>\n<td width=\"104\">\n<p style=\"text-align: center;\"><a href=\"https:\/\/maps.app.goo.gl\/ajkhXZwo9ESauoi66\">Distrito 59 Congrega\u00e7\u00e3o Sede\u00a0 \u00a0 Ilha dos Marinheiros<\/a><\/p>\n<\/td>\n<td style=\"text-align: center;\" width=\"151\"><a href=\"https:\/\/maps.app.goo.gl\/ajkhXZwo9ESauoi66\">2Q4H+89 Arquip\u00e9lago, Porto Alegre &#8211; RS<\/a><\/td>\n<td style=\"text-align: center;\" width=\"170\"><a href=\"https:\/\/maps.app.goo.gl\/ajkhXZwo9ESauoi66\"><img loading=\"lazy\" decoding=\"async\" class=\"alignnone wp-image-818\" src=\"http:\/\/deiadpa.com.br\/wp-content\/uploads\/2025\/12\/Ilha-dos-Marinheiros-300x233.png\" alt=\"\" width=\"199\" height=\"155\" srcset=\"https:\/\/deiadpa.com.br\/wp-content\/uploads\/2025\/12\/Ilha-dos-Marinheiros-300x233.png 300w, https:\/\/deiadpa.com.br\/wp-content\/uploads\/2025\/12\/Ilha-dos-Marinheiros-768x597.png 768w, https:\/\/deiadpa.com.br\/wp-content\/uploads\/2025\/12\/Ilha-dos-Marinheiros.png 1024w\" sizes=\"(max-width: 199px) 100vw, 199px\" \/><\/a><\/td>\n<\/tr>\n<tr>\n<td width=\"142\">\n<p style=\"text-align: center;\"><a href=\"https:\/\/maps.app.goo.gl\/VRArkFDiourv9SBq8\">Ilha da Pintada<\/a><\/p>\n<\/td>\n<td width=\"104\">\n<p style=\"text-align: center;\"><a href=\"https:\/\/maps.app.goo.gl\/VRArkFDiourv9SBq8\">Distrito 13\u00a0 Congrega\u00e7\u00e3o Sede\u00a0 \u00a0Ilha da Pintada<\/a><\/p>\n<\/td>\n<td style=\"text-align: center;\" width=\"151\"><a href=\"https:\/\/maps.app.goo.gl\/VRArkFDiourv9SBq8\">R. Osc\u00e1r Schmitt, 92 &#8211; Arquip\u00e9lago, Porto Alegre &#8211; RS, 90090-160<\/a><\/td>\n<td style=\"text-align: center;\" width=\"170\"><a href=\"https:\/\/maps.app.goo.gl\/VRArkFDiourv9SBq8\"><img loading=\"lazy\" decoding=\"async\" class=\"alignnone  wp-image-820\" src=\"http:\/\/deiadpa.com.br\/wp-content\/uploads\/2025\/12\/Ilha-da-Pintada.png\" alt=\"\" width=\"197\" height=\"142\" \/><\/a><\/td>\n<\/tr>\n<\/tbody>\n<\/table>\n","protected":false},"excerpt":{"rendered":"<p>BAIRRO IGREJA ENDERE\u00c7O CLIQUE PARA VER Ilha das Flores Distrito 35 Congrega\u00e7\u00e3o Sede Ilha das Flores Rua do Pescador &#8211; Arquip\u00e9lago, Porto Alegre &#8211; RS, [&#8230;]<\/p>\n","protected":false},"author":1,"featured_media":0,"parent":690,"menu_order":0,"comment_status":"closed","ping_status":"closed","template":"","meta":{"footnotes":""},"_links":{"self":[{"href":"https:\/\/deiadpa.com.br\/index.php\/wp-json\/wp\/v2\/pages\/735"}],"collection":[{"href":"https:\/\/deiadpa.com.br\/index.php\/wp-json\/wp\/v2\/pages"}],"about":[{"href":"https:\/\/deiadpa.com.br\/index.php\/wp-json\/wp\/v2\/types\/page"}],"author":[{"embeddable":true,"href":"https:\/\/deiadpa.com.br\/index.php\/wp-json\/wp\/v2\/users\/1"}],"replies":[{"embeddable":true,"href":"https:\/\/deiadpa.com.br\/index.php\/wp-json\/wp\/v2\/comments?post=735"}],"version-history":[{"count":7,"href":"https:\/\/deiadpa.com.br\/index.php\/wp-json\/wp\/v2\/pages\/735\/revisions"}],"predecessor-version":[{"id":821,"href":"https:\/\/deiadpa.com.br\/index.php\/wp-json\/wp\/v2\/pages\/735\/revisions\/821"}],"up":[{"embeddable":true,"href":"https:\/\/deiadpa.com.br\/index.php\/wp-json\/wp\/v2\/pages\/690"}],"wp:attachment":[{"href":"https:\/\/deiadpa.com.br\/index.php\/wp-json\/wp\/v2\/media?parent=735"}],"curies":[{"name":"wp","href":"https:\/\/api.w.org\/{rel}","templated":true}]}}