{"id":732,"date":"2025-12-02T17:55:42","date_gmt":"2025-12-02T20:55:42","guid":{"rendered":"https:\/\/deiadpa.com.br\/?page_id=732"},"modified":"2025-12-11T14:04:27","modified_gmt":"2025-12-11T17:04:27","slug":"igrejas-na-regiao-extremo-sul","status":"publish","type":"page","link":"https:\/\/deiadpa.com.br\/index.php\/nossa-igreja\/igrejas-de-bairros\/igrejas-na-regiao-extremo-sul\/","title":{"rendered":"Igrejas na Regi\u00e3o Extremo-Sul"},"content":{"rendered":"<table style=\"height: 1030px;\" width=\"877\">\n<tbody>\n<tr>\n<td width=\"142\">\n<h2 style=\"text-align: center;\"><span style=\"color: #0000ff;\">BAIRRO<\/span><\/h2>\n<\/td>\n<td style=\"text-align: center;\" width=\"103\">\n<h2><span style=\"color: #0000ff;\">IGREJA<\/span><\/h2>\n<\/td>\n<td style=\"text-align: center;\" width=\"151\">\n<h2><span style=\"color: #0000ff;\">ENDERE\u00c7O<\/span><\/h2>\n<\/td>\n<td width=\"170\">\n<h2 style=\"text-align: center;\"><span style=\"color: #0000ff;\">CLIQUE PARA VER<\/span><\/h2>\n<\/td>\n<\/tr>\n<tr>\n<td width=\"142\">\n<p style=\"text-align: center;\"><a href=\"https:\/\/maps.app.goo.gl\/th4663GE1feotrAq6\">Bel\u00e9m Novo<\/a><\/p>\n<\/td>\n<td style=\"text-align: center;\" rowspan=\"4\" width=\"103\"><a href=\"https:\/\/maps.app.goo.gl\/th4663GE1feotrAq6\">Distrito 42 Congrega\u00e7\u00e3o Sede Bel\u00e9m Novo<\/a><\/td>\n<td style=\"text-align: center;\" rowspan=\"4\" width=\"151\"><a href=\"https:\/\/maps.app.goo.gl\/th4663GE1feotrAq6\">Av. do Lami, 418 &#8211; Bel\u00e9m Novo, Porto Alegre &#8211; RS, 91780-118<\/a><\/td>\n<td style=\"text-align: center;\" rowspan=\"4\" width=\"170\"><a href=\"https:\/\/maps.app.goo.gl\/th4663GE1feotrAq6\"><img loading=\"lazy\" decoding=\"async\" class=\"alignnone wp-image-898\" src=\"http:\/\/deiadpa.com.br\/wp-content\/uploads\/2025\/12\/42.png\" alt=\"\" width=\"202\" height=\"153\" \/><\/a><\/td>\n<\/tr>\n<tr>\n<td width=\"142\">\n<p style=\"text-align: center;\"><a href=\"https:\/\/maps.app.goo.gl\/th4663GE1feotrAq6\">Lami<\/a><\/p>\n<\/td>\n<\/tr>\n<tr>\n<td width=\"142\">\n<p style=\"text-align: center;\"><a href=\"https:\/\/maps.app.goo.gl\/th4663GE1feotrAq6\">S\u00e3o Caetano<\/a><\/p>\n<\/td>\n<\/tr>\n<tr>\n<td width=\"142\">\n<p style=\"text-align: center;\"><a href=\"https:\/\/maps.app.goo.gl\/th4663GE1feotrAq6\">Lageado<\/a><\/p>\n<\/td>\n<\/tr>\n<tr>\n<td width=\"142\">\n<p style=\"text-align: center;\"><a href=\"http:\/\/Av. Juca Batista, 6483 - Ponta Grossa, Porto Alegre - RS, 91778-043\">Ponta Grossa<\/a><\/p>\n<\/td>\n<td style=\"text-align: center;\" rowspan=\"3\" width=\"103\"><a href=\"http:\/\/Av. Juca Batista, 6483 - Ponta Grossa, Porto Alegre - RS, 91778-043\">Distrito 38 Congrega\u00e7\u00e3o Sede Juca Batista<\/a><\/td>\n<td style=\"text-align: center;\" rowspan=\"3\" width=\"151\"><a href=\"http:\/\/Av. Juca Batista, 6483 - Ponta Grossa, Porto Alegre - RS, 91778-043\">Av. Juca Batista, 6483 &#8211; Ponta Grossa, Porto Alegre &#8211; RS, 91778-043<\/a><\/td>\n<td style=\"text-align: center;\" rowspan=\"3\" width=\"170\"><a href=\"http:\/\/Av. Juca Batista, 6483 - Ponta Grossa, Porto Alegre - RS, 91778-043\"><img loading=\"lazy\" decoding=\"async\" class=\"alignnone wp-image-900\" src=\"http:\/\/deiadpa.com.br\/wp-content\/uploads\/2025\/12\/38-300x231.png\" alt=\"\" width=\"200\" height=\"154\" srcset=\"https:\/\/deiadpa.com.br\/wp-content\/uploads\/2025\/12\/38-300x231.png 300w, https:\/\/deiadpa.com.br\/wp-content\/uploads\/2025\/12\/38.png 435w\" sizes=\"(max-width: 200px) 100vw, 200px\" \/><\/a><\/td>\n<\/tr>\n<tr>\n<td width=\"142\">\n<p style=\"text-align: center;\"><a href=\"http:\/\/Av. Juca Batista, 6483 - Ponta Grossa, Porto Alegre - RS, 91778-043\">Chap\u00e9u do Sol<\/a><\/p>\n<\/td>\n<\/tr>\n<tr>\n<td width=\"142\">\n<p style=\"text-align: center;\"><a href=\"http:\/\/Av. Juca Batista, 6483 - Ponta Grossa, Porto Alegre - RS, 91778-043\">H\u00edpica<\/a><\/p>\n<\/td>\n<\/tr>\n<tr>\n<td width=\"142\">\n<p style=\"text-align: center;\"><a href=\"https:\/\/maps.app.goo.gl\/ziaFfx9oTPHSsELQA\">Serraria<\/a><\/p>\n<\/td>\n<td style=\"text-align: center;\" rowspan=\"2\" width=\"103\"><a href=\"https:\/\/maps.app.goo.gl\/ziaFfx9oTPHSsELQA\">Distrito 32 Congrega\u00e7\u00e3o Sede Serraria<\/a><\/td>\n<td style=\"text-align: center;\" rowspan=\"2\" width=\"151\"><a href=\"https:\/\/maps.app.goo.gl\/ziaFfx9oTPHSsELQA\">R. Jos\u00e9 da Rocha Esp\u00edndola, 13 &#8211; Serraria, Porto Alegre &#8211; RS, 91770-820<\/a><\/td>\n<td style=\"text-align: center;\" rowspan=\"2\" width=\"170\"><a href=\"https:\/\/maps.app.goo.gl\/ziaFfx9oTPHSsELQA\"><img loading=\"lazy\" decoding=\"async\" class=\"alignnone wp-image-902\" src=\"http:\/\/deiadpa.com.br\/wp-content\/uploads\/2025\/12\/32-300x207.png\" alt=\"\" width=\"203\" height=\"140\" srcset=\"https:\/\/deiadpa.com.br\/wp-content\/uploads\/2025\/12\/32-300x207.png 300w, https:\/\/deiadpa.com.br\/wp-content\/uploads\/2025\/12\/32.png 766w\" sizes=\"(max-width: 203px) 100vw, 203px\" \/><\/a><\/td>\n<\/tr>\n<tr>\n<td width=\"142\">\n<p style=\"text-align: center;\"><a href=\"https:\/\/maps.app.goo.gl\/ziaFfx9oTPHSsELQA\">Guaruj\u00e1<\/a><\/p>\n<\/td>\n<\/tr>\n<tr>\n<td width=\"142\">\n<p style=\"text-align: center;\"><a href=\"http:\/\/R. Belize, 395 - Restinga, Porto Alegre - RS, 91790-080\">Restinga<\/a><\/p>\n<\/td>\n<td style=\"text-align: center;\" width=\"103\"><a href=\"http:\/\/R. Belize, 395 - Restinga, Porto Alegre - RS, 91790-080\">Distrito 12 Congrega\u00e7\u00e3o Sede Restinga<\/a><\/td>\n<td style=\"text-align: center;\" width=\"151\"><a href=\"http:\/\/R. Belize, 395 - Restinga, Porto Alegre - RS, 91790-080\">R. Belize, 395 &#8211; Restinga, Porto Alegre &#8211; RS, 91790-080<\/a><\/td>\n<td style=\"text-align: center;\" width=\"170\"><a href=\"http:\/\/R. Belize, 395 - Restinga, Porto Alegre - RS, 91790-080\"><img loading=\"lazy\" decoding=\"async\" class=\"alignnone wp-image-904\" src=\"http:\/\/deiadpa.com.br\/wp-content\/uploads\/2025\/12\/12-300x215.png\" alt=\"\" width=\"203\" height=\"145\" srcset=\"https:\/\/deiadpa.com.br\/wp-content\/uploads\/2025\/12\/12-300x215.png 300w, https:\/\/deiadpa.com.br\/wp-content\/uploads\/2025\/12\/12-768x552.png 768w, https:\/\/deiadpa.com.br\/wp-content\/uploads\/2025\/12\/12.png 884w\" sizes=\"(max-width: 203px) 100vw, 203px\" \/><\/a><\/td>\n<\/tr>\n<tr>\n<td style=\"text-align: center;\" width=\"142\"><a href=\"https:\/\/maps.app.goo.gl\/iADznAyLqXgHBSH8A\">Restinga<\/a><\/p>\n<p><a href=\"https:\/\/maps.app.goo.gl\/hcme4HEEaw5MjCgr9\">Barro Vermelho<\/a><\/td>\n<td width=\"103\">\n<p style=\"text-align: center;\"><a href=\"https:\/\/maps.app.goo.gl\/iADznAyLqXgHBSH8A\">Distrito 23 Congrega\u00e7\u00e3o Sede Barro Vermelho<\/a><\/p>\n<\/td>\n<td style=\"text-align: center;\" width=\"151\"><a href=\"https:\/\/maps.app.goo.gl\/iADznAyLqXgHBSH8A\">R. Manoel Fernandes Pinheiro, 217 &#8211; Restinga, Porto Alegre &#8211; RS, 91790-840<\/a><\/td>\n<td style=\"text-align: center;\" width=\"170\"><a href=\"https:\/\/maps.app.goo.gl\/iADznAyLqXgHBSH8A\"><img loading=\"lazy\" decoding=\"async\" class=\"alignnone wp-image-906\" src=\"http:\/\/deiadpa.com.br\/wp-content\/uploads\/2025\/12\/23-283x300.png\" alt=\"\" width=\"203\" height=\"215\" srcset=\"https:\/\/deiadpa.com.br\/wp-content\/uploads\/2025\/12\/23-283x300.png 283w, https:\/\/deiadpa.com.br\/wp-content\/uploads\/2025\/12\/23.png 587w\" sizes=\"(max-width: 203px) 100vw, 203px\" \/><\/a><\/td>\n<\/tr>\n<tr>\n<td width=\"142\">\n<p style=\"text-align: center;\"><a href=\"https:\/\/maps.app.goo.gl\/KFdPMeN93dH3EZkPA\">Itapu\u00e3<\/a><\/p>\n<\/td>\n<td style=\"text-align: center;\" width=\"103\"><a href=\"https:\/\/maps.app.goo.gl\/KFdPMeN93dH3EZkPA\">Distrito 26 Congrega\u00e7\u00e3o Sede Itapu\u00e3<\/a><\/td>\n<td style=\"text-align: center;\" width=\"151\"><a href=\"https:\/\/maps.app.goo.gl\/KFdPMeN93dH3EZkPA\">Rod. Frei Pac\u00edfico, 907 &#8211; Itapu\u00e3, Viam\u00e3o &#8211; RS, 94750-000<\/a><\/td>\n<td style=\"text-align: center;\" width=\"170\"><a href=\"https:\/\/maps.app.goo.gl\/KFdPMeN93dH3EZkPA\"><img loading=\"lazy\" decoding=\"async\" class=\"alignnone wp-image-908\" src=\"http:\/\/deiadpa.com.br\/wp-content\/uploads\/2025\/12\/26-300x248.png\" alt=\"\" width=\"205\" height=\"169\" srcset=\"https:\/\/deiadpa.com.br\/wp-content\/uploads\/2025\/12\/26-300x248.png 300w, https:\/\/deiadpa.com.br\/wp-content\/uploads\/2025\/12\/26.png 344w\" sizes=\"(max-width: 205px) 100vw, 205px\" \/><\/a><\/td>\n<\/tr>\n<tr>\n<td style=\"text-align: center;\" width=\"142\"><a href=\"https:\/\/maps.app.goo.gl\/gG2Mu9dpYDZXCQ9E6\">Ipanema<\/a><\/td>\n<td rowspan=\"2\" width=\"103\">\n<p style=\"text-align: center;\"><a href=\"https:\/\/maps.app.goo.gl\/gG2Mu9dpYDZXCQ9E6\">Distrito 11 Congrega\u00e7\u00e3o Sede Ipanema<\/a><\/p>\n<\/td>\n<td style=\"text-align: center;\" rowspan=\"2\" width=\"151\"><a href=\"https:\/\/maps.app.goo.gl\/gG2Mu9dpYDZXCQ9E6\">Av. Juca Batista, 440 &#8211; Ipanema, Porto Alegre &#8211; RS, 91770-000<\/a><\/td>\n<td style=\"text-align: center;\" rowspan=\"2\" width=\"170\"><a href=\"https:\/\/maps.app.goo.gl\/gG2Mu9dpYDZXCQ9E6\"><img loading=\"lazy\" decoding=\"async\" class=\"alignnone wp-image-796\" src=\"http:\/\/deiadpa.com.br\/wp-content\/uploads\/2025\/12\/Ipanema.png\" alt=\"\" width=\"201\" height=\"191\" \/><\/a><\/td>\n<\/tr>\n<tr>\n<td width=\"142\">\n<p style=\"text-align: center;\"><a href=\"https:\/\/maps.app.goo.gl\/gG2Mu9dpYDZXCQ9E6\">Esp\u00edrito Santo<\/a><\/p>\n<\/td>\n<\/tr>\n<\/tbody>\n<\/table>\n","protected":false},"excerpt":{"rendered":"<p>BAIRRO IGREJA ENDERE\u00c7O CLIQUE PARA VER Bel\u00e9m Novo Distrito 42 Congrega\u00e7\u00e3o Sede Bel\u00e9m Novo Av. do Lami, 418 &#8211; Bel\u00e9m Novo, Porto Alegre &#8211; RS, [&#8230;]<\/p>\n","protected":false},"author":1,"featured_media":0,"parent":690,"menu_order":0,"comment_status":"closed","ping_status":"closed","template":"","meta":{"footnotes":""},"_links":{"self":[{"href":"https:\/\/deiadpa.com.br\/index.php\/wp-json\/wp\/v2\/pages\/732"}],"collection":[{"href":"https:\/\/deiadpa.com.br\/index.php\/wp-json\/wp\/v2\/pages"}],"about":[{"href":"https:\/\/deiadpa.com.br\/index.php\/wp-json\/wp\/v2\/types\/page"}],"author":[{"embeddable":true,"href":"https:\/\/deiadpa.com.br\/index.php\/wp-json\/wp\/v2\/users\/1"}],"replies":[{"embeddable":true,"href":"https:\/\/deiadpa.com.br\/index.php\/wp-json\/wp\/v2\/comments?post=732"}],"version-history":[{"count":12,"href":"https:\/\/deiadpa.com.br\/index.php\/wp-json\/wp\/v2\/pages\/732\/revisions"}],"predecessor-version":[{"id":910,"href":"https:\/\/deiadpa.com.br\/index.php\/wp-json\/wp\/v2\/pages\/732\/revisions\/910"}],"up":[{"embeddable":true,"href":"https:\/\/deiadpa.com.br\/index.php\/wp-json\/wp\/v2\/pages\/690"}],"wp:attachment":[{"href":"https:\/\/deiadpa.com.br\/index.php\/wp-json\/wp\/v2\/media?parent=732"}],"curies":[{"name":"wp","href":"https:\/\/api.w.org\/{rel}","templated":true}]}}