{"id":727,"date":"2025-12-02T17:54:26","date_gmt":"2025-12-02T20:54:26","guid":{"rendered":"https:\/\/deiadpa.com.br\/?page_id=727"},"modified":"2025-12-11T12:30:23","modified_gmt":"2025-12-11T15:30:23","slug":"igrejas-na-regiao-leste","status":"publish","type":"page","link":"https:\/\/deiadpa.com.br\/index.php\/nossa-igreja\/igrejas-de-bairros\/igrejas-na-regiao-leste\/","title":{"rendered":"Igrejas na Regi\u00e3o Leste"},"content":{"rendered":"<table style=\"height: 576px;\" width=\"881\">\n<tbody>\n<tr>\n<td width=\"142\">\n<h2 style=\"text-align: center;\"><span style=\"color: #0000ff;\">BAIRRO<\/span><\/h2>\n<\/td>\n<td style=\"text-align: center;\" width=\"104\">\n<h2><span style=\"color: #0000ff;\">IGREJA<\/span><\/h2>\n<\/td>\n<td style=\"text-align: center;\" width=\"151\">\n<h2><span style=\"color: #0000ff;\">ENDERE\u00c7O<\/span><\/h2>\n<\/td>\n<td width=\"170\">\n<h2 style=\"text-align: center;\"><span style=\"color: #0000ff;\">CLIQUE PARA VER<\/span><\/h2>\n<\/td>\n<\/tr>\n<tr>\n<td width=\"142\">\n<p style=\"text-align: center;\"><a href=\"https:\/\/maps.app.goo.gl\/Rpteruh7huqqFDxz6\">Bom Jesus<\/a><\/p>\n<\/td>\n<td style=\"text-align: center;\" width=\"104\"><a href=\"https:\/\/maps.app.goo.gl\/Rpteruh7huqqFDxz6\">Distrito 04 Congrega\u00e7\u00e3o Sede Bom Jesus<\/a><\/td>\n<td width=\"151\">\n<p style=\"text-align: center;\"><a href=\"https:\/\/maps.app.goo.gl\/Rpteruh7huqqFDxz6\">R. Dr. Murtinho, 79 &#8211; Bom Jesus, Porto Alegre &#8211; RS, 91420-070<\/a><\/p>\n<\/td>\n<td style=\"text-align: center;\" width=\"170\"><a href=\"https:\/\/maps.app.goo.gl\/Rpteruh7huqqFDxz6\"><img loading=\"lazy\" decoding=\"async\" class=\"alignnone wp-image-883\" src=\"http:\/\/deiadpa.com.br\/wp-content\/uploads\/2025\/12\/04-300x200.png\" alt=\"\" width=\"209\" height=\"139\" srcset=\"https:\/\/deiadpa.com.br\/wp-content\/uploads\/2025\/12\/04-300x200.png 300w, https:\/\/deiadpa.com.br\/wp-content\/uploads\/2025\/12\/04.png 612w\" sizes=\"(max-width: 209px) 100vw, 209px\" \/><\/a><\/td>\n<\/tr>\n<tr>\n<td width=\"142\">\n<p style=\"text-align: center;\"><a href=\"https:\/\/maps.app.goo.gl\/KYDHJ9CCoTqcxud98\">Jardim Carvalho<\/a><\/p>\n<\/td>\n<td style=\"text-align: center;\" width=\"104\"><a href=\"https:\/\/maps.app.goo.gl\/KYDHJ9CCoTqcxud98\">Distrito 62 Congrega\u00e7\u00e3o Sede Jardim Carvalho<\/a><\/td>\n<td width=\"151\">\n<p style=\"text-align: center;\"><a href=\"https:\/\/maps.app.goo.gl\/KYDHJ9CCoTqcxud98\">Beco Souza Costa, 1192 &#8211; Jardim Carvalho, Porto Alegre &#8211; RS, 91450-140<\/a><\/p>\n<\/td>\n<td style=\"text-align: center;\" width=\"170\"><a href=\"https:\/\/maps.app.goo.gl\/KYDHJ9CCoTqcxud98\"><img loading=\"lazy\" decoding=\"async\" class=\"alignnone wp-image-885\" src=\"http:\/\/deiadpa.com.br\/wp-content\/uploads\/2025\/12\/62-300x259.png\" alt=\"\" width=\"207\" height=\"179\" srcset=\"https:\/\/deiadpa.com.br\/wp-content\/uploads\/2025\/12\/62-300x259.png 300w, https:\/\/deiadpa.com.br\/wp-content\/uploads\/2025\/12\/62.png 451w\" sizes=\"(max-width: 207px) 100vw, 207px\" \/><\/a><\/td>\n<\/tr>\n<tr>\n<td width=\"142\">\n<p style=\"text-align: center;\"><a href=\"https:\/\/maps.app.goo.gl\/tk268mSxBLvCRCBK6\">Ch\u00e1cara das Pedras<\/a><\/p>\n<\/td>\n<td style=\"text-align: center;\" rowspan=\"3\" width=\"104\"><a href=\"https:\/\/maps.app.goo.gl\/tk268mSxBLvCRCBK6\">Distrito 30 Congrega\u00e7\u00e3o Sede Jardins<\/a><\/td>\n<td style=\"text-align: center;\" rowspan=\"3\" width=\"151\"><a href=\"https:\/\/maps.app.goo.gl\/tk268mSxBLvCRCBK6\">Av. Dr. Nilo Pe\u00e7anha, 3573 &#8211; Petr\u00f3polis, Porto Alegre &#8211; RS, 91330-001<\/a><\/td>\n<td style=\"text-align: center;\" rowspan=\"3\" width=\"170\"><a href=\"https:\/\/maps.app.goo.gl\/tk268mSxBLvCRCBK6\"><img loading=\"lazy\" decoding=\"async\" class=\"alignnone wp-image-887\" src=\"http:\/\/deiadpa.com.br\/wp-content\/uploads\/2025\/12\/30-300x278.png\" alt=\"\" width=\"208\" height=\"193\" srcset=\"https:\/\/deiadpa.com.br\/wp-content\/uploads\/2025\/12\/30-300x278.png 300w, https:\/\/deiadpa.com.br\/wp-content\/uploads\/2025\/12\/30.png 330w\" sizes=\"(max-width: 208px) 100vw, 208px\" \/><\/a><\/td>\n<\/tr>\n<tr>\n<td width=\"142\">\n<p style=\"text-align: center;\"><a href=\"https:\/\/maps.app.goo.gl\/tk268mSxBLvCRCBK6\">Vila Jardim<\/a><\/p>\n<\/td>\n<\/tr>\n<tr>\n<td width=\"142\">\n<p style=\"text-align: center;\"><a href=\"https:\/\/maps.app.goo.gl\/tk268mSxBLvCRCBK6\">Tr\u00eas Figueiras<\/a><\/p>\n<\/td>\n<\/tr>\n<tr>\n<td width=\"142\">\n<p style=\"text-align: center;\"><a href=\"https:\/\/maps.app.goo.gl\/xDTRBPfh5WtDSVxq5\">Jardim Bot\u00e2nico<\/a><\/p>\n<\/td>\n<td style=\"text-align: center;\" width=\"104\"><a href=\"https:\/\/maps.app.goo.gl\/xDTRBPfh5WtDSVxq5\">Distrito 10\u00a0 Congre\u00e7\u00e3o Jardim Bot\u00e2nico<\/a><\/p>\n<p><a href=\"https:\/\/maps.app.goo.gl\/xDTRBPfh5WtDSVxq5\">Partenon<\/a><\/td>\n<td width=\"151\">\n<p style=\"text-align: center;\"><a href=\"https:\/\/maps.app.goo.gl\/xDTRBPfh5WtDSVxq5\">Tv. Serafim Terra, 133 &#8211; Jardim Bot\u00e2nico, Porto Alegre &#8211; RS, 90690-280<\/a><\/p>\n<\/td>\n<td style=\"text-align: center;\" width=\"170\"><a href=\"https:\/\/maps.app.goo.gl\/xDTRBPfh5WtDSVxq5\"><img loading=\"lazy\" decoding=\"async\" class=\"alignnone  wp-image-889\" src=\"http:\/\/deiadpa.com.br\/wp-content\/uploads\/2025\/12\/10-JB.png\" alt=\"\" width=\"209\" height=\"171\" \/><\/a><\/td>\n<\/tr>\n<tr>\n<td width=\"142\">\n<p style=\"text-align: center;\"><a href=\"https:\/\/maps.app.goo.gl\/Cbe9Gn9kPhHwUfqa9\">Jardim do Salso<\/a><\/p>\n<\/td>\n<td style=\"text-align: center;\" width=\"104\"><a href=\"https:\/\/maps.app.goo.gl\/Cbe9Gn9kPhHwUfqa9\">Distrito 52 Congrega\u00e7\u00e3o Sede Jardim do Salso<\/a><\/td>\n<td width=\"151\">\n<p style=\"text-align: center;\"><a href=\"https:\/\/maps.app.goo.gl\/Cbe9Gn9kPhHwUfqa9\">R. Marta Costa Franzen, 62 &#8211; Jardim do Salso, Porto Alegre &#8211; RS, 91420-761<\/a><\/p>\n<\/td>\n<td style=\"text-align: center;\" width=\"170\"><a href=\"https:\/\/maps.app.goo.gl\/Cbe9Gn9kPhHwUfqa9\"><img loading=\"lazy\" decoding=\"async\" class=\"alignnone  wp-image-890\" src=\"http:\/\/deiadpa.com.br\/wp-content\/uploads\/2025\/12\/52-290x300.png\" alt=\"\" width=\"208\" height=\"215\" srcset=\"https:\/\/deiadpa.com.br\/wp-content\/uploads\/2025\/12\/52-290x300.png 290w, https:\/\/deiadpa.com.br\/wp-content\/uploads\/2025\/12\/52.png 728w\" sizes=\"(max-width: 208px) 100vw, 208px\" \/><\/a><\/td>\n<\/tr>\n<\/tbody>\n<\/table>\n","protected":false},"excerpt":{"rendered":"<p>BAIRRO IGREJA ENDERE\u00c7O CLIQUE PARA VER Bom Jesus Distrito 04 Congrega\u00e7\u00e3o Sede Bom Jesus R. Dr. Murtinho, 79 &#8211; Bom Jesus, Porto Alegre &#8211; RS, [&#8230;]<\/p>\n","protected":false},"author":1,"featured_media":0,"parent":690,"menu_order":0,"comment_status":"closed","ping_status":"closed","template":"","meta":{"footnotes":""},"_links":{"self":[{"href":"https:\/\/deiadpa.com.br\/index.php\/wp-json\/wp\/v2\/pages\/727"}],"collection":[{"href":"https:\/\/deiadpa.com.br\/index.php\/wp-json\/wp\/v2\/pages"}],"about":[{"href":"https:\/\/deiadpa.com.br\/index.php\/wp-json\/wp\/v2\/types\/page"}],"author":[{"embeddable":true,"href":"https:\/\/deiadpa.com.br\/index.php\/wp-json\/wp\/v2\/users\/1"}],"replies":[{"embeddable":true,"href":"https:\/\/deiadpa.com.br\/index.php\/wp-json\/wp\/v2\/comments?post=727"}],"version-history":[{"count":7,"href":"https:\/\/deiadpa.com.br\/index.php\/wp-json\/wp\/v2\/pages\/727\/revisions"}],"predecessor-version":[{"id":891,"href":"https:\/\/deiadpa.com.br\/index.php\/wp-json\/wp\/v2\/pages\/727\/revisions\/891"}],"up":[{"embeddable":true,"href":"https:\/\/deiadpa.com.br\/index.php\/wp-json\/wp\/v2\/pages\/690"}],"wp:attachment":[{"href":"https:\/\/deiadpa.com.br\/index.php\/wp-json\/wp\/v2\/media?parent=727"}],"curies":[{"name":"wp","href":"https:\/\/api.w.org\/{rel}","templated":true}]}}