{"id":724,"date":"2025-12-02T17:52:35","date_gmt":"2025-12-02T20:52:35","guid":{"rendered":"https:\/\/deiadpa.com.br\/?page_id=724"},"modified":"2025-12-11T14:05:49","modified_gmt":"2025-12-11T17:05:49","slug":"igrejas-na-regiao-centro-sul","status":"publish","type":"page","link":"https:\/\/deiadpa.com.br\/index.php\/nossa-igreja\/igrejas-de-bairros\/igrejas-na-regiao-centro-sul\/","title":{"rendered":"Igrejas na Regi\u00e3o Centro-Sul"},"content":{"rendered":"<table style=\"height: 999px;\" width=\"852\">\n<tbody>\n<tr>\n<td style=\"text-align: center;\" width=\"142\">\n<h2><span style=\"color: #0000ff;\">BAIRRO<\/span><\/h2>\n<\/td>\n<td style=\"text-align: center;\" width=\"104\">\n<h2><span style=\"color: #0000ff;\">IGREJA<\/span><\/h2>\n<\/td>\n<td style=\"text-align: center;\" width=\"151\">\n<h2><span style=\"color: #0000ff;\">ENDERE\u00c7O<\/span><\/h2>\n<\/td>\n<td style=\"text-align: center;\" width=\"170\">\n<h2><span style=\"color: #0000ff;\">CLIQUE PARA VER<\/span><\/h2>\n<\/td>\n<\/tr>\n<tr>\n<td style=\"text-align: center;\" rowspan=\"2\" width=\"142\"><a href=\"https:\/\/maps.app.goo.gl\/TjqqQ31GGkUNSn5r9\">Partenon<\/a><\/td>\n<td style=\"text-align: center;\" width=\"104\"><a href=\"https:\/\/maps.app.goo.gl\/TjqqQ31GGkUNSn5r9\">Distrito 10 Congrega\u00e7\u00e3o Sede Partenon<\/a><\/td>\n<td style=\"text-align: center;\" width=\"151\"><a href=\"https:\/\/maps.app.goo.gl\/TjqqQ31GGkUNSn5r9\">R. Guilherme Alves, 1512 &#8211; Petr\u00f3polis, Porto Alegre &#8211; RS, 90680-000<\/a><\/td>\n<td style=\"text-align: center;\" width=\"170\"><a href=\"https:\/\/maps.app.goo.gl\/TjqqQ31GGkUNSn5r9\"><img loading=\"lazy\" decoding=\"async\" class=\"alignnone wp-image-826\" src=\"http:\/\/deiadpa.com.br\/wp-content\/uploads\/2025\/12\/10-300x273.png\" alt=\"\" width=\"193\" height=\"176\" srcset=\"https:\/\/deiadpa.com.br\/wp-content\/uploads\/2025\/12\/10-300x273.png 300w, https:\/\/deiadpa.com.br\/wp-content\/uploads\/2025\/12\/10.png 695w\" sizes=\"(max-width: 193px) 100vw, 193px\" \/><\/a><\/td>\n<\/tr>\n<tr>\n<td style=\"text-align: center;\" width=\"104\"><a href=\"https:\/\/maps.app.goo.gl\/VHz7H3S6pFXr2pr76\">Distrito 54 Congrega\u00e7\u00e3o Sede Ipiranga<\/a><\/td>\n<td style=\"text-align: center;\" width=\"151\"><a href=\"https:\/\/maps.app.goo.gl\/VHz7H3S6pFXr2pr76\">R. Hon\u00f3rio Lemos, 88 &#8211; Vila Joao Pessoa, Porto Alegre &#8211; RS, 91520-080<\/a><\/td>\n<td style=\"text-align: center;\" width=\"170\"><a href=\"https:\/\/maps.app.goo.gl\/VHz7H3S6pFXr2pr76\"><img loading=\"lazy\" decoding=\"async\" class=\"alignnone wp-image-827\" src=\"http:\/\/deiadpa.com.br\/wp-content\/uploads\/2025\/12\/54.png\" alt=\"\" width=\"192\" height=\"157\" \/><\/a><\/td>\n<\/tr>\n<tr>\n<td style=\"text-align: center;\" rowspan=\"6\" width=\"142\"><a href=\"https:\/\/maps.app.goo.gl\/VtmMhh5avtUMush5A\">S\u00e3o Jos\u00e9<\/a><\/td>\n<td style=\"text-align: center;\" width=\"104\"><a href=\"https:\/\/maps.app.goo.gl\/VtmMhh5avtUMush5A\">Distrito 07 Congrega\u00e7\u00e3o Sede S\u00e3o Jos\u00e9<\/a><\/td>\n<td style=\"text-align: center;\" width=\"151\"><a href=\"https:\/\/maps.app.goo.gl\/VtmMhh5avtUMush5A\">R. Borborema, 724 &#8211; Vila Joao Pessoa, Porto Alegre &#8211; RS, 91520-030<\/a><\/td>\n<td style=\"text-align: center;\" width=\"170\"><a href=\"https:\/\/maps.app.goo.gl\/VtmMhh5avtUMush5A\"><img loading=\"lazy\" decoding=\"async\" class=\"alignnone wp-image-828\" src=\"http:\/\/deiadpa.com.br\/wp-content\/uploads\/2025\/12\/07.png\" alt=\"\" width=\"194\" height=\"170\" \/><\/a><\/td>\n<\/tr>\n<tr>\n<td style=\"text-align: center;\" width=\"104\"><a href=\"https:\/\/maps.app.goo.gl\/Ezo3k4jDey4EDCuD7\">Distrito 43 Congrega\u00e7\u00e3o Sede Monte da Ora\u00e7\u00e3o<\/a><\/td>\n<td style=\"text-align: center;\" width=\"151\"><a href=\"https:\/\/maps.app.goo.gl\/Ezo3k4jDey4EDCuD7\">R. Primeiro de Setembro, 1752 &#8211; S\u00e3o Jos\u00e9, Porto Alegre &#8211; RS, 91520-540<\/a><\/td>\n<td style=\"text-align: center;\" width=\"170\"><a href=\"https:\/\/maps.app.goo.gl\/Ezo3k4jDey4EDCuD7\"><img loading=\"lazy\" decoding=\"async\" class=\"alignnone wp-image-829\" src=\"http:\/\/deiadpa.com.br\/wp-content\/uploads\/2025\/12\/43.png\" alt=\"\" width=\"192\" height=\"179\" \/><\/a><\/td>\n<\/tr>\n<tr>\n<td style=\"text-align: center;\" width=\"104\"><a href=\"https:\/\/maps.app.goo.gl\/3mWvbfjhZ9WHSyEr7\">Distrito 36 Congrega\u00e7\u00e3o Sede Vargas<\/a><\/td>\n<td style=\"text-align: center;\" width=\"151\"><a href=\"https:\/\/maps.app.goo.gl\/3mWvbfjhZ9WHSyEr7\">R. Progresso, 163 &#8211; S\u00e3o Jos\u00e9, Porto Alegre &#8211; RS, 91520-380<\/a><\/td>\n<td style=\"text-align: center;\" width=\"170\"><a href=\"https:\/\/maps.app.goo.gl\/3mWvbfjhZ9WHSyEr7\"><img loading=\"lazy\" decoding=\"async\" class=\"alignnone wp-image-830\" src=\"http:\/\/deiadpa.com.br\/wp-content\/uploads\/2025\/12\/36-300x284.png\" alt=\"\" width=\"193\" height=\"183\" srcset=\"https:\/\/deiadpa.com.br\/wp-content\/uploads\/2025\/12\/36-300x284.png 300w, https:\/\/deiadpa.com.br\/wp-content\/uploads\/2025\/12\/36.png 539w\" sizes=\"(max-width: 193px) 100vw, 193px\" \/><\/a><\/td>\n<\/tr>\n<tr>\n<td style=\"text-align: center;\" width=\"104\"><a href=\"https:\/\/maps.app.goo.gl\/1yrtxKT5vZG374GM8\">Distrito 19 Congrega\u00e7\u00e3o Sede Bananeiras<\/a><\/td>\n<td style=\"text-align: center;\" width=\"151\"><a href=\"https:\/\/maps.app.goo.gl\/1yrtxKT5vZG374GM8\">R. Dr. Manoel Jos\u00e9 Lopes Fernandes, 50A &#8211; Vila Joao Pessoa, Porto Alegre &#8211; RS, 91510-420<\/a><\/td>\n<td style=\"text-align: center;\" width=\"170\"><a href=\"https:\/\/maps.app.goo.gl\/1yrtxKT5vZG374GM8\"><img loading=\"lazy\" decoding=\"async\" class=\"alignnone wp-image-831\" src=\"http:\/\/deiadpa.com.br\/wp-content\/uploads\/2025\/12\/19-300x229.png\" alt=\"\" width=\"189\" height=\"144\" srcset=\"https:\/\/deiadpa.com.br\/wp-content\/uploads\/2025\/12\/19-300x229.png 300w, https:\/\/deiadpa.com.br\/wp-content\/uploads\/2025\/12\/19-768x585.png 768w, https:\/\/deiadpa.com.br\/wp-content\/uploads\/2025\/12\/19.png 814w\" sizes=\"(max-width: 189px) 100vw, 189px\" \/><\/a><\/td>\n<\/tr>\n<tr>\n<td style=\"text-align: center;\" width=\"104\"><a href=\"https:\/\/maps.app.goo.gl\/xTKoB5WDNuhZJ9xK9\">Distrito 18 Congrega\u00e7\u00e3o Sede Santa Maria<\/a><\/td>\n<td style=\"text-align: center;\" width=\"151\"><a href=\"https:\/\/maps.app.goo.gl\/xTKoB5WDNuhZJ9xK9\">R. Santo Alfredo, 525 &#8211; S\u00e3o Jos\u00e9, Porto Alegre &#8211; RS, 91520-550<\/a><\/td>\n<td style=\"text-align: center;\" width=\"170\"><a href=\"https:\/\/maps.app.goo.gl\/xTKoB5WDNuhZJ9xK9\"><img loading=\"lazy\" decoding=\"async\" class=\"alignnone wp-image-832\" src=\"http:\/\/deiadpa.com.br\/wp-content\/uploads\/2025\/12\/Santa-Maria-300x293.png\" alt=\"\" width=\"189\" height=\"185\" srcset=\"https:\/\/deiadpa.com.br\/wp-content\/uploads\/2025\/12\/Santa-Maria-300x293.png 300w, https:\/\/deiadpa.com.br\/wp-content\/uploads\/2025\/12\/Santa-Maria.png 506w\" sizes=\"(max-width: 189px) 100vw, 189px\" \/><\/a><\/td>\n<\/tr>\n<tr>\n<td style=\"text-align: center;\" width=\"104\"><a href=\"https:\/\/maps.app.goo.gl\/bckUTR7G48B6vfS18\">Distrito 57 Congrega\u00e7\u00e3o Sede Si\u00e3o<\/a><\/td>\n<td style=\"text-align: center;\" width=\"151\"><a href=\"https:\/\/maps.app.goo.gl\/bckUTR7G48B6vfS18\">R. Magno Lopes, 96 &#8211; S\u00e3o Jos\u00e9, Porto Alegre &#8211; RS, 91520-610<\/a><\/td>\n<td style=\"text-align: center;\" width=\"170\"><a href=\"https:\/\/maps.app.goo.gl\/bckUTR7G48B6vfS18\"><img loading=\"lazy\" decoding=\"async\" class=\"alignnone wp-image-833\" src=\"http:\/\/deiadpa.com.br\/wp-content\/uploads\/2025\/12\/57.png\" alt=\"\" width=\"188\" height=\"178\" \/><\/a><\/td>\n<\/tr>\n<tr>\n<td style=\"text-align: center;\" width=\"142\"><a href=\"https:\/\/maps.app.goo.gl\/oJkzcbfkhnHVCnBk6\">Apar\u00edcio Borges<\/a><\/td>\n<td style=\"text-align: center;\" width=\"104\"><a href=\"https:\/\/maps.app.goo.gl\/1yrtxKT5vZG374GM8\">Distrito 19 Congrega\u00e7\u00e3o Sede Bananeiras<\/a><\/td>\n<td style=\"text-align: center;\" width=\"151\"><a href=\"https:\/\/maps.app.goo.gl\/1yrtxKT5vZG374GM8\">R. Dr. Manoel Jos\u00e9 Lopes Fernandes, 50A &#8211; Vila Joao Pessoa, Porto Alegre &#8211; RS, 91510-420<\/a><\/td>\n<td style=\"text-align: center;\" width=\"170\"><a href=\"https:\/\/maps.app.goo.gl\/oJkzcbfkhnHVCnBk6\"><img loading=\"lazy\" decoding=\"async\" class=\"alignnone wp-image-831\" src=\"http:\/\/deiadpa.com.br\/wp-content\/uploads\/2025\/12\/19-300x229.png\" alt=\"\" width=\"191\" height=\"146\" srcset=\"https:\/\/deiadpa.com.br\/wp-content\/uploads\/2025\/12\/19-300x229.png 300w, https:\/\/deiadpa.com.br\/wp-content\/uploads\/2025\/12\/19-768x585.png 768w, https:\/\/deiadpa.com.br\/wp-content\/uploads\/2025\/12\/19.png 814w\" sizes=\"(max-width: 191px) 100vw, 191px\" \/><\/a><\/td>\n<\/tr>\n<tr>\n<td style=\"text-align: center;\" width=\"142\"><a href=\"https:\/\/maps.app.goo.gl\/Ukw46XE72YQnkCRQ7\">Morro da Pol\u00edcia<\/a><\/td>\n<td style=\"text-align: center;\" width=\"104\"><a href=\"https:\/\/maps.app.goo.gl\/Ukw46XE72YQnkCRQ7\">Distrito 51 Congrega\u00e7\u00e3o Sede Patrim\u00f4nio<\/a><\/td>\n<td style=\"text-align: center;\" width=\"151\"><a href=\"https:\/\/maps.app.goo.gl\/Ukw46XE72YQnkCRQ7\">R. Patrim\u00f4nio, 361 &#8211; Cel. Aparicio Borges, Porto Alegre &#8211; RS, 91710-300<\/a><\/td>\n<td style=\"text-align: center;\" width=\"170\"><a href=\"https:\/\/maps.app.goo.gl\/Ukw46XE72YQnkCRQ7\"><img loading=\"lazy\" decoding=\"async\" class=\"alignnone wp-image-836\" src=\"http:\/\/deiadpa.com.br\/wp-content\/uploads\/2025\/12\/51-300x228.png\" alt=\"\" width=\"197\" height=\"150\" srcset=\"https:\/\/deiadpa.com.br\/wp-content\/uploads\/2025\/12\/51-300x228.png 300w, https:\/\/deiadpa.com.br\/wp-content\/uploads\/2025\/12\/51.png 408w\" sizes=\"(max-width: 197px) 100vw, 197px\" \/><\/a><\/td>\n<\/tr>\n<tr>\n<td style=\"text-align: center;\" width=\"142\"><a href=\"https:\/\/maps.app.goo.gl\/54tZ7poPapHnr5TA6\">Agronomia<\/a><\/td>\n<td style=\"text-align: center;\" width=\"104\"><a href=\"https:\/\/maps.app.goo.gl\/54tZ7poPapHnr5TA6\">Distrito 06 Congrega\u00e7\u00e3o Sede Agronomia<\/a><\/td>\n<td style=\"text-align: center;\" width=\"151\"><a href=\"https:\/\/maps.app.goo.gl\/54tZ7poPapHnr5TA6\">Av. Ipiranga, 9408 &#8211; Jardim Carvalho, Porto Alegre &#8211; RS, 90650-001<\/a><\/td>\n<td style=\"text-align: center;\" width=\"170\"><a href=\"https:\/\/maps.app.goo.gl\/54tZ7poPapHnr5TA6\"><img loading=\"lazy\" decoding=\"async\" class=\"alignnone wp-image-837\" src=\"http:\/\/deiadpa.com.br\/wp-content\/uploads\/2025\/12\/06.png\" alt=\"\" width=\"198\" height=\"165\" \/><\/a><\/td>\n<\/tr>\n<tr>\n<td style=\"text-align: center;\" rowspan=\"4\" width=\"142\"><a href=\"https:\/\/maps.app.goo.gl\/paY83niZesXN6tsq8\">Lomba do Pinheiro<\/a><\/td>\n<td style=\"text-align: center;\" width=\"104\"><a href=\"https:\/\/maps.app.goo.gl\/paY83niZesXN6tsq8\">Distrito 17 Congrega\u00e7\u00e3o Sede Lomba do Pinheiro<\/a><\/td>\n<td style=\"text-align: center;\" width=\"151\"><a href=\"https:\/\/maps.app.goo.gl\/paY83niZesXN6tsq8\">Av. Santo Dias da Silva, 878 &#8211; Lomba do Pinheiro, Porto Alegre &#8211; RS, 91550-500<\/a><\/td>\n<td style=\"text-align: center;\" width=\"170\"><a href=\"https:\/\/maps.app.goo.gl\/paY83niZesXN6tsq8\"><img loading=\"lazy\" decoding=\"async\" class=\"alignnone wp-image-839\" src=\"http:\/\/deiadpa.com.br\/wp-content\/uploads\/2025\/12\/17-300x282.png\" alt=\"\" width=\"198\" height=\"186\" srcset=\"https:\/\/deiadpa.com.br\/wp-content\/uploads\/2025\/12\/17-300x282.png 300w, https:\/\/deiadpa.com.br\/wp-content\/uploads\/2025\/12\/17-768x721.png 768w, https:\/\/deiadpa.com.br\/wp-content\/uploads\/2025\/12\/17.png 772w\" sizes=\"(max-width: 198px) 100vw, 198px\" \/><\/a><\/td>\n<\/tr>\n<tr>\n<td style=\"text-align: center;\" width=\"104\"><a href=\"https:\/\/maps.app.goo.gl\/ZneKt4awy6C4zFkv5\">Distrito 41 Congrega\u00e7\u00e3o Sede Altos do Pinheiro<\/a><\/td>\n<td style=\"text-align: center;\" width=\"151\"><a href=\"https:\/\/maps.app.goo.gl\/ZneKt4awy6C4zFkv5\">R. Ad\u00e3o Benedito Lopes Brand\u00e3o &#8211; Lomba do Pinheiro, Porto Alegre &#8211; RS, 91560-610<\/a><\/td>\n<td style=\"text-align: center;\" width=\"170\"><a href=\"https:\/\/maps.app.goo.gl\/ZneKt4awy6C4zFkv5\"><img loading=\"lazy\" decoding=\"async\" class=\"alignnone wp-image-840\" src=\"http:\/\/deiadpa.com.br\/wp-content\/uploads\/2025\/12\/41.png\" alt=\"\" width=\"201\" height=\"167\" \/><\/a><\/td>\n<\/tr>\n<tr>\n<td style=\"text-align: center;\" width=\"104\"><a href=\"https:\/\/maps.app.goo.gl\/5v44udqHtsyBnc9h8\">Distrito 58 Congrega\u00e7\u00e3o Sede Quinta do Portal<\/a><\/td>\n<td style=\"text-align: center;\" width=\"151\"><a href=\"https:\/\/maps.app.goo.gl\/5v44udqHtsyBnc9h8\">R. Jaime Lino dos Santos Filho, 322 &#8211; Lomba do Pinheiro, Porto Alegre &#8211; RS, 91550-610<\/a><\/td>\n<td style=\"text-align: center;\" width=\"170\"><a href=\"https:\/\/maps.app.goo.gl\/5v44udqHtsyBnc9h8\"><img loading=\"lazy\" decoding=\"async\" class=\"alignnone wp-image-841\" src=\"http:\/\/deiadpa.com.br\/wp-content\/uploads\/2025\/12\/58.png\" alt=\"\" width=\"199\" height=\"147\" \/><\/a><\/td>\n<\/tr>\n<tr>\n<td style=\"text-align: center;\" width=\"104\"><a href=\"https:\/\/maps.app.goo.gl\/52YdYfUJnfu1RqQa6\">Distrito 61 Congrega\u00e7\u00e3o Sede Esmeralda<\/a><\/td>\n<td style=\"text-align: center;\" width=\"151\"><a href=\"https:\/\/maps.app.goo.gl\/52YdYfUJnfu1RqQa6\">Rua Mis. Herbert Nordlund, 45 &#8211; Lomba do Pinheiro, Porto Alegre &#8211; RS, 91540-390<\/a><\/td>\n<td style=\"text-align: center;\" width=\"170\"><a href=\"https:\/\/maps.app.goo.gl\/52YdYfUJnfu1RqQa6\"><img loading=\"lazy\" decoding=\"async\" class=\"alignnone wp-image-842\" src=\"http:\/\/deiadpa.com.br\/wp-content\/uploads\/2025\/12\/61-300x239.png\" alt=\"\" width=\"198\" height=\"158\" srcset=\"https:\/\/deiadpa.com.br\/wp-content\/uploads\/2025\/12\/61-300x239.png 300w, https:\/\/deiadpa.com.br\/wp-content\/uploads\/2025\/12\/61.png 385w\" sizes=\"(max-width: 198px) 100vw, 198px\" \/><\/a><\/td>\n<\/tr>\n<\/tbody>\n<\/table>\n","protected":false},"excerpt":{"rendered":"<p>BAIRRO IGREJA ENDERE\u00c7O CLIQUE PARA VER Partenon Distrito 10 Congrega\u00e7\u00e3o Sede Partenon R. Guilherme Alves, 1512 &#8211; Petr\u00f3polis, Porto Alegre &#8211; RS, 90680-000 Distrito 54 [&#8230;]<\/p>\n","protected":false},"author":1,"featured_media":0,"parent":690,"menu_order":0,"comment_status":"closed","ping_status":"closed","template":"","meta":{"footnotes":""},"_links":{"self":[{"href":"https:\/\/deiadpa.com.br\/index.php\/wp-json\/wp\/v2\/pages\/724"}],"collection":[{"href":"https:\/\/deiadpa.com.br\/index.php\/wp-json\/wp\/v2\/pages"}],"about":[{"href":"https:\/\/deiadpa.com.br\/index.php\/wp-json\/wp\/v2\/types\/page"}],"author":[{"embeddable":true,"href":"https:\/\/deiadpa.com.br\/index.php\/wp-json\/wp\/v2\/users\/1"}],"replies":[{"embeddable":true,"href":"https:\/\/deiadpa.com.br\/index.php\/wp-json\/wp\/v2\/comments?post=724"}],"version-history":[{"count":12,"href":"https:\/\/deiadpa.com.br\/index.php\/wp-json\/wp\/v2\/pages\/724\/revisions"}],"predecessor-version":[{"id":911,"href":"https:\/\/deiadpa.com.br\/index.php\/wp-json\/wp\/v2\/pages\/724\/revisions\/911"}],"up":[{"embeddable":true,"href":"https:\/\/deiadpa.com.br\/index.php\/wp-json\/wp\/v2\/pages\/690"}],"wp:attachment":[{"href":"https:\/\/deiadpa.com.br\/index.php\/wp-json\/wp\/v2\/media?parent=724"}],"curies":[{"name":"wp","href":"https:\/\/api.w.org\/{rel}","templated":true}]}}