{"id":719,"date":"2025-12-02T17:49:50","date_gmt":"2025-12-02T20:49:50","guid":{"rendered":"https:\/\/deiadpa.com.br\/?page_id=719"},"modified":"2025-12-11T14:07:15","modified_gmt":"2025-12-11T17:07:15","slug":"igrejas-na-regiao-zona-sul","status":"publish","type":"page","link":"https:\/\/deiadpa.com.br\/index.php\/nossa-igreja\/igrejas-de-bairros\/igrejas-na-regiao-zona-sul\/","title":{"rendered":"Igrejas na Regi\u00e3o Zona-Sul"},"content":{"rendered":"<p>&nbsp;<\/p>\n<table style=\"height: 1241px;\" width=\"910\">\n<tbody>\n<tr>\n<td width=\"142\">\n<h2 style=\"text-align: center;\"><span style=\"color: #0000ff;\"><strong>BAIRRO<\/strong><\/span><\/h2>\n<\/td>\n<td width=\"104\">\n<h2 style=\"text-align: center;\"><span style=\"color: #0000ff;\"><strong>IGREJA<\/strong><\/span><\/h2>\n<\/td>\n<td width=\"151\">\n<h2 style=\"text-align: center;\"><span style=\"color: #0000ff;\"><strong>ENDERE\u00c7O<\/strong><\/span><\/h2>\n<\/td>\n<td width=\"170\">\n<h2 style=\"text-align: center;\"><span style=\"color: #0000ff;\"><strong>CLIQUE PARA VER<\/strong><\/span><\/h2>\n<\/td>\n<\/tr>\n<tr>\n<td width=\"142\">\n<p style=\"text-align: center;\"><a href=\"https:\/\/maps.app.goo.gl\/BUBFDCNpKMAApwc59\">Tristeza<\/a><\/p>\n<\/td>\n<td rowspan=\"2\" width=\"104\">\n<p style=\"text-align: center;\"><a href=\"https:\/\/maps.app.goo.gl\/BUBFDCNpKMAApwc59\">Distrito 02\u00a0 congrega\u00e7\u00e3o Sede Camaqu\u00e3<\/a><\/p>\n<\/td>\n<td rowspan=\"2\" width=\"151\">\n<p style=\"text-align: center;\"><a href=\"https:\/\/maps.app.goo.gl\/BUBFDCNpKMAApwc59\">R. Camaqu\u00e3, 205 &#8211; Camaqu\u00e3, Porto Alegre &#8211; RS, 91910-630<\/a><\/p>\n<\/td>\n<td rowspan=\"2\" width=\"170\">\n<p style=\"text-align: center;\"><a href=\"https:\/\/maps.app.goo.gl\/BUBFDCNpKMAApwc59\"><img loading=\"lazy\" decoding=\"async\" class=\"alignnone wp-image-773\" src=\"http:\/\/deiadpa.com.br\/wp-content\/uploads\/2025\/12\/Camaqua.png\" alt=\"\" width=\"192\" height=\"173\" \/><\/a><\/p>\n<\/td>\n<\/tr>\n<tr>\n<td width=\"142\">\n<p style=\"text-align: center;\"><a href=\"https:\/\/maps.app.goo.gl\/BUBFDCNpKMAApwc59\">Vila Assun\u00e7\u00e3o<\/a><\/p>\n<\/td>\n<\/tr>\n<tr>\n<td style=\"text-align: center;\" width=\"142\"><a href=\"https:\/\/maps.app.goo.gl\/ZgevjTDtTerRoXgL8\">Bel\u00e9m Velho<\/a><\/td>\n<td style=\"text-align: center;\" width=\"104\"><a href=\"https:\/\/maps.app.goo.gl\/ZgevjTDtTerRoXgL8\">Distrito 37 Congrega\u00e7\u00e3o Sede Rinc\u00e3o<\/a><\/td>\n<td style=\"text-align: center;\" width=\"151\"><a href=\"https:\/\/maps.app.goo.gl\/ZgevjTDtTerRoXgL8\">Estr. Afonso Louren\u00e7o Mariante, 1200 &#8211; Lomba do Pinheiro, Porto Alegre &#8211; RS, 91787-260<\/a><\/td>\n<td style=\"text-align: center;\" width=\"170\"><a href=\"https:\/\/maps.app.goo.gl\/ZgevjTDtTerRoXgL8\"><img loading=\"lazy\" decoding=\"async\" class=\"alignnone wp-image-775\" src=\"http:\/\/deiadpa.com.br\/wp-content\/uploads\/2025\/12\/Rincao-300x213.png\" alt=\"\" width=\"200\" height=\"142\" srcset=\"https:\/\/deiadpa.com.br\/wp-content\/uploads\/2025\/12\/Rincao-300x213.png 300w, https:\/\/deiadpa.com.br\/wp-content\/uploads\/2025\/12\/Rincao.png 338w\" sizes=\"(max-width: 200px) 100vw, 200px\" \/><\/a><\/td>\n<\/tr>\n<tr>\n<td style=\"text-align: center;\" width=\"142\"><a href=\"https:\/\/maps.app.goo.gl\/uaLRsQsa2Aa6ZAUf9\">Teres\u00f3polis<\/a><\/td>\n<td style=\"text-align: center;\" rowspan=\"2\" width=\"104\"><a href=\"https:\/\/maps.app.goo.gl\/uaLRsQsa2Aa6ZAUf9\">Distrito 25 Congrega\u00e7\u00e3o Sede\u00a0 Alto Petr\u00f3polis<\/a><\/td>\n<td style=\"text-align: center;\" rowspan=\"2\" width=\"151\"><a href=\"https:\/\/maps.app.goo.gl\/uaLRsQsa2Aa6ZAUf9\">R. Sep\u00e9 Tiaraj\u00fa, 1116 &#8211; Medianeira, Porto Alegre &#8211; RS, 90870-224<\/a><\/td>\n<td style=\"text-align: center;\" rowspan=\"2\" width=\"170\"><a href=\"https:\/\/maps.app.goo.gl\/uaLRsQsa2Aa6ZAUf9\"><img loading=\"lazy\" decoding=\"async\" class=\"alignnone wp-image-777\" src=\"http:\/\/deiadpa.com.br\/wp-content\/uploads\/2025\/12\/A-Petropolis.png\" alt=\"\" width=\"203\" height=\"171\" \/><\/a><\/td>\n<\/tr>\n<tr>\n<td style=\"text-align: center;\" width=\"142\"><a href=\"https:\/\/maps.app.goo.gl\/uaLRsQsa2Aa6ZAUf9\">Santa Tereza<\/a><\/td>\n<\/tr>\n<tr>\n<td style=\"text-align: center;\" width=\"142\"><a href=\"https:\/\/maps.app.goo.gl\/Smt8NjgYToCyMQ5H7\">Medianeira<\/a><\/td>\n<td style=\"text-align: center;\" rowspan=\"2\" width=\"104\"><a href=\"https:\/\/maps.app.goo.gl\/Smt8NjgYToCyMQ5H7\">Distrito 40 Congrega\u00e7\u00e3o Sede Teres\u00f3polis<\/a><\/td>\n<td style=\"text-align: center;\" rowspan=\"2\" width=\"151\"><a href=\"https:\/\/maps.app.goo.gl\/Smt8NjgYToCyMQ5H7\">Av. Teres\u00f3polis, 2182 &#8211; Teres\u00f3polis, Porto Alegre &#8211; RS, 90870-000<\/a><\/td>\n<td style=\"text-align: center;\" rowspan=\"2\" width=\"170\"><a href=\"https:\/\/maps.app.goo.gl\/Smt8NjgYToCyMQ5H7\"><img loading=\"lazy\" decoding=\"async\" class=\"alignnone wp-image-779\" src=\"http:\/\/deiadpa.com.br\/wp-content\/uploads\/2025\/12\/Teresopolis.png\" alt=\"\" width=\"201\" height=\"173\" \/><\/a><\/td>\n<\/tr>\n<tr>\n<td style=\"text-align: center;\" width=\"142\"><a href=\"https:\/\/maps.app.goo.gl\/Smt8NjgYToCyMQ5H7\">Santo Ant\u00f4nio<\/a><\/td>\n<\/tr>\n<tr>\n<td style=\"text-align: center;\" width=\"142\"><a href=\"https:\/\/maps.app.goo.gl\/Go6gNTE6vNj9hkcWA\">Cristal<\/a><\/td>\n<td style=\"text-align: center;\" rowspan=\"2\" width=\"104\"><a href=\"https:\/\/maps.app.goo.gl\/Go6gNTE6vNj9hkcWA\">Distrito 15 Congrega\u00e7\u00e3o Sede Cristal<\/a><\/td>\n<td style=\"text-align: center;\" rowspan=\"2\" width=\"151\"><a href=\"https:\/\/maps.app.goo.gl\/Go6gNTE6vNj9hkcWA\">R. Dona Cristina, 77 &#8211; Cristal, Porto Alegre &#8211; RS, 90830-560<\/a><\/td>\n<td style=\"text-align: center;\" rowspan=\"2\" width=\"170\"><a href=\"https:\/\/maps.app.goo.gl\/Go6gNTE6vNj9hkcWA\"><img loading=\"lazy\" decoding=\"async\" class=\"alignnone wp-image-781\" src=\"http:\/\/deiadpa.com.br\/wp-content\/uploads\/2025\/12\/Cristal-300x206.png\" alt=\"\" width=\"201\" height=\"138\" srcset=\"https:\/\/deiadpa.com.br\/wp-content\/uploads\/2025\/12\/Cristal-300x206.png 300w, https:\/\/deiadpa.com.br\/wp-content\/uploads\/2025\/12\/Cristal.png 307w\" sizes=\"(max-width: 201px) 100vw, 201px\" \/><\/a><\/td>\n<\/tr>\n<tr>\n<td style=\"text-align: center;\" width=\"142\"><a href=\"https:\/\/maps.app.goo.gl\/Go6gNTE6vNj9hkcWA\">Nonoai<\/a><\/td>\n<\/tr>\n<tr>\n<td style=\"text-align: center;\" width=\"142\"><a href=\"https:\/\/maps.app.goo.gl\/dWwN2XXtHRnHbrXi9\">Menino Deus<\/a><\/td>\n<td style=\"text-align: center;\" rowspan=\"2\" width=\"104\"><a href=\"https:\/\/maps.app.goo.gl\/dWwN2XXtHRnHbrXi9\">Distrito 05 Congrega\u00e7\u00e3o Sede Menino Deus<\/a><\/td>\n<td style=\"text-align: center;\" rowspan=\"2\" width=\"151\"><a href=\"https:\/\/maps.app.goo.gl\/dWwN2XXtHRnHbrXi9\">R Mariano de Matos, 92 &#8211; Medianeira, Porto Alegre &#8211; RS, 90880-250<\/a><\/td>\n<td style=\"text-align: center;\" rowspan=\"2\" width=\"170\"><a href=\"https:\/\/maps.app.goo.gl\/dWwN2XXtHRnHbrXi9\"><img loading=\"lazy\" decoding=\"async\" class=\"alignnone wp-image-785\" src=\"http:\/\/deiadpa.com.br\/wp-content\/uploads\/2025\/12\/Menino-Deus-2.png\" alt=\"\" width=\"201\" height=\"165\" \/><\/a><\/td>\n<\/tr>\n<tr>\n<td style=\"text-align: center;\" width=\"142\"><a href=\"https:\/\/maps.app.goo.gl\/dWwN2XXtHRnHbrXi9\">Medianeira<\/a><\/td>\n<\/tr>\n<tr>\n<td width=\"142\">\n<p style=\"text-align: center;\"><a href=\"https:\/\/maps.app.goo.gl\/cDVhVwdcUKLC5bCz8\">Azenha<\/a><\/p>\n<\/td>\n<td rowspan=\"2\" width=\"104\">\n<p style=\"text-align: center;\"><a href=\"https:\/\/maps.app.goo.gl\/cDVhVwdcUKLC5bCz8\">Distrito 65 Congrega\u00e7\u00e3o Sede Azenha<\/a><\/p>\n<\/td>\n<td rowspan=\"2\" width=\"151\">\n<p style=\"text-align: center;\"><a href=\"https:\/\/maps.app.goo.gl\/cDVhVwdcUKLC5bCz8\">R. Recife, 46 &#8211; Azenha, Porto Alegre &#8211; RS, 90880-500<\/a><\/p>\n<\/td>\n<td rowspan=\"2\" width=\"170\">\n<p style=\"text-align: center;\"><a href=\"https:\/\/maps.app.goo.gl\/cDVhVwdcUKLC5bCz8\"><img loading=\"lazy\" decoding=\"async\" class=\"alignnone wp-image-758\" src=\"http:\/\/deiadpa.com.br\/wp-content\/uploads\/2025\/12\/Azenha-300x223.png\" alt=\"\" width=\"205\" height=\"152\" srcset=\"https:\/\/deiadpa.com.br\/wp-content\/uploads\/2025\/12\/Azenha-300x223.png 300w, https:\/\/deiadpa.com.br\/wp-content\/uploads\/2025\/12\/Azenha-768x571.png 768w, https:\/\/deiadpa.com.br\/wp-content\/uploads\/2025\/12\/Azenha.png 960w\" sizes=\"(max-width: 205px) 100vw, 205px\" \/><\/a><\/p>\n<\/td>\n<\/tr>\n<tr>\n<td width=\"142\">\n<p style=\"text-align: center;\"><a href=\"https:\/\/maps.app.goo.gl\/cDVhVwdcUKLC5bCz8\">Praia de Belas<\/a><\/p>\n<\/td>\n<\/tr>\n<tr>\n<td style=\"text-align: center;\" rowspan=\"2\" width=\"142\"><a href=\"https:\/\/maps.app.goo.gl\/s3Yi5dpgkJQEJuL8A\">Vila Nova Norte<\/a><\/p>\n<p>&nbsp;<\/p>\n<p>&nbsp;<\/p>\n<p>&nbsp;<\/p>\n<p><a href=\"https:\/\/maps.app.goo.gl\/SnZ2UoN1SdMV4AQb8\">Vila Nova Sudeste<\/a><\/td>\n<td style=\"text-align: center;\" width=\"104\"><a href=\"https:\/\/maps.app.goo.gl\/s3Yi5dpgkJQEJuL8A\">Distrito 31 Congrega\u00e7\u00e3o Sede Monte Cristo<\/a><\/td>\n<td style=\"text-align: center;\" width=\"151\"><a href=\"https:\/\/maps.app.goo.gl\/s3Yi5dpgkJQEJuL8A\">Av. Monte Cristo, 1098 &#8211; Vila Nova, Porto Alegre &#8211; RS, 91750-000<\/a><\/td>\n<td style=\"text-align: center;\" width=\"170\"><a href=\"https:\/\/maps.app.goo.gl\/s3Yi5dpgkJQEJuL8A\"><img loading=\"lazy\" decoding=\"async\" class=\"alignnone size-full wp-image-788\" src=\"http:\/\/deiadpa.com.br\/wp-content\/uploads\/2025\/12\/Monte-Cristo.png\" alt=\"\" width=\"211\" height=\"179\" \/><\/a><\/td>\n<\/tr>\n<tr>\n<td style=\"text-align: center;\" width=\"104\"><a href=\"https:\/\/maps.app.goo.gl\/SnZ2UoN1SdMV4AQb8\">Distrito 60 Congrega\u00e7\u00e3o Sede Campo Novo<\/a><\/td>\n<td style=\"text-align: center;\" width=\"151\"><a href=\"https:\/\/maps.app.goo.gl\/SnZ2UoN1SdMV4AQb8\">Rua Oz\u00f3rio Jos\u00e9 Martins, 120 &#8211; Campo Novo, Porto Alegre &#8211; RS, 91750-032<\/a><\/td>\n<td style=\"text-align: center;\" width=\"170\"><a href=\"https:\/\/maps.app.goo.gl\/SnZ2UoN1SdMV4AQb8\"><img loading=\"lazy\" decoding=\"async\" class=\"alignnone wp-image-789\" src=\"http:\/\/deiadpa.com.br\/wp-content\/uploads\/2025\/12\/Campo-Bom.png\" alt=\"\" width=\"211\" height=\"165\" \/><\/a><\/td>\n<\/tr>\n<tr>\n<td style=\"text-align: center;\" width=\"142\"><a href=\"https:\/\/maps.app.goo.gl\/jQttukph9LX2Y36q7\">Gl\u00f3ria<\/a><\/td>\n<td style=\"text-align: center;\" width=\"104\"><a href=\"https:\/\/maps.app.goo.gl\/jQttukph9LX2Y36q7\">Distrito 08 Congrega\u00e7\u00e3o Sede Gl\u00f3ria<\/a><\/td>\n<td style=\"text-align: center;\" width=\"151\"><a href=\"https:\/\/maps.app.goo.gl\/jQttukph9LX2Y36q7\">Av. Sergipe, 209 &#8211; Gl\u00f3ria, Porto Alegre &#8211; RS, 91720-110<\/a><\/td>\n<td style=\"text-align: center;\" width=\"170\"><a href=\"https:\/\/maps.app.goo.gl\/jQttukph9LX2Y36q7\"><img loading=\"lazy\" decoding=\"async\" class=\"alignnone wp-image-791\" src=\"http:\/\/deiadpa.com.br\/wp-content\/uploads\/2025\/12\/Gloria.png\" alt=\"\" width=\"213\" height=\"191\" \/><\/a><\/td>\n<\/tr>\n<tr>\n<td style=\"text-align: center;\" width=\"142\"><a href=\"https:\/\/maps.app.goo.gl\/kFSrVGBQVBC5tLcB7\">Apar\u00edcio Borges<\/a><\/td>\n<td style=\"text-align: center;\" width=\"104\"><a href=\"https:\/\/maps.app.goo.gl\/jQttukph9LX2Y36q7\">Distrito 08 Congrega\u00e7\u00e3o Sede Gl\u00f3ria<\/a><\/td>\n<td style=\"text-align: center;\" width=\"151\"><a href=\"https:\/\/maps.app.goo.gl\/jQttukph9LX2Y36q7\">Av. Sergipe, 209 &#8211; Gl\u00f3ria, Porto Alegre &#8211; RS, 91720-110<\/a><\/td>\n<td style=\"text-align: center;\" width=\"170\"><a href=\"https:\/\/maps.app.goo.gl\/jQttukph9LX2Y36q7\"><img loading=\"lazy\" decoding=\"async\" class=\"alignnone wp-image-791\" src=\"http:\/\/deiadpa.com.br\/wp-content\/uploads\/2025\/12\/Gloria.png\" alt=\"\" width=\"213\" height=\"191\" \/><\/a><\/td>\n<\/tr>\n<tr>\n<td style=\"text-align: center;\" width=\"142\"><a href=\"https:\/\/maps.app.goo.gl\/ak6TE3L8vAQr3DWE8\">Cascata<\/a><\/td>\n<td style=\"text-align: center;\" width=\"104\"><a href=\"https:\/\/maps.app.goo.gl\/ak6TE3L8vAQr3DWE8\">Distrito 33 Congrega\u00e7\u00e3o Sede Cascata<\/a><\/td>\n<td style=\"text-align: center;\" width=\"151\"><a href=\"https:\/\/maps.app.goo.gl\/ak6TE3L8vAQr3DWE8\">Av. Prof. Oscar Pereira, 5600 &#8211; Cascata, Porto Alegre &#8211; RS, 91712-320<\/a><\/td>\n<td style=\"text-align: center;\" width=\"170\"><a href=\"https:\/\/maps.app.goo.gl\/ak6TE3L8vAQr3DWE8\"><img loading=\"lazy\" decoding=\"async\" class=\"alignnone wp-image-794\" src=\"http:\/\/deiadpa.com.br\/wp-content\/uploads\/2025\/12\/cASCATA.png\" alt=\"\" width=\"215\" height=\"161\" \/><\/a><\/td>\n<\/tr>\n<tr>\n<td style=\"text-align: center;\" width=\"142\"><a href=\"https:\/\/maps.app.goo.gl\/ihW3muLgvhSDUBLu7\">Ipanema<\/a><\/td>\n<td style=\"text-align: center;\" width=\"104\"><a href=\"https:\/\/maps.app.goo.gl\/ihW3muLgvhSDUBLu7\">Distrito 11 Congrega\u00e7\u00e3o Sede Ipanema<\/a><\/td>\n<td style=\"text-align: center;\" width=\"151\"><a href=\"https:\/\/maps.app.goo.gl\/ihW3muLgvhSDUBLu7\">Av. Juca Batista, 440 &#8211; Ipanema, Porto Alegre &#8211; RS, 91770-000<\/a><\/td>\n<td style=\"text-align: center;\" width=\"170\"><a href=\"https:\/\/maps.app.goo.gl\/ihW3muLgvhSDUBLu7\"><img loading=\"lazy\" decoding=\"async\" class=\"alignnone wp-image-796\" src=\"http:\/\/deiadpa.com.br\/wp-content\/uploads\/2025\/12\/Ipanema.png\" alt=\"\" width=\"218\" height=\"207\" \/><\/a><\/td>\n<\/tr>\n<\/tbody>\n<\/table>\n<p>&nbsp;<\/p>\n","protected":false},"excerpt":{"rendered":"<p>&nbsp; BAIRRO IGREJA ENDERE\u00c7O CLIQUE PARA VER Tristeza Distrito 02\u00a0 congrega\u00e7\u00e3o Sede Camaqu\u00e3 R. Camaqu\u00e3, 205 &#8211; Camaqu\u00e3, Porto Alegre &#8211; RS, 91910-630 Vila Assun\u00e7\u00e3o [&#8230;]<\/p>\n","protected":false},"author":1,"featured_media":0,"parent":690,"menu_order":0,"comment_status":"closed","ping_status":"closed","template":"","meta":{"footnotes":""},"_links":{"self":[{"href":"https:\/\/deiadpa.com.br\/index.php\/wp-json\/wp\/v2\/pages\/719"}],"collection":[{"href":"https:\/\/deiadpa.com.br\/index.php\/wp-json\/wp\/v2\/pages"}],"about":[{"href":"https:\/\/deiadpa.com.br\/index.php\/wp-json\/wp\/v2\/types\/page"}],"author":[{"embeddable":true,"href":"https:\/\/deiadpa.com.br\/index.php\/wp-json\/wp\/v2\/users\/1"}],"replies":[{"embeddable":true,"href":"https:\/\/deiadpa.com.br\/index.php\/wp-json\/wp\/v2\/comments?post=719"}],"version-history":[{"count":19,"href":"https:\/\/deiadpa.com.br\/index.php\/wp-json\/wp\/v2\/pages\/719\/revisions"}],"predecessor-version":[{"id":915,"href":"https:\/\/deiadpa.com.br\/index.php\/wp-json\/wp\/v2\/pages\/719\/revisions\/915"}],"up":[{"embeddable":true,"href":"https:\/\/deiadpa.com.br\/index.php\/wp-json\/wp\/v2\/pages\/690"}],"wp:attachment":[{"href":"https:\/\/deiadpa.com.br\/index.php\/wp-json\/wp\/v2\/media?parent=719"}],"curies":[{"name":"wp","href":"https:\/\/api.w.org\/{rel}","templated":true}]}}