{"id":696,"date":"2025-12-02T16:42:12","date_gmt":"2025-12-02T19:42:12","guid":{"rendered":"https:\/\/deiadpa.com.br\/?page_id=696"},"modified":"2025-12-11T14:06:02","modified_gmt":"2025-12-11T17:06:02","slug":"igrejas-na-regiao-do-centro","status":"publish","type":"page","link":"https:\/\/deiadpa.com.br\/index.php\/nossa-igreja\/igrejas-de-bairros\/igrejas-na-regiao-do-centro\/","title":{"rendered":"Igrejas na Regi\u00e3o do Centro"},"content":{"rendered":"<p>&nbsp;<\/p>\n<table style=\"height: 705px;\" width=\"903\">\n<tbody>\n<tr>\n<td style=\"text-align: center;\" width=\"151\">\n<h2><span style=\"color: #0000ff;\"><strong>BAIRRO<\/strong><\/span><\/h2>\n<\/td>\n<td style=\"text-align: center;\" width=\"123\">\n<h2><span style=\"color: #0000ff;\"><strong>IGREJA<\/strong><\/span><\/h2>\n<\/td>\n<td style=\"text-align: center;\" width=\"161\">\n<h2><span style=\"color: #0000ff;\"><strong>ENDERE\u00c7O<\/strong><\/span><\/h2>\n<\/td>\n<td style=\"text-align: center;\" width=\"180\">\n<h2><span style=\"color: #0000ff;\"><strong>CLIQUE PARA VER<\/strong><\/span><\/h2>\n<\/td>\n<\/tr>\n<tr>\n<td style=\"text-align: center;\" width=\"151\"><a href=\"https:\/\/maps.app.goo.gl\/yCpaVfJowgXKaXAk7\">Centro Hist\u00f3rico<\/a><\/td>\n<td style=\"text-align: center;\" width=\"123\"><a href=\"https:\/\/maps.app.goo.gl\/yCpaVfJowgXKaXAk7\">Distrito 28<\/a> \u00a0<a href=\"https:\/\/maps.app.goo.gl\/yCpaVfJowgXKaXAk7\">Congrega\u00e7\u00e3o Sede Centro<\/a><\/td>\n<td width=\"161\"><a href=\"https:\/\/maps.app.goo.gl\/yCpaVfJowgXKaXAk7\">R. Siqueira Campos, 1172 &#8211; Centro Hist\u00f3rico, Porto Alegre &#8211; RS, 90010-001<\/a><\/td>\n<td width=\"180\"><a href=\"https:\/\/maps.app.goo.gl\/cGRMbVkgafapUkBA6\"><img loading=\"lazy\" decoding=\"async\" class=\"wp-image-703 aligncenter\" src=\"http:\/\/deiadpa.com.br\/wp-content\/uploads\/2025\/12\/AD-Centro-300x233.png\" alt=\"\" width=\"147\" height=\"114\" srcset=\"https:\/\/deiadpa.com.br\/wp-content\/uploads\/2025\/12\/AD-Centro-300x233.png 300w, https:\/\/deiadpa.com.br\/wp-content\/uploads\/2025\/12\/AD-Centro-768x597.png 768w, https:\/\/deiadpa.com.br\/wp-content\/uploads\/2025\/12\/AD-Centro.png 1024w\" sizes=\"(max-width: 147px) 100vw, 147px\" \/><\/a><\/td>\n<\/tr>\n<tr>\n<td style=\"text-align: center;\" width=\"151\"><a href=\"https:\/\/maps.app.goo.gl\/tQB9hqkQCBHwa2FQ8\">Bom Fim<\/a><\/td>\n<td style=\"text-align: center;\" width=\"123\"><a href=\"https:\/\/maps.app.goo.gl\/tQB9hqkQCBHwa2FQ8\">Igreja Matriz Congrega\u00e7\u00e3o Bom Fim<\/a><\/td>\n<td rowspan=\"2\" width=\"161\"><a href=\"https:\/\/maps.app.goo.gl\/tQB9hqkQCBHwa2FQ8\">Av. Osvaldo Aranha, 612 &#8211; Bom Fim, Porto Alegre &#8211; RS, 90035-190<\/a><\/td>\n<td rowspan=\"2\" width=\"180\"><a href=\"https:\/\/maps.app.goo.gl\/i1Gdgm7HcCzLULhA9\"><img loading=\"lazy\" decoding=\"async\" class=\"wp-image-706 aligncenter\" src=\"http:\/\/deiadpa.com.br\/wp-content\/uploads\/2025\/12\/AD-Bom-Fim-300x226.png\" alt=\"\" width=\"153\" height=\"115\" srcset=\"https:\/\/deiadpa.com.br\/wp-content\/uploads\/2025\/12\/AD-Bom-Fim-300x226.png 300w, https:\/\/deiadpa.com.br\/wp-content\/uploads\/2025\/12\/AD-Bom-Fim.png 517w\" sizes=\"(max-width: 153px) 100vw, 153px\" \/><\/a><\/td>\n<\/tr>\n<tr>\n<td style=\"text-align: center;\" width=\"151\"><a href=\"https:\/\/maps.app.goo.gl\/tQB9hqkQCBHwa2FQ8\">Cidade Baixa<\/a><\/td>\n<td style=\"text-align: center;\" width=\"123\"><a href=\"https:\/\/maps.app.goo.gl\/tQB9hqkQCBHwa2FQ8\">Igreja Matriz Congrega\u00e7\u00e3o Bom Fim<\/a><\/td>\n<\/tr>\n<tr>\n<td style=\"text-align: center;\" width=\"151\"><a href=\"https:\/\/maps.app.goo.gl\/rWVVH3Qs9WMQ4eSg6\">Moinhos de Vento<\/a><\/td>\n<td style=\"text-align: center;\" width=\"123\"><a href=\"https:\/\/maps.app.goo.gl\/rWVVH3Qs9WMQ4eSg6\">Igreja Matriz Congrega\u00e7\u00e3o Sede<\/a><\/td>\n<td rowspan=\"6\" width=\"161\"><a href=\"https:\/\/maps.app.goo.gl\/rWVVH3Qs9WMQ4eSg6\">R. Gen. Neto, 384 &#8211; Floresta, Porto Alegre &#8211; RS, 90560-020<\/a><\/td>\n<td rowspan=\"6\" width=\"180\"><a href=\"https:\/\/maps.app.goo.gl\/3BbUjADALBzXxijL7\"><img loading=\"lazy\" decoding=\"async\" class=\"wp-image-705 aligncenter\" src=\"http:\/\/deiadpa.com.br\/wp-content\/uploads\/2025\/12\/igreja_HD_2-300x200.png\" alt=\"\" width=\"186\" height=\"124\" srcset=\"https:\/\/deiadpa.com.br\/wp-content\/uploads\/2025\/12\/igreja_HD_2-300x200.png 300w, https:\/\/deiadpa.com.br\/wp-content\/uploads\/2025\/12\/igreja_HD_2-1024x683.png 1024w, https:\/\/deiadpa.com.br\/wp-content\/uploads\/2025\/12\/igreja_HD_2-768x512.png 768w, https:\/\/deiadpa.com.br\/wp-content\/uploads\/2025\/12\/igreja_HD_2-1536x1025.png 1536w, https:\/\/deiadpa.com.br\/wp-content\/uploads\/2025\/12\/igreja_HD_2-1800x1201.png 1800w, https:\/\/deiadpa.com.br\/wp-content\/uploads\/2025\/12\/igreja_HD_2.png 2048w\" sizes=\"(max-width: 186px) 100vw, 186px\" \/><\/a><\/td>\n<\/tr>\n<tr>\n<td style=\"text-align: center;\" width=\"151\"><a href=\"https:\/\/maps.app.goo.gl\/rWVVH3Qs9WMQ4eSg6\">Floresta<\/a><\/td>\n<td style=\"text-align: center;\" width=\"123\"><a href=\"https:\/\/maps.app.goo.gl\/rWVVH3Qs9WMQ4eSg6\">Igreja Matriz Congrega\u00e7\u00e3o Sede<\/a><\/td>\n<\/tr>\n<tr>\n<td style=\"text-align: center;\" width=\"151\"><a href=\"https:\/\/maps.app.goo.gl\/rWVVH3Qs9WMQ4eSg6\">Auxiliadora<\/a><\/td>\n<td style=\"text-align: center;\" width=\"123\"><a href=\"https:\/\/maps.app.goo.gl\/rWVVH3Qs9WMQ4eSg6\">Igreja Matriz Congrega\u00e7\u00e3o Sede<\/a><\/td>\n<\/tr>\n<tr>\n<td style=\"text-align: center;\" width=\"151\"><a href=\"https:\/\/maps.app.goo.gl\/rWVVH3Qs9WMQ4eSg6\">Mont\u2019Serrat<\/a><\/td>\n<td style=\"text-align: center;\" width=\"123\"><a href=\"https:\/\/maps.app.goo.gl\/rWVVH3Qs9WMQ4eSg6\">Igreja Matriz Congrega\u00e7\u00e3o Sede<\/a><\/td>\n<\/tr>\n<tr>\n<td style=\"text-align: center;\" width=\"151\"><a href=\"https:\/\/maps.app.goo.gl\/rWVVH3Qs9WMQ4eSg6\">Bela Vista<\/a><\/td>\n<td style=\"text-align: center;\" width=\"123\"><a href=\"https:\/\/maps.app.goo.gl\/rWVVH3Qs9WMQ4eSg6\">Igreja Matriz Congrega\u00e7\u00e3o Sede<\/a><\/td>\n<\/tr>\n<tr>\n<td style=\"text-align: center;\" width=\"151\"><a href=\"https:\/\/maps.app.goo.gl\/rWVVH3Qs9WMQ4eSg6\">Rio Branco<\/a><\/td>\n<td style=\"text-align: center;\" width=\"123\"><a href=\"https:\/\/maps.app.goo.gl\/rWVVH3Qs9WMQ4eSg6\">Igreja Matriz Congrega\u00e7\u00e3o Sede<\/a><\/td>\n<\/tr>\n<\/tbody>\n<\/table>\n<table style=\"height: 436px;\" width=\"903\">\n<tbody>\n<tr>\n<td width=\"151\">\n<p style=\"text-align: center;\"><a href=\"https:\/\/maps.app.goo.gl\/eXjj86AGve2Uv6Kk7\">Farrapos<\/a><\/p>\n<\/td>\n<td style=\"text-align: center;\" rowspan=\"4\" width=\"123\">&nbsp;<\/p>\n<p><a href=\"https:\/\/maps.app.goo.gl\/eXjj86AGve2Uv6Kk7\">Distrito 09\u00a0 Congrega\u00e7\u00e3o Sede Farrapos<\/a><\/td>\n<td style=\"text-align: center;\" rowspan=\"4\" width=\"161\"><a href=\"https:\/\/maps.app.goo.gl\/eXjj86AGve2Uv6Kk7\">R. Padre Bl\u00e1sio Vogel, 305 &#8211; Farrapos, Porto Alegre &#8211; RS, 90245-411<\/a><\/td>\n<td style=\"text-align: center;\" rowspan=\"4\" width=\"180\"><a href=\"https:\/\/maps.app.goo.gl\/vUHkR4cJh4WgCd2f7\"><img loading=\"lazy\" decoding=\"async\" class=\"alignnone wp-image-754\" src=\"http:\/\/deiadpa.com.br\/wp-content\/uploads\/2025\/12\/Farrapos-300x176.png\" alt=\"\" width=\"194\" height=\"114\" srcset=\"https:\/\/deiadpa.com.br\/wp-content\/uploads\/2025\/12\/Farrapos-300x176.png 300w, https:\/\/deiadpa.com.br\/wp-content\/uploads\/2025\/12\/Farrapos.png 408w\" sizes=\"(max-width: 194px) 100vw, 194px\" \/><\/a><\/td>\n<\/tr>\n<tr>\n<td width=\"151\">\n<p style=\"text-align: center;\"><a href=\"https:\/\/maps.app.goo.gl\/eXjj86AGve2Uv6Kk7\">Humait\u00e1<\/a><\/p>\n<\/td>\n<\/tr>\n<tr>\n<td width=\"151\">\n<p style=\"text-align: center;\"><a href=\"https:\/\/maps.app.goo.gl\/eXjj86AGve2Uv6Kk7\">Anchieta<\/a><\/p>\n<\/td>\n<\/tr>\n<tr>\n<td width=\"151\">\n<p style=\"text-align: center;\"><a href=\"https:\/\/maps.app.goo.gl\/eXjj86AGve2Uv6Kk7\">Navegantes<\/a><\/p>\n<\/td>\n<\/tr>\n<tr>\n<td width=\"151\">\n<p style=\"text-align: center;\"><a href=\"https:\/\/maps.app.goo.gl\/Vw3QFL4cGKEt6Euu8\">Santa Maria Goretti<\/a><\/p>\n<\/td>\n<td rowspan=\"3\" width=\"123\">&nbsp;<\/p>\n<p style=\"text-align: center;\"><a href=\"https:\/\/maps.app.goo.gl\/Vw3QFL4cGKEt6Euu8\">Distrito 24\u00a0 \u00a0Congrega\u00e7\u00e3o Sede Floresta<\/a><\/p>\n<p>&nbsp;<\/td>\n<td rowspan=\"3\" width=\"161\">\n<p style=\"text-align: center;\"><a href=\"https:\/\/maps.app.goo.gl\/Vw3QFL4cGKEt6Euu8\">R. S\u00e3o Salvador, 503 &#8211; Santa Maria Goretti, Porto Alegre &#8211; RS, 91030-200<\/a><\/p>\n<\/td>\n<td rowspan=\"3\" width=\"180\"><a href=\"https:\/\/maps.app.goo.gl\/rJRoXQ5wVVgotQwZ9\"><img loading=\"lazy\" decoding=\"async\" class=\"wp-image-755 aligncenter\" src=\"http:\/\/deiadpa.com.br\/wp-content\/uploads\/2025\/12\/Floresta-300x176.png\" alt=\"\" width=\"198\" height=\"116\" srcset=\"https:\/\/deiadpa.com.br\/wp-content\/uploads\/2025\/12\/Floresta-300x176.png 300w, https:\/\/deiadpa.com.br\/wp-content\/uploads\/2025\/12\/Floresta.png 408w\" sizes=\"(max-width: 198px) 100vw, 198px\" \/><\/a><\/td>\n<\/tr>\n<tr>\n<td width=\"151\">\n<p style=\"text-align: center;\"><a href=\"https:\/\/maps.app.goo.gl\/Vw3QFL4cGKEt6Euu8\">S\u00e3o Geraldo<\/a><\/p>\n<\/td>\n<\/tr>\n<tr>\n<td width=\"151\">\n<p style=\"text-align: center;\"><a href=\"https:\/\/maps.app.goo.gl\/Vw3QFL4cGKEt6Euu8\">S\u00e3o Jo\u00e3o<\/a><\/p>\n<\/td>\n<\/tr>\n<\/tbody>\n<\/table>\n<p>&nbsp;<\/p>\n","protected":false},"excerpt":{"rendered":"<p>&nbsp; BAIRRO IGREJA ENDERE\u00c7O CLIQUE PARA VER Centro Hist\u00f3rico Distrito 28 \u00a0Congrega\u00e7\u00e3o Sede Centro R. Siqueira Campos, 1172 &#8211; Centro Hist\u00f3rico, Porto Alegre &#8211; RS, [&#8230;]<\/p>\n","protected":false},"author":1,"featured_media":0,"parent":690,"menu_order":0,"comment_status":"closed","ping_status":"closed","template":"","meta":{"footnotes":""},"_links":{"self":[{"href":"https:\/\/deiadpa.com.br\/index.php\/wp-json\/wp\/v2\/pages\/696"}],"collection":[{"href":"https:\/\/deiadpa.com.br\/index.php\/wp-json\/wp\/v2\/pages"}],"about":[{"href":"https:\/\/deiadpa.com.br\/index.php\/wp-json\/wp\/v2\/types\/page"}],"author":[{"embeddable":true,"href":"https:\/\/deiadpa.com.br\/index.php\/wp-json\/wp\/v2\/users\/1"}],"replies":[{"embeddable":true,"href":"https:\/\/deiadpa.com.br\/index.php\/wp-json\/wp\/v2\/comments?post=696"}],"version-history":[{"count":18,"href":"https:\/\/deiadpa.com.br\/index.php\/wp-json\/wp\/v2\/pages\/696\/revisions"}],"predecessor-version":[{"id":912,"href":"https:\/\/deiadpa.com.br\/index.php\/wp-json\/wp\/v2\/pages\/696\/revisions\/912"}],"up":[{"embeddable":true,"href":"https:\/\/deiadpa.com.br\/index.php\/wp-json\/wp\/v2\/pages\/690"}],"wp:attachment":[{"href":"https:\/\/deiadpa.com.br\/index.php\/wp-json\/wp\/v2\/media?parent=696"}],"curies":[{"name":"wp","href":"https:\/\/api.w.org\/{rel}","templated":true}]}}