{"id":690,"date":"2025-12-02T13:38:44","date_gmt":"2025-12-02T16:38:44","guid":{"rendered":"https:\/\/deiadpa.com.br\/?page_id=690"},"modified":"2025-12-11T12:46:08","modified_gmt":"2025-12-11T15:46:08","slug":"igrejas-de-bairros","status":"publish","type":"page","link":"https:\/\/deiadpa.com.br\/index.php\/nossa-igreja\/igrejas-de-bairros\/","title":{"rendered":"Igrejas de Bairros"},"content":{"rendered":"<h2 style=\"text-align: left;\">Procure a igreja mais perto de sua casa clicando na regi\u00e3o do seu bairro.<\/h2>\n<table style=\"height: 631px;\" width=\"889\">\n<tbody>\n<tr>\n<td width=\"427\">\n<h2 style=\"text-align: center;\"><span style=\"color: #0000ff;\"><b>Regi\u00e3o<\/b><\/span><\/h2>\n<\/td>\n<td width=\"427\">\n<h2 style=\"text-align: center;\"><span style=\"color: #0000ff;\"><strong>Bairros<\/strong><\/span><\/h2>\n<\/td>\n<\/tr>\n<tr>\n<td width=\"427\">\n<p style=\"text-align: center;\"><a href=\"https:\/\/deiadpa.com.br\/index.php\/igrejas-na-regiao-do-centro\/\">Centro<\/a><\/p>\n<\/td>\n<td width=\"427\"><a href=\"https:\/\/deiadpa.com.br\/index.php\/nossa-igreja\/igrejas-de-bairros\/igrejas-na-regiao-do-centro\/\">Centro Hist\u00f3rico, Bom Fim, Cidade Baixa, Moinhos de Vento, Floresta, Auxiliadora, Mont\u2019Serrat, Bela Vista e Rio Branco<\/a><\/td>\n<\/tr>\n<tr>\n<td width=\"427\">\n<p style=\"text-align: center;\"><a href=\"https:\/\/deiadpa.com.br\/index.php\/nossa-igreja\/igrejas-de-bairros\/igrejas-na-regiao-do-noroeste\/\">Noroeste<\/a><\/p>\n<\/td>\n<td width=\"427\"><a href=\"https:\/\/deiadpa.com.br\/index.php\/nossa-igreja\/igrejas-de-bairros\/igrejas-na-regiao-do-noroeste\/\">Farrapos, Humait\u00e1, Anchieta, Navegantes, Santa Maria Goretti, S\u00e3o Geraldo e S\u00e3o Jo\u00e3o<\/a><\/td>\n<\/tr>\n<tr>\n<td width=\"427\">\n<p style=\"text-align: center;\"><a href=\"https:\/\/deiadpa.com.br\/index.php\/nossa-igreja\/igrejas-de-bairros\/igrejas-na-regiao-norte-eixo-baltazar\/\">Norte\/ Eixo Baltazar<\/a><\/p>\n<\/td>\n<td width=\"427\"><a href=\"https:\/\/deiadpa.com.br\/index.php\/nossa-igreja\/igrejas-de-bairros\/igrejas-na-regiao-norte-eixo-baltazar\/\">Cristo Redentor, Sarandi, Santa Rosa, Rubem Berta, Costa e Silva, Santa F\u00e9, Leopoldina, Passo das Pedras, Safira, M\u00e1rio Quintana, Morro Santana e Prot\u00e1sio Alves<\/a><\/td>\n<\/tr>\n<tr>\n<td width=\"427\">\n<p style=\"text-align: center;\"><a href=\"https:\/\/deiadpa.com.br\/index.php\/nossa-igreja\/igrejas-de-bairros\/igrejas-na-regiao-zona-sul\/\">Zona-Sul<\/a><\/p>\n<\/td>\n<td width=\"427\"><a href=\"https:\/\/deiadpa.com.br\/index.php\/nossa-igreja\/igrejas-de-bairros\/igrejas-na-regiao-zona-sul\/\">Tristeza, Vila Assun\u00e7\u00e3o, Bel\u00e9m Velho, Teres\u00f3polis, Santa Tereza, Medianeira, Santo Ant\u00f4nio, Cristal, Nonoai, Menino Deus, Medianeira, Azenha, Praia de Belas, Vila Nova, Gl\u00f3ria, Apar\u00edcio Borges, Cascata e Ipanema<\/a><\/td>\n<\/tr>\n<tr>\n<td width=\"427\">\n<p style=\"text-align: center;\"><a href=\"https:\/\/deiadpa.com.br\/index.php\/nossa-igreja\/igrejas-de-bairros\/igrejas-na-regiao-centro-sul\/\">Centro-Sul<\/a><\/p>\n<\/td>\n<td width=\"427\"><a href=\"https:\/\/deiadpa.com.br\/index.php\/nossa-igreja\/igrejas-de-bairros\/igrejas-na-regiao-centro-sul\/\">Partenon, S\u00e3o Jos\u00e9, Apar\u00edcio Borges,\u00a0 Agronomia, Lomba do Pinheiro, Camaqu\u00e3, Cavalhada, Nonoai, Teres\u00f3polis, Bel\u00e9m Velho e Vila Nova<\/a><\/td>\n<\/tr>\n<tr>\n<td width=\"427\">\n<p style=\"text-align: center;\"><a href=\"https:\/\/deiadpa.com.br\/index.php\/nossa-igreja\/igrejas-de-bairros\/igrejas-na-regiao-leste\/\">Leste<\/a><\/p>\n<\/td>\n<td width=\"427\"><a href=\"https:\/\/deiadpa.com.br\/index.php\/nossa-igreja\/igrejas-de-bairros\/igrejas-na-regiao-leste\/\">Bom Jesus, Jardim Carvalho, Ch\u00e1cara das Pedras, Vila Jardim, Petr\u00f3polis, Jardim Bot\u00e2nico e Tr\u00eas Figueiras<\/a><\/td>\n<\/tr>\n<tr>\n<td width=\"427\">\n<p style=\"text-align: center;\"><a href=\"https:\/\/deiadpa.com.br\/index.php\/nossa-igreja\/igrejas-de-bairros\/igrejas-na-regiao-extremo-sul\/\">Extremo-Sul<\/a><\/p>\n<\/td>\n<td width=\"427\"><a href=\"https:\/\/deiadpa.com.br\/index.php\/nossa-igreja\/igrejas-de-bairros\/igrejas-na-regiao-extremo-sul\/\">Bel\u00e9m Novo, Lami, Ponta Grossa, Serraria, H\u00edpica, Guaruj\u00e1, Esp\u00edrito Santo, S\u00e3o Caetano e Itapu\u00e3<\/a><\/td>\n<\/tr>\n<tr>\n<td width=\"427\">\n<p style=\"text-align: center;\"><a href=\"https:\/\/deiadpa.com.br\/index.php\/nossa-igreja\/igrejas-de-bairros\/igrejas-na-regiao-arquipelago\/\">Arquip\u00e9lago<\/a><\/p>\n<\/td>\n<td width=\"427\"><a href=\"https:\/\/deiadpa.com.br\/index.php\/nossa-igreja\/igrejas-de-bairros\/igrejas-na-regiao-arquipelago\/\">Ilha das Flores, Ilha dos Marinheiros, Ilha da Pintada e demais ilhas do Delta do Jacu\u00ed<\/a><\/td>\n<\/tr>\n<\/tbody>\n<\/table>\n","protected":false},"excerpt":{"rendered":"<p>Procure a igreja mais perto de sua casa clicando na regi\u00e3o do seu bairro. Regi\u00e3o Bairros Centro Centro Hist\u00f3rico, Bom Fim, Cidade Baixa, Moinhos de [&#8230;]<\/p>\n","protected":false},"author":1,"featured_media":0,"parent":656,"menu_order":0,"comment_status":"closed","ping_status":"closed","template":"","meta":{"footnotes":""},"_links":{"self":[{"href":"https:\/\/deiadpa.com.br\/index.php\/wp-json\/wp\/v2\/pages\/690"}],"collection":[{"href":"https:\/\/deiadpa.com.br\/index.php\/wp-json\/wp\/v2\/pages"}],"about":[{"href":"https:\/\/deiadpa.com.br\/index.php\/wp-json\/wp\/v2\/types\/page"}],"author":[{"embeddable":true,"href":"https:\/\/deiadpa.com.br\/index.php\/wp-json\/wp\/v2\/users\/1"}],"replies":[{"embeddable":true,"href":"https:\/\/deiadpa.com.br\/index.php\/wp-json\/wp\/v2\/comments?post=690"}],"version-history":[{"count":29,"href":"https:\/\/deiadpa.com.br\/index.php\/wp-json\/wp\/v2\/pages\/690\/revisions"}],"predecessor-version":[{"id":893,"href":"https:\/\/deiadpa.com.br\/index.php\/wp-json\/wp\/v2\/pages\/690\/revisions\/893"}],"up":[{"embeddable":true,"href":"https:\/\/deiadpa.com.br\/index.php\/wp-json\/wp\/v2\/pages\/656"}],"wp:attachment":[{"href":"https:\/\/deiadpa.com.br\/index.php\/wp-json\/wp\/v2\/media?parent=690"}],"curies":[{"name":"wp","href":"https:\/\/api.w.org\/{rel}","templated":true}]}}