{"id":69,"date":"2022-04-13T23:47:58","date_gmt":"2022-04-14T02:47:58","guid":{"rendered":"http:\/\/deiadpa.com.br\/?page_id=69"},"modified":"2026-02-20T17:32:23","modified_gmt":"2026-02-20T20:32:23","slug":"discipulado","status":"publish","type":"page","link":"https:\/\/deiadpa.com.br\/index.php\/discipulado\/","title":{"rendered":"DISCIPULADO"},"content":{"rendered":"<p>A obra da evangeliza\u00e7\u00e3o da igreja engloba duas a\u00e7\u00f5es indivis\u00edveis, a saber:<\/p>\n<ol>\n<li><strong>A proclama\u00e7\u00e3o\/Prega\u00e7\u00e3o<\/strong> &#8211; A igreja deve anunciar, aclamar e pregar com o poder enfatizada por Cristo nos evangelhos de Marcos: \u201cE disse-lhes: Ide por todo o mundo, pregai o evangelho a toda criatura\u201d (Marcos 16.15) e de Lucas: \u201c[&#8230;], e, em seu nome, se pregasse o arrependimento e a remiss\u00e3o dos pecados, em todas as na\u00e7\u00f5es, come\u00e7ando por Jerusal\u00e9m\u201d (Lucas 24.47 &#8211; ARC).<\/li>\n<li><strong>O Discipulado<\/strong> &#8211; A igreja deve receber e acolher aqueles que foram tocados pela palavra e ensinar e discipular como registrado no texto \u00e1ureo do evangelho de Mateus da \u201cGrande Comiss\u00e3o\u201d da igreja para evangelizar o mundo: \u201cIde, portanto, fazei disc\u00edpulos de todas as na\u00e7\u00f5es, batizando-os em nome do Pai, e do Filho, e do Esp\u00edrito Santo; ensinando-os a guardar todas as coisas que vos tenho ordenado. E eis que estou convosco todos os dias at\u00e9 \u00e0 consuma\u00e7\u00e3o do s\u00e9culo\u201d(Mateus 28.19).<\/li>\n<\/ol>\n<p>Por isso, se a igreja realizar apenas a proclama\u00e7\u00e3o e prega\u00e7\u00e3o do evangelho e n\u00e3o realizar o discipulado, ainda que esteja envolvida com a evangeliza\u00e7\u00e3o, n\u00e3o ser\u00e1 uma igreja missional. Isso significa que muitos daqueles que ser\u00e3o ganhos na prega\u00e7\u00e3o, tamb\u00e9m ser\u00e3o perdidos, assim como um pescador cujas redes est\u00e3o rasgadas, mesmo que pesque muitos peixes, perde a maioria do fruto do seu trabalho.<\/p>\n<p>Logo, o discipulado \u00e9 a a\u00e7\u00e3o da igreja para acolher, consolidar e integrar na igreja o novo convertido oriundo da convers\u00e3o pelo poder da prega\u00e7\u00e3o do evangelho.<\/p>\n<p>Todavia \u00e9 importante lembrar o que n\u00e3o \u00e9 discipulado:<\/p>\n<ol>\n<li><strong>Discipulado b\u00edblico n\u00e3o \u00e9 um Departamento<\/strong> &#8211; Embora a igreja seja tanto um organismo quanto uma organiza\u00e7\u00e3o, o Senhor Jesus, ao ordenar que o mundo fosse discipulado, n\u00e3o estava propondo a cria\u00e7\u00e3o de um departamento institucional, mas sim promovendo a transforma\u00e7\u00e3o dos perdidos por meio da prega\u00e7\u00e3o, do ensino e do exemplo. Portanto, ainda que a igreja, enquanto organiza\u00e7\u00e3o, possua departamentos, diretorias e secretarias, o discipulado b\u00edblico vai muito al\u00e9m dessas estruturas.<\/li>\n<li><strong>Discipulado b\u00edblico n\u00e3o \u00e9 uma revista<\/strong> &#8211; Uma revista de integra\u00e7\u00e3o de novos membros pode ser uma ferramenta \u00fatil no acompanhamento de novos convertidos, mas representa apenas uma fra\u00e7\u00e3o do processo. O discipulado b\u00edblico n\u00e3o se limita ao conte\u00fado de uma apostila, pois se trata de um relacionamento cont\u00ednuo e transformador;<\/li>\n<li><strong>Discipulado b\u00edblico n\u00e3o \u00e9 um projeto<\/strong> &#8211;\u00a0 Projetos s\u00e3o planejamentos tempor\u00e1rios com in\u00edcio, meio e fim, cujo objetivo \u00e9 entregar um produto ou resultado espec\u00edfico. O discipulado b\u00edblico, por outro lado, \u00e9 atemporal. Trata-se de uma jornada que vai durar a vida inteira, al\u00e9m de ser uma ordenan\u00e7a permanente de Jesus \u00e0 sua Igreja: fazer disc\u00edpulos de todas as na\u00e7\u00f5es at\u00e9 a consuma\u00e7\u00e3o dos s\u00e9culos.<\/li>\n<li><strong>Discipulado b\u00edblico n\u00e3o \u00e9 um programa<\/strong> &#8211; O discipulado n\u00e3o deve ser visto como uma campanha pontual ou um evento no calend\u00e1rio da igreja. O discipulado deve ser compreendido como uma doutrina b\u00edblica expressa em forma de ordenan\u00e7a, e n\u00e3o como uma a\u00e7\u00e3o program\u00e1tica eventual.<\/li>\n<li><strong>O Discipulado b\u00edblico n\u00e3o \u00e9 um curso pr\u00e9-batismo<\/strong> &#8211; Embora o curso para candidatos ao batismo seja uma etapa importante no processo de discipulado, ele n\u00e3o representa a totalidade dessa jornada. Muitas igrejas adotam esse curso para esclarecer as bases da f\u00e9 crist\u00e3 e preparar o novo convertido para o batismo. No entanto, o discipulado n\u00e3o termina nas \u00e1guas batismais, mas ele continua.<\/li>\n<\/ol>\n<p>&nbsp;<\/p>\n<p>_________________________________________<\/p>\n<p>Ronaldo Santos<\/p>\n<p>&nbsp;<\/p>\n","protected":false},"excerpt":{"rendered":"<p>A obra da evangeliza\u00e7\u00e3o da igreja engloba duas a\u00e7\u00f5es indivis\u00edveis, a saber: A proclama\u00e7\u00e3o\/Prega\u00e7\u00e3o &#8211; A igreja deve anunciar, aclamar e pregar com o poder [&#8230;]<\/p>\n","protected":false},"author":1,"featured_media":0,"parent":0,"menu_order":0,"comment_status":"closed","ping_status":"closed","template":"","meta":{"footnotes":""},"_links":{"self":[{"href":"https:\/\/deiadpa.com.br\/index.php\/wp-json\/wp\/v2\/pages\/69"}],"collection":[{"href":"https:\/\/deiadpa.com.br\/index.php\/wp-json\/wp\/v2\/pages"}],"about":[{"href":"https:\/\/deiadpa.com.br\/index.php\/wp-json\/wp\/v2\/types\/page"}],"author":[{"embeddable":true,"href":"https:\/\/deiadpa.com.br\/index.php\/wp-json\/wp\/v2\/users\/1"}],"replies":[{"embeddable":true,"href":"https:\/\/deiadpa.com.br\/index.php\/wp-json\/wp\/v2\/comments?post=69"}],"version-history":[{"count":14,"href":"https:\/\/deiadpa.com.br\/index.php\/wp-json\/wp\/v2\/pages\/69\/revisions"}],"predecessor-version":[{"id":1043,"href":"https:\/\/deiadpa.com.br\/index.php\/wp-json\/wp\/v2\/pages\/69\/revisions\/1043"}],"wp:attachment":[{"href":"https:\/\/deiadpa.com.br\/index.php\/wp-json\/wp\/v2\/media?parent=69"}],"curies":[{"name":"wp","href":"https:\/\/api.w.org\/{rel}","templated":true}]}}