{"id":66,"date":"2022-04-13T23:47:28","date_gmt":"2022-04-14T02:47:28","guid":{"rendered":"http:\/\/deiadpa.com.br\/?page_id=66"},"modified":"2025-11-20T23:41:03","modified_gmt":"2025-11-21T02:41:03","slug":"evangelismo","status":"publish","type":"page","link":"https:\/\/deiadpa.com.br\/index.php\/evangelismo\/","title":{"rendered":"EVANGELISMO"},"content":{"rendered":"\r\n<p data-start=\"252\" data-end=\"592\">O DEIADPA desenvolve dois trabalhos centrais: <strong data-start=\"298\" data-end=\"315\">o Evangelismo<\/strong> e <strong data-start=\"318\" data-end=\"334\">a Integra\u00e7\u00e3o<\/strong>, que corresponde \u00e0 fase inicial do discipulado.<br data-start=\"382\" data-end=\"385\" \/>O n\u00facleo de Evangelismo \u00e9 respons\u00e1vel por todo o <strong data-start=\"434\" data-end=\"479\">planejamento estrat\u00e9gico da evangeliza\u00e7\u00e3o<\/strong> na cidade de Porto Alegre, bem como por seus desdobramentos pr\u00e1ticos em todas as regi\u00f5es e contextos da capital.<\/p>\r\n<p data-start=\"594\" data-end=\"844\">Al\u00e9m de coordenar a\u00e7\u00f5es evangel\u00edsticas, o Evangelismo tamb\u00e9m atua na <strong data-start=\"663\" data-end=\"701\">forma\u00e7\u00e3o e capacita\u00e7\u00e3o de obreiros<\/strong>, promovendo semin\u00e1rios e treinamentos que preparam um grande ex\u00e9rcito de homens e mulheres comprometidos em ganhar almas para o Reino de Deus.<\/p>\r\n<p data-start=\"846\" data-end=\"1121\">No \u00e2mbito administrativo e ministerial, o Evangelismo \u00e9 o setor do DEIADPA que <strong data-start=\"925\" data-end=\"972\">pensa estrategicamente a obra evangel\u00edstica<\/strong>, envolvendo superintendentes, supervisores, coordenadores e l\u00edderes em todos os n\u00edveis \u2014 gerencial, t\u00e1tico e operacional \u2014 da miss\u00e3o evangelizadora.<\/p>\r\n<p data-start=\"1123\" data-end=\"1395\">\u00c9 nesse n\u00facleo que s\u00e3o realizadas as <strong data-start=\"1160\" data-end=\"1183\">an\u00e1lises ambientais<\/strong> e os <strong data-start=\"1189\" data-end=\"1238\">diagn\u00f3sticos da realidade espiritual e social<\/strong> de Porto Alegre, os quais servem como base para a elabora\u00e7\u00e3o do <strong data-start=\"1303\" data-end=\"1341\">Plano Estrat\u00e9gico de Evangeliza\u00e7\u00e3o<\/strong>, tanto em n\u00edvel de cidade quanto em n\u00edvel de bairros.<\/p>\r\n<p data-start=\"1397\" data-end=\"1598\">O objetivo \u00e9 garantir que a Igreja atue de forma organizada, sens\u00edvel, eficiente e alinhada com a Grande Comiss\u00e3o, para que o Evangelho avance com for\u00e7a e alcance todas as pessoas, em todos os lugares.<\/p>\r\n\r\n\r\n\r\n<p><strong><mark class=\"has-inline-color has-secondary-color\" style=\"background-color: rgba(0, 0, 0, 0);\"><a href=\"http:\/\/deiadpa.com.br\/index.php\/2022\/04\/21\/o-que-realmente-e-o-evangelho\/\">Quero saber mais sobre evangelismo e evangeliza\u00e7\u00e3o!<\/a><\/mark><\/strong><\/p>\r\n","protected":false},"excerpt":{"rendered":"<p>O DEIADPA desenvolve dois trabalhos centrais: o Evangelismo e a Integra\u00e7\u00e3o, que corresponde \u00e0 fase inicial do discipulado.O n\u00facleo de Evangelismo \u00e9 respons\u00e1vel por todo [&#8230;]<\/p>\n","protected":false},"author":1,"featured_media":0,"parent":0,"menu_order":0,"comment_status":"closed","ping_status":"closed","template":"","meta":{"footnotes":""},"_links":{"self":[{"href":"https:\/\/deiadpa.com.br\/index.php\/wp-json\/wp\/v2\/pages\/66"}],"collection":[{"href":"https:\/\/deiadpa.com.br\/index.php\/wp-json\/wp\/v2\/pages"}],"about":[{"href":"https:\/\/deiadpa.com.br\/index.php\/wp-json\/wp\/v2\/types\/page"}],"author":[{"embeddable":true,"href":"https:\/\/deiadpa.com.br\/index.php\/wp-json\/wp\/v2\/users\/1"}],"replies":[{"embeddable":true,"href":"https:\/\/deiadpa.com.br\/index.php\/wp-json\/wp\/v2\/comments?post=66"}],"version-history":[{"count":10,"href":"https:\/\/deiadpa.com.br\/index.php\/wp-json\/wp\/v2\/pages\/66\/revisions"}],"predecessor-version":[{"id":663,"href":"https:\/\/deiadpa.com.br\/index.php\/wp-json\/wp\/v2\/pages\/66\/revisions\/663"}],"wp:attachment":[{"href":"https:\/\/deiadpa.com.br\/index.php\/wp-json\/wp\/v2\/media?parent=66"}],"curies":[{"name":"wp","href":"https:\/\/api.w.org\/{rel}","templated":true}]}}