{"id":656,"date":"2025-11-20T22:51:59","date_gmt":"2025-11-21T01:51:59","guid":{"rendered":"https:\/\/deiadpa.com.br\/?page_id=656"},"modified":"2025-12-02T16:31:07","modified_gmt":"2025-12-02T19:31:07","slug":"nossa-igreja","status":"publish","type":"page","link":"https:\/\/deiadpa.com.br\/index.php\/nossa-igreja\/","title":{"rendered":"NOSSA IGREJA"},"content":{"rendered":"<p data-start=\"225\" data-end=\"580\">A Assembleia de Deus de Porto Alegre est\u00e1 presente na cidade desde <strong data-start=\"292\" data-end=\"315\">15 de abril de 1924<\/strong>, proclamando o Evangelho de Jesus Cristo e oferecendo esperan\u00e7a aos que buscam salva\u00e7\u00e3o, dire\u00e7\u00e3o e transforma\u00e7\u00e3o de vida. Somos uma igreja evang\u00e9lica pentecostal fundamentada na <strong data-start=\"494\" data-end=\"512\">B\u00edblia Sagrada<\/strong>, e proclamamos, com amor e fidelidade, a mensagem da gra\u00e7a de Deus.<\/p>\n<p data-start=\"582\" data-end=\"831\">Contamos com uma equipe de pastores e l\u00edderes dedicados, comprometidos em ensinar, pastorear e orientar cada membro em sua caminhada crist\u00e3. Nossos cultos s\u00e3o marcados pela ministra\u00e7\u00e3o da Palavra, louvor, comunh\u00e3o e momentos de renova\u00e7\u00e3o espiritual.<\/p>\n<p data-start=\"833\" data-end=\"1051\">A igreja tamb\u00e9m oferece atividades e minist\u00e9rios espec\u00edficos para <strong data-start=\"899\" data-end=\"943\">crian\u00e7as, adolescentes, jovens e adultos<\/strong>, al\u00e9m de eventos especiais ao longo do ano, sempre com o prop\u00f3sito de edificar vidas e fortalecer fam\u00edlias.<\/p>\n<p data-start=\"1053\" data-end=\"1468\">Na Assembleia de Deus de Porto Alegre, voc\u00ea encontrar\u00e1 uma comunidade <strong data-start=\"1123\" data-end=\"1182\">acolhedora, fraterna e comprometida com o cuidado m\u00fatuo<\/strong>. Somos conhecidos como <em data-start=\"1206\" data-end=\"1231\">a igreja do acolhimento<\/em>, porque prezamos por receber cada pessoa com amor, estender a m\u00e3o em tempos dif\u00edceis e caminhar juntos na f\u00e9. Cremos que a unidade e o amor s\u00e3o marcas essenciais da vida crist\u00e3, e buscamos cultiv\u00e1-las em todos os nossos relacionamentos.<\/p>\n<p data-start=\"1470\" data-end=\"1644\">Nosso objetivo \u00e9 estar presente na vida das fam\u00edlias porto-alegrenses, contribuindo para a edifica\u00e7\u00e3o espiritual da cidade e para a expans\u00e3o do Reino de Deus aqui na Terra.<\/p>\n<p data-start=\"1646\" data-end=\"1828\">Se voc\u00ea procura uma igreja que pregue a verdadeira mensagem do Evangelho e que valorize pessoas, <strong data-start=\"1743\" data-end=\"1764\">venha nos visitar<\/strong>.<\/p>\n<p data-start=\"1646\" data-end=\"1828\">Clique no link abaixo e procure uma de nossas igreja mais pr\u00f3xima de sua casa.<\/p>\n<p data-start=\"1646\" data-end=\"1828\"><a href=\"https:\/\/deiadpa.com.br\/index.php\/nossa-igreja\/igrejas-de-bairros\/\"><img loading=\"lazy\" decoding=\"async\" class=\"alignnone wp-image-686\" src=\"http:\/\/deiadpa.com.br\/wp-content\/uploads\/2025\/12\/igreja-mais-proxima-1.png\" alt=\"\" width=\"210\" height=\"33\" \/><\/a><\/p>\n<p data-start=\"1646\" data-end=\"1828\">Estamos de portas abertas para receber voc\u00ea e sua fam\u00edlia!<\/p>\n<p>Ou se voc\u00ea quiser conhecer mais sobre a Igreja Assembleia de Deus de Porto Alegre, clique no link abaixo<\/p>\n<p><a href=\"https:\/\/www.adportoalegre.com.br\/\"><img loading=\"lazy\" decoding=\"async\" class=\"alignnone wp-image-687\" src=\"http:\/\/deiadpa.com.br\/wp-content\/uploads\/2025\/12\/Quero-saber-mais.png\" alt=\"\" width=\"211\" height=\"33\" \/><\/a><\/p>\n<p>&nbsp;<\/p>\n","protected":false},"excerpt":{"rendered":"<p>A Assembleia de Deus de Porto Alegre est\u00e1 presente na cidade desde 15 de abril de 1924, proclamando o Evangelho de Jesus Cristo e oferecendo [&#8230;]<\/p>\n","protected":false},"author":1,"featured_media":0,"parent":0,"menu_order":0,"comment_status":"closed","ping_status":"closed","template":"","meta":{"footnotes":""},"_links":{"self":[{"href":"https:\/\/deiadpa.com.br\/index.php\/wp-json\/wp\/v2\/pages\/656"}],"collection":[{"href":"https:\/\/deiadpa.com.br\/index.php\/wp-json\/wp\/v2\/pages"}],"about":[{"href":"https:\/\/deiadpa.com.br\/index.php\/wp-json\/wp\/v2\/types\/page"}],"author":[{"embeddable":true,"href":"https:\/\/deiadpa.com.br\/index.php\/wp-json\/wp\/v2\/users\/1"}],"replies":[{"embeddable":true,"href":"https:\/\/deiadpa.com.br\/index.php\/wp-json\/wp\/v2\/comments?post=656"}],"version-history":[{"count":7,"href":"https:\/\/deiadpa.com.br\/index.php\/wp-json\/wp\/v2\/pages\/656\/revisions"}],"predecessor-version":[{"id":694,"href":"https:\/\/deiadpa.com.br\/index.php\/wp-json\/wp\/v2\/pages\/656\/revisions\/694"}],"wp:attachment":[{"href":"https:\/\/deiadpa.com.br\/index.php\/wp-json\/wp\/v2\/media?parent=656"}],"curies":[{"name":"wp","href":"https:\/\/api.w.org\/{rel}","templated":true}]}}