{"id":53,"date":"2022-04-09T19:00:49","date_gmt":"2022-04-09T22:00:49","guid":{"rendered":"http:\/\/deiadpa.com.br\/?page_id=53"},"modified":"2026-02-20T17:51:34","modified_gmt":"2026-02-20T20:51:34","slug":"agenda","status":"publish","type":"page","link":"https:\/\/deiadpa.com.br\/index.php\/agenda\/","title":{"rendered":"REL\u00d3GIO DA ORA\u00c7\u00c3O"},"content":{"rendered":"\r\n\r\n\r\n<div data-wp-interactive=\"core\/file\" class=\"wp-block-file\"><img loading=\"lazy\" decoding=\"async\" class=\"alignnone  wp-image-1044\" src=\"http:\/\/deiadpa.com.br\/wp-content\/uploads\/2026\/02\/Relogio-da-Oracao-200x300.jpeg\" alt=\"\" width=\"434\" height=\"652\" srcset=\"https:\/\/deiadpa.com.br\/wp-content\/uploads\/2026\/02\/Relogio-da-Oracao-200x300.jpeg 200w, https:\/\/deiadpa.com.br\/wp-content\/uploads\/2026\/02\/Relogio-da-Oracao-682x1024.jpeg 682w, https:\/\/deiadpa.com.br\/wp-content\/uploads\/2026\/02\/Relogio-da-Oracao-768x1152.jpeg 768w, https:\/\/deiadpa.com.br\/wp-content\/uploads\/2026\/02\/Relogio-da-Oracao.jpeg 827w\" sizes=\"(max-width: 434px) 100vw, 434px\" \/><\/div>\r\n","protected":false},"excerpt":{"rendered":"","protected":false},"author":1,"featured_media":0,"parent":0,"menu_order":0,"comment_status":"closed","ping_status":"closed","template":"","meta":{"footnotes":""},"_links":{"self":[{"href":"https:\/\/deiadpa.com.br\/index.php\/wp-json\/wp\/v2\/pages\/53"}],"collection":[{"href":"https:\/\/deiadpa.com.br\/index.php\/wp-json\/wp\/v2\/pages"}],"about":[{"href":"https:\/\/deiadpa.com.br\/index.php\/wp-json\/wp\/v2\/types\/page"}],"author":[{"embeddable":true,"href":"https:\/\/deiadpa.com.br\/index.php\/wp-json\/wp\/v2\/users\/1"}],"replies":[{"embeddable":true,"href":"https:\/\/deiadpa.com.br\/index.php\/wp-json\/wp\/v2\/comments?post=53"}],"version-history":[{"count":7,"href":"https:\/\/deiadpa.com.br\/index.php\/wp-json\/wp\/v2\/pages\/53\/revisions"}],"predecessor-version":[{"id":1046,"href":"https:\/\/deiadpa.com.br\/index.php\/wp-json\/wp\/v2\/pages\/53\/revisions\/1046"}],"wp:attachment":[{"href":"https:\/\/deiadpa.com.br\/index.php\/wp-json\/wp\/v2\/media?parent=53"}],"curies":[{"name":"wp","href":"https:\/\/api.w.org\/{rel}","templated":true}]}}