{"id":50,"date":"2022-04-09T18:59:07","date_gmt":"2022-04-09T21:59:07","guid":{"rendered":"http:\/\/deiadpa.com.br\/?page_id=50"},"modified":"2025-11-20T23:06:56","modified_gmt":"2025-11-21T02:06:56","slug":"quem-somos","status":"publish","type":"page","link":"https:\/\/deiadpa.com.br\/index.php\/quem-somos\/","title":{"rendered":"QUEM SOMOS"},"content":{"rendered":"\r\n<p data-start=\"190\" data-end=\"421\">O <strong data-start=\"192\" data-end=\"203\">DEIADPA<\/strong> \u2014 <em data-start=\"206\" data-end=\"310\">Departamento de Evangelismo e Integra\u00e7\u00e3o de Novos Membros da Igreja Assembleia de Deus de Porto Alegre<\/em> \u2014 \u00e9 um dos departamentos mais importantes da igreja, pois est\u00e1 diretamente envolvido com sua miss\u00e3o essencial.<\/p>\r\n<p data-start=\"423\" data-end=\"612\">Toda organiza\u00e7\u00e3o, seja com fins lucrativos ou n\u00e3o, possui uma raz\u00e3o de existir, um prop\u00f3sito que seus dirigentes descrevem como <strong data-start=\"551\" data-end=\"561\">miss\u00e3o<\/strong>: a sua pr\u00f3pria ess\u00eancia. A Igreja n\u00e3o \u00e9 diferente.<\/p>\r\n<p data-start=\"614\" data-end=\"734\">Segundo a <em data-start=\"624\" data-end=\"695\">Declara\u00e7\u00e3o de F\u00e9 da Conven\u00e7\u00e3o Geral das Assembleias de Deus no Brasil<\/em> (CGADB, 2025, p. 154), entendemos que:<\/p>\r\n<blockquote data-start=\"736\" data-end=\"1021\">\r\n<p data-start=\"738\" data-end=\"1021\"><strong data-start=\"738\" data-end=\"1021\">\u201cA fun\u00e7\u00e3o primordial da Igreja \u00e9 glorificar a Deus: \u2018quer comais, quer bebais ou fa\u00e7ais outra coisa qualquer, fazei tudo para a gl\u00f3ria de Deus\u2019 (1 Co 10.31). Isso \u00e9 feito por meio da adora\u00e7\u00e3o, da evangeliza\u00e7\u00e3o, do discipulado, da edifica\u00e7\u00e3o de seus membros e do trabalho social.\u201d<\/strong><\/p>\r\n<\/blockquote>\r\n<p data-start=\"1023\" data-end=\"1293\">Al\u00e9m disso, o ap\u00f3stolo Paulo, escrevendo aos Ef\u00e9sios, afirma que a Igreja foi escolhida por Deus para manifestar <strong data-start=\"1136\" data-end=\"1169\">a multiforme sabedoria divina<\/strong> aos principados e potestades nas regi\u00f5es celestiais, segundo o eterno prop\u00f3sito estabelecido em Cristo Jesus, nosso Senhor.<\/p>\r\n<p data-start=\"1295\" data-end=\"1401\">Para que esse prop\u00f3sito se cumpra e o nome do Senhor seja glorificado, \u00e9 necess\u00e1rio que a Igreja cres\u00e7a:<\/p>\r\n<ul data-start=\"1402\" data-end=\"1562\">\r\n<li data-start=\"1402\" data-end=\"1425\">\r\n<p data-start=\"1404\" data-end=\"1425\">vidas sendo salvas,<\/p>\r\n<\/li>\r\n<li data-start=\"1426\" data-end=\"1460\">\r\n<p data-start=\"1428\" data-end=\"1460\">minist\u00e9rios sendo despertados,<\/p>\r\n<\/li>\r\n<li data-start=\"1461\" data-end=\"1505\">\r\n<p data-start=\"1463\" data-end=\"1505\">dons do Esp\u00edrito Santo sendo manifestos,<\/p>\r\n<\/li>\r\n<li data-start=\"1506\" data-end=\"1562\">\r\n<p data-start=\"1508\" data-end=\"1562\">e a gra\u00e7a e miseric\u00f3rdia de Deus alcan\u00e7ando pecadores.<\/p>\r\n<\/li>\r\n<\/ul>\r\n<p data-start=\"1564\" data-end=\"1739\">Esse crescimento est\u00e1 diretamente ligado \u00e0 natureza e voca\u00e7\u00e3o da Igreja: a <strong data-start=\"1639\" data-end=\"1658\">Grande Comiss\u00e3o<\/strong> (Mateus 28.19), que \u00e9 fazer disc\u00edpulos de Jesus em todos os contextos e lugares.<\/p>\r\n<h3 data-start=\"1741\" data-end=\"1760\"><strong data-start=\"1745\" data-end=\"1760\">Nosso Papel<\/strong><\/h3>\r\n<p data-start=\"1762\" data-end=\"2116\">O <strong data-start=\"1764\" data-end=\"1775\">DEIADPA<\/strong> \u00e9 o departamento respons\u00e1vel por <strong data-start=\"1809\" data-end=\"1863\">planejar, sensibilizar, treinar, apoiar e executar<\/strong> a Grande Comiss\u00e3o de Cristo na cidade de Porto Alegre.<br data-start=\"1918\" data-end=\"1921\" \/>Atuamos para que cada membro da igreja viva seu chamado mission\u00e1rio, para que novos convertidos sejam acolhidos e discipulados, e para que a Igreja cumpra plenamente o seu papel no Reino de Deus.<\/p>\r\n<p>&#8212;&#8212;&#8212;&#8212;&#8212;&#8212;&#8212;&#8212;&#8212;&#8212;&#8212;&#8212;&#8212;&#8212;&#8212;&#8212;&#8212;&#8212;&#8212;&#8212;<\/p>\r\n\r\n\r\n\r\n<p>ESTRUTURA ORGANIZACIONAL<\/p>\r\n<p>Dire\u00e7\u00e3o Geral: Pr. Jo\u00e3o Oliveira de Souza<\/p>\r\n\r\n\r\n\r\n<p>1\u00ba Superintendente: Ev. Ronaldo Santos<\/p>\r\n\r\n\r\n\r\n<p>2\u00ba Superintendente: Ev. Eliseu Martins<\/p>\r\n\r\n\r\n\r\n<ul>\r\n<li>Supervisor da 1\u00aa Regi\u00e3o: Ev Anoaldo dos Santos<\/li>\r\n<li>Supervisor da 2\u00aa Regi\u00e3o: Pb Marcos Toledo<\/li>\r\n<li>Supervisor da 3\u00aa Regi\u00e3o: Pb Pedro Maciel<\/li>\r\n<li>Supervisor da 4\u00aa Regi\u00e3o: Dc Jocemar Paredi<\/li>\r\n<li>Supervisor da 5\u00aa Regi\u00e3o: Dc Marcelo Ign\u00e1cio<\/li>\r\n<li>Supervisor da 6\u00aa Regi\u00e3o: Dc Sandro Nunes<\/li>\r\n<\/ul>\r\n","protected":false},"excerpt":{"rendered":"<p>O DEIADPA \u2014 Departamento de Evangelismo e Integra\u00e7\u00e3o de Novos Membros da Igreja Assembleia de Deus de Porto Alegre \u2014 \u00e9 um dos departamentos mais [&#8230;]<\/p>\n","protected":false},"author":1,"featured_media":0,"parent":0,"menu_order":0,"comment_status":"closed","ping_status":"closed","template":"","meta":{"footnotes":""},"_links":{"self":[{"href":"https:\/\/deiadpa.com.br\/index.php\/wp-json\/wp\/v2\/pages\/50"}],"collection":[{"href":"https:\/\/deiadpa.com.br\/index.php\/wp-json\/wp\/v2\/pages"}],"about":[{"href":"https:\/\/deiadpa.com.br\/index.php\/wp-json\/wp\/v2\/types\/page"}],"author":[{"embeddable":true,"href":"https:\/\/deiadpa.com.br\/index.php\/wp-json\/wp\/v2\/users\/1"}],"replies":[{"embeddable":true,"href":"https:\/\/deiadpa.com.br\/index.php\/wp-json\/wp\/v2\/comments?post=50"}],"version-history":[{"count":13,"href":"https:\/\/deiadpa.com.br\/index.php\/wp-json\/wp\/v2\/pages\/50\/revisions"}],"predecessor-version":[{"id":659,"href":"https:\/\/deiadpa.com.br\/index.php\/wp-json\/wp\/v2\/pages\/50\/revisions\/659"}],"wp:attachment":[{"href":"https:\/\/deiadpa.com.br\/index.php\/wp-json\/wp\/v2\/media?parent=50"}],"curies":[{"name":"wp","href":"https:\/\/api.w.org\/{rel}","templated":true}]}}