{"id":1049,"date":"2026-02-25T13:35:35","date_gmt":"2026-02-25T16:35:35","guid":{"rendered":"https:\/\/deiadpa.com.br\/?page_id=1049"},"modified":"2026-02-25T13:54:15","modified_gmt":"2026-02-25T16:54:15","slug":"7-o-pecado-nosso-maior-inimigo","status":"publish","type":"page","link":"https:\/\/deiadpa.com.br\/index.php\/quero-saber-mais-sobre-deus\/7-o-pecado-nosso-maior-inimigo\/","title":{"rendered":"7 \u2013 O PECADO \u2013 NOSSO MAIOR INIMIGO"},"content":{"rendered":"<p>Um dos maiores problemas que atingem diretamente e comprometem a vida crist\u00e3 \u00e9 a falta de consci\u00eancia do pecado. Quando o ser humano n\u00e3o reconhece o pecado nem desenvolve consci\u00eancia da sua verdadeira condi\u00e7\u00e3o diante de Deus, torna-se imposs\u00edvel alcan\u00e7ar o genu\u00edno arrependimento. \u00c9 justamente quando o homem toma consci\u00eancia do seu pecado e do seu estado de perdi\u00e7\u00e3o eterna que ele \u201ccai em si\u201d e, em desespero, passa a buscar socorro em Jesus. Esse processo , o reconhecimento da culpa, o aborrecimento pelo pecado, a necessidade de mudan\u00e7a e o desejo de uma religa\u00e7\u00e3o com Deus, constitui o verdadeiro arrependimento do cora\u00e7\u00e3o humano diante de Deus.<\/p>\n<p>Por isso, o arrependimento \u00e9 o caminho indispens\u00e1vel para a salva\u00e7\u00e3o. N\u00e3o se trata de uma sugest\u00e3o humana, mas de uma exig\u00eancia estabelecida pelo pr\u00f3prio Deus no processo da salva\u00e7\u00e3o. Sem arrependimento, n\u00e3o h\u00e1 perd\u00e3o dos pecados e, consequentemente, n\u00e3o h\u00e1 participa\u00e7\u00e3o no plano de salva\u00e7\u00e3o oferecido por Jesus \u00e0 humanidade. A pr\u00f3pria Escritura declara: \u201cArrependei-vos, e cada um de v\u00f3s seja batizado em nome de Jesus Cristo para perd\u00e3o dos pecados.\u201d (Atos 2:38)<\/p>\n<p>\u00c9 justamente aqui que reside o grande problema: a cegueira espiritual. Trata-se da condi\u00e7\u00e3o em que a humanidade j\u00e1 n\u00e3o percebe seu estado ca\u00eddo, sua condi\u00e7\u00e3o de perdi\u00e7\u00e3o e a separa\u00e7\u00e3o que o pecado provoca entre o homem e Deus. A pr\u00f3pria B\u00edblia declara: \u201c<em>O deus deste s\u00e9culo cegou o entendimento dos incr\u00e9dulos.\u201d (<\/em>2 Cor\u00edntios 4:4)<\/p>\n<p>E tamb\u00e9m afirma: \u201c<em>Mas o homem natural n\u00e3o compreende as coisas do Esp\u00edrito de Deus, porque lhe parecem loucura<\/em>.\u201d (1 Cor\u00edntios 2:14)<\/p>\n<p>A ci\u00eancia, ao limitar-se ao campo do observ\u00e1vel e do material, acaba contribuindo para essa desaten\u00e7\u00e3o ao n\u00e3o tratar o pecado como realidade espiritual. Entretanto, a Escritura nos lembra que a raiz do problema humano n\u00e3o \u00e9 apenas externa ou social, mas espiritual: <em>\u201cPorque do interior do cora\u00e7\u00e3o dos homens saem os maus pensamentos&#8230;\u201d<br \/>\n<\/em>(Marcos 7:21\u201323)<\/p>\n<p>A filosofia, por sua vez, embora proponha reflex\u00f5es sobre \u00e9tica e comportamento, n\u00e3o resolve o problema do pecado nem o aborda em sua dimens\u00e3o moral e eterna diante de Deus. A Palavra afirma: \u201c<em>H\u00e1 caminho que ao homem parece direito, mas o fim dele s\u00e3o os caminhos da morte.\u201d <\/em>(Prov\u00e9rbios 14:12)<\/p>\n<p>E ainda: \u201c<em>Visto como, na sabedoria de Deus, o mundo n\u00e3o conheceu a Deus pela sua sabedoria&#8230;\u201d <\/em>(1 Cor\u00edntios 1:21)<\/p>\n<p>As religi\u00f5es n\u00e3o crist\u00e3s tendem a negar, suavizar ou diluir o conceito b\u00edblico de pecado. Contudo, a Escritura \u00e9 clara ao afirmar: <em>\u201cTodos pecaram e destitu\u00eddos est\u00e3o da gl\u00f3ria de Deus.\u201d <\/em>(Romanos 3:23)<\/p>\n<p>E tamb\u00e9m: <em>\u201cSe dissermos que n\u00e3o temos pecado, enganamo-nos a n\u00f3s mesmos.\u201d<br \/>\n<\/em>(1 Jo\u00e3o 1:8)<\/p>\n<p>Por fim, a pr\u00f3pria sociedade relativiza o pecado, minimizando suas causas e anulando suas consequ\u00eancias. Entretanto, a Palavra adverte: <em>\u201cAi dos que ao mal chamam bem e ao bem mal.\u201d <\/em>(Isa\u00edas 5:20)<\/p>\n<p>E ainda: <em>\u201cPorque o sal\u00e1rio do pecado \u00e9 a morte.\u201d <\/em>(Romanos 6:23)<\/p>\n<p>Ao relativizar o pecado, elimina-se tamb\u00e9m a necessidade de arrependimento. Mas Deus ordena claramente: <em>\u201cArrependei-vos e convertei-vos.\u201d <\/em>(Atos 3:19)<\/p>\n<p>Assim, quando o pecado deixa de ser reconhecido, o arrependimento tamb\u00e9m deixa de ser buscado. E, quando n\u00e3o h\u00e1 arrependimento, o homem se afasta progressivamente da verdade espiritual revelada nas Escrituras, permanecendo em seu estado de morte espiritual, pois a B\u00edblia declara que essa condi\u00e7\u00e3o n\u00e3o \u00e9 apenas simb\u00f3lica, mas real: <em>\u201cEle vos deu vida, estando v\u00f3s mortos em ofensas e pecados.\u201d <\/em>(Ef\u00e9sios 2:1)<\/p>\n<p>&nbsp;<\/p>\n<p><strong><u>O Pecado \u00e9 o Maior Problema da Humanidade<\/u><\/strong><\/p>\n<p>O problema fundamental da humanidade n\u00e3o est\u00e1 na pol\u00edtica, ainda que existam corrup\u00e7\u00e3o e engano nas estruturas de poder. Tampouco ser\u00e1 resolvido apenas por meio de uma economia forte ou de uma educa\u00e7\u00e3o secular privilegiada. Nossos maiores conflitos tamb\u00e9m n\u00e3o podem ser atribu\u00eddos exclusivamente aos nossos pais, \u00e0 forma como fomos criados ou \u00e0s circunst\u00e2ncias da nossa inf\u00e2ncia. N\u00e3o s\u00e3o, igualmente, meros resultados do ambiente em que vivemos, da comunidade socialmente desfavorecida ou de contextos de vulnerabilidade.<\/p>\n<p>N\u00e3o adianta procurar culpados, transferir responsabilidades ou atribuir o estado de degrada\u00e7\u00e3o social, psicol\u00f3gica e moral da sociedade a fatores externos. O verdadeiro problema da humanidade tem um nome: pecado.<\/p>\n<p>Enquanto tratarmos apenas as \u00e1reas externas da vida humana como a pol\u00edtica, a economia, as \u00e1reas educacionais ou sociais, sem enfrentar a raiz espiritual da quest\u00e3o, estaremos apenas aliviando sintomas. A verdadeira doen\u00e7a, o verdadeiro mal permanecer\u00e1 intacto. \u00c9 como tentar tratar os efeitos vis\u00edveis enquanto a enfermidade continua a avan\u00e7ar silenciosamente. O c\u00e2ncer espiritual continuar\u00e1 corroendo a humanidade, mesmo que seus sinais sejam temporariamente amenizados.<\/p>\n<p>&nbsp;<\/p>\n<p><strong><u>O Pecado \u00e9 maior que o diabo<\/u><\/strong><\/p>\n<p>Muitas correntes crist\u00e3s colocam o diabo como o centro absoluto de todos os males, tratando-o como o maior problema da humanidade. De fato, as Escrituras o definem como advers\u00e1rio, pois o termo \u201cSatan\u00e1s\u201d significa justamente isso, advers\u00e1rio (1 Pedro 5:8). No entanto, embora seja inimigo e acusador, ele n\u00e3o \u00e9 a raiz \u00faltima do problema. O maior problema \u00e9 o pecado.<\/p>\n<p>A pr\u00f3pria B\u00edblia revela que o diabo tamb\u00e9m caiu por causa do pecado. O orgulho, a soberba e a rebeli\u00e3o o afastaram da presen\u00e7a de Deus. O profeta Isa\u00edas registra: \u201cComo ca\u00edste do c\u00e9u, \u00f3 estrela da manh\u00e3, filha da alva!\u201d (Isa\u00edas 14:12)<\/p>\n<p>J\u00e1 o profeta Ezequiel tamb\u00e9m descreve a corrup\u00e7\u00e3o do seu cora\u00e7\u00e3o: <em>\u201cElevou-se o teu cora\u00e7\u00e3o por causa da tua formosura\u2026 pecaste.\u201d <\/em>(Ezequiel 28:17)<\/p>\n<p>Assim, antes de ser tentador, ele pr\u00f3prio foi vencido pelo pecado. Foi o pecado que o encheu de vaidade, soberba e viol\u00eancia, levando-o \u00e0 queda e \u00e0 expuls\u00e3o: <em>\u201cEu vi Satan\u00e1s cair do c\u00e9u como um rel\u00e2mpago.\u201d <\/em>(Lucas 10:18)<\/p>\n<p>Portanto, o primeiro a cair diante desse \u201cgigante\u201d chamado pecado foi o pr\u00f3prio diabo. O pecado o destituiu da gl\u00f3ria, transformando aquele que era chamado de \u201cestrela da manh\u00e3\u201d em anjo ca\u00eddo.<\/p>\n<p>Da mesma forma, o homem tamb\u00e9m foi iludido pelo pecado. Embora a serpente tenha sido instrumento de engano (G\u00eanesis 3:1\u20135), a decis\u00e3o de desobedecer foi pessoal. O pecado despertou no cora\u00e7\u00e3o humano o desejo de autonomia, rebeldia e independ\u00eancia de Deus. <em>\u201cEnt\u00e3o, vendo a mulher que aquela \u00e1rvore era boa para se comer\u2026 tomou do seu fruto e comeu.\u201d <\/em>(G\u00eanesis 3:6)<\/p>\n<p>Ap\u00f3s a queda, houve tentativa de transferir culpa, pois o homem culpou a mulher, e esta culpou a serpente (G\u00eanesis 3:12\u201313). Contudo, o ju\u00edzo divino foi individual, mostrando que o pecado venceu diretamente o homem e que cada um foi responsabilizado por sua escolha. <em>\u201cPorque todos pecaram e destitu\u00eddos est\u00e3o da gl\u00f3ria de Deus.\u201d<br \/>\n<\/em>(Romanos 3:23)<\/p>\n<p>Assim, embora Satan\u00e1s seja advers\u00e1rio, o verdadeiro inimigo que precisa ser vencido \u00e9 o pecado, pois foi ele quem derrubou anjos e homens, rompendo a comunh\u00e3o com Deus.<\/p>\n<p>&nbsp;<\/p>\n<p>\ud83d\udcd6 Leituras B\u00edblicas Auxiliares<\/p>\n<p><strong>\ud83d\udd39 1. A necessidade de consci\u00eancia do pecado<\/strong><\/p>\n<ul>\n<li><strong>Salmos 51:3\u20134<\/strong> \u2013 \u201cEu conhe\u00e7o as minhas transgress\u00f5es.\u201d<\/li>\n<li><strong>Jo\u00e3o 16:8<\/strong> \u2013 O Esp\u00edrito Santo convence do pecado.<\/li>\n<li><strong>Romanos 3:20<\/strong> \u2013 Pela lei vem o conhecimento do pecado.<\/li>\n<li><strong>Tiago 4:8\u20139<\/strong> \u2013 Reconhecer a mis\u00e9ria espiritual diante de Deus.<\/li>\n<\/ul>\n<p>\ud83d\udc49 O reconhecimento do pecado \u00e9 o primeiro passo para a restaura\u00e7\u00e3o.<\/p>\n<p><strong>\ud83d\udd39 2. O arrependimento como condi\u00e7\u00e3o indispens\u00e1vel para a salva\u00e7\u00e3o<\/strong><\/p>\n<ul>\n<li><strong>Atos 2:38<\/strong> \u2013 \u201cArrependei-vos\u2026 para perd\u00e3o dos pecados.\u201d<\/li>\n<li><strong>Atos 3:19<\/strong> \u2013 \u201cArrependei-vos e convertei-vos.\u201d<\/li>\n<li><strong>Lucas 13:3<\/strong> \u2013 \u201cSe n\u00e3o vos arrependerdes, todos igualmente perecereis.\u201d<\/li>\n<li><strong>2 Pedro 3:9<\/strong> \u2013 Deus quer que todos cheguem ao arrependimento.<\/li>\n<\/ul>\n<p><strong>\ud83d\udd39 3. A tristeza segundo Deus que produz arrependimento<\/strong><\/p>\n<ul>\n<li><strong>2 Cor\u00edntios 7:9\u201310<\/strong> \u2013 A tristeza segundo Deus produz arrependimento para a salva\u00e7\u00e3o.<\/li>\n<li><strong>Salmos 34:18<\/strong> \u2013 Deus est\u00e1 perto dos quebrantados de cora\u00e7\u00e3o.<\/li>\n<li><strong>Isa\u00edas 57:15<\/strong> \u2013 Deus habita com o contrito e abatido de esp\u00edrito.<\/li>\n<\/ul>\n<p><strong>\ud83d\udd39 4. A cegueira espiritual da humanidade<\/strong><\/p>\n<ul>\n<li><strong>2 Cor\u00edntios 4:4<\/strong> \u2013 O deus deste s\u00e9culo cegou o entendimento.<\/li>\n<li><strong>Ef\u00e9sios 4:18<\/strong> \u2013 Entenebrecidos no entendimento.<\/li>\n<li><strong>1 Cor\u00edntios 2:14<\/strong> \u2013 O homem natural n\u00e3o compreende as coisas espirituais.<\/li>\n<li><strong>Isa\u00edas 6:9\u201310<\/strong> \u2013 Olham, mas n\u00e3o percebem.<\/li>\n<\/ul>\n<p><strong>\ud83d\udd39 5. O pecado como raiz do problema humano<\/strong><\/p>\n<ul>\n<li><strong>Romanos 3:23<\/strong> \u2013 Todos pecaram.<\/li>\n<li><strong>Romanos 6:23<\/strong> \u2013 O sal\u00e1rio do pecado \u00e9 a morte.<\/li>\n<li><strong>Jeremias 17:9<\/strong> \u2013 O cora\u00e7\u00e3o \u00e9 enganoso.<\/li>\n<li><strong>Marcos 7:21\u201323<\/strong> \u2013 O mal procede do interior do homem.<\/li>\n<\/ul>\n<p>\ud83d\udc49 O problema \u00e9 espiritual antes de ser social ou pol\u00edtico.<\/p>\n<p><strong>\ud83d\udd39 6. A queda de Satan\u00e1s por causa do pecado<\/strong><\/p>\n<ul>\n<li><strong>Isa\u00edas 14:12\u201315<\/strong> \u2013 A queda da estrela da manh\u00e3.<\/li>\n<li><strong>Ezequiel 28:15\u201317<\/strong> \u2013 A soberba que levou \u00e0 queda.<\/li>\n<li><strong>Lucas 10:18<\/strong> \u2013 \u201cVi Satan\u00e1s cair do c\u00e9u.\u201d<\/li>\n<li><strong>1 Tim\u00f3teo 3:6<\/strong> \u2013 A condena\u00e7\u00e3o do orgulho do diabo.<\/li>\n<\/ul>\n<p><strong>\ud83d\udd39 7. A queda do homem e a responsabilidade pessoal<\/strong><\/p>\n<ul>\n<li><strong>G\u00eanesis 3:6\u201313<\/strong> \u2013 A desobedi\u00eancia e a tentativa de transferir culpa.<\/li>\n<li><strong>Romanos 5:12<\/strong> \u2013 Por um homem entrou o pecado no mundo.<\/li>\n<li><strong>Eclesiastes 7:29<\/strong> \u2013 Deus fez o homem reto, mas ele buscou inven\u00e7\u00f5es.<\/li>\n<li><strong>Tiago 1:14\u201315<\/strong> \u2013 Cada um \u00e9 tentado pela pr\u00f3pria cobi\u00e7a.<\/li>\n<\/ul>\n<p><strong>\ud83d\udd39 8. O pecado gera morte espiritual<\/strong><\/p>\n<ul>\n<li><strong>Ef\u00e9sios 2:1\u20133<\/strong> \u2013 Mortos em ofensas e pecados.<\/li>\n<li><strong>Colossenses 2:13<\/strong> \u2013 Mortos nos pecados, mas vivificados em Cristo.<\/li>\n<li><strong>Romanos 8:6<\/strong> \u2013 A inclina\u00e7\u00e3o da carne \u00e9 morte.<\/li>\n<li><strong>Isa\u00edas 59:2<\/strong> \u2013 O pecado faz separa\u00e7\u00e3o entre Deus e o homem.<\/li>\n<\/ul>\n<p><strong>\ud83d\udd39 9. A solu\u00e7\u00e3o n\u00e3o \u00e9 externa, mas espiritual<\/strong><\/p>\n<ul>\n<li><strong>Jeremias 2:22<\/strong> \u2013 O pecado n\u00e3o pode ser removido por esfor\u00e7o humano.<\/li>\n<li><strong>1 Cor\u00edntios 1:21<\/strong> \u2013 O mundo n\u00e3o conheceu a Deus por sua sabedoria.<\/li>\n<li><strong>Prov\u00e9rbios 14:12<\/strong> \u2013 Caminhos humanos que conduzem \u00e0 morte.<\/li>\n<li><strong>Jo\u00e3o 8:34\u201336<\/strong> \u2013 Quem comete pecado \u00e9 servo do pecado, mas Cristo liberta.<\/li>\n<\/ul>\n<p>&nbsp;<\/p>\n<p><a href=\"https:\/\/deiadpa.com.br\/index.php\/quero-saber-mais-sobre-deus\/8-o-pecado-e-a-escravidao-humana\/\"><img loading=\"lazy\" decoding=\"async\" class=\"alignnone  wp-image-981\" src=\"http:\/\/deiadpa.com.br\/wp-content\/uploads\/2026\/01\/Proxima-aula.png\" alt=\"\" width=\"154\" height=\"65\" \/><\/a><\/p>\n<p>___________________________________________________________<\/p>\n<p>Ronaldo Santos<\/p>\n<p>&nbsp;<\/p>\n","protected":false},"excerpt":{"rendered":"<p>Um dos maiores problemas que atingem diretamente e comprometem a vida crist\u00e3 \u00e9 a falta de consci\u00eancia do pecado. Quando o ser humano n\u00e3o reconhece [&#8230;]<\/p>\n","protected":false},"author":1,"featured_media":0,"parent":75,"menu_order":0,"comment_status":"closed","ping_status":"closed","template":"","meta":{"footnotes":""},"_links":{"self":[{"href":"https:\/\/deiadpa.com.br\/index.php\/wp-json\/wp\/v2\/pages\/1049"}],"collection":[{"href":"https:\/\/deiadpa.com.br\/index.php\/wp-json\/wp\/v2\/pages"}],"about":[{"href":"https:\/\/deiadpa.com.br\/index.php\/wp-json\/wp\/v2\/types\/page"}],"author":[{"embeddable":true,"href":"https:\/\/deiadpa.com.br\/index.php\/wp-json\/wp\/v2\/users\/1"}],"replies":[{"embeddable":true,"href":"https:\/\/deiadpa.com.br\/index.php\/wp-json\/wp\/v2\/comments?post=1049"}],"version-history":[{"count":4,"href":"https:\/\/deiadpa.com.br\/index.php\/wp-json\/wp\/v2\/pages\/1049\/revisions"}],"predecessor-version":[{"id":1058,"href":"https:\/\/deiadpa.com.br\/index.php\/wp-json\/wp\/v2\/pages\/1049\/revisions\/1058"}],"up":[{"embeddable":true,"href":"https:\/\/deiadpa.com.br\/index.php\/wp-json\/wp\/v2\/pages\/75"}],"wp:attachment":[{"href":"https:\/\/deiadpa.com.br\/index.php\/wp-json\/wp\/v2\/media?parent=1049"}],"curies":[{"name":"wp","href":"https:\/\/api.w.org\/{rel}","templated":true}]}}