{"id":1039,"date":"2026-02-16T22:39:51","date_gmt":"2026-02-17T01:39:51","guid":{"rendered":"https:\/\/deiadpa.com.br\/?page_id=1039"},"modified":"2026-02-25T14:04:44","modified_gmt":"2026-02-25T17:04:44","slug":"6-o-pecado-e-a-separacao-entre-deus-e-a-humanidade","status":"publish","type":"page","link":"https:\/\/deiadpa.com.br\/index.php\/quero-saber-mais-sobre-deus\/6-o-pecado-e-a-separacao-entre-deus-e-a-humanidade\/","title":{"rendered":"6 \u2013 O PECADO E A SEPARA\u00c7\u00c3O ENTRE DEUS E A HUMANIDADE"},"content":{"rendered":"<p data-start=\"322\" data-end=\"503\">Vimos no cap\u00edtulo anterior que Deus \u00e9 amor, mas tamb\u00e9m \u00e9 justi\u00e7a. Embora seja grande em miseric\u00f3rdia, o Senhor n\u00e3o tolera o mal nem suporta a injusti\u00e7a. O profeta Habacuque declara:<\/p>\n<blockquote data-start=\"505\" data-end=\"616\">\n<p data-start=\"507\" data-end=\"616\">\u201cTu \u00e9s t\u00e3o puro de olhos, que n\u00e3o podes ver o mal, e a opress\u00e3o n\u00e3o podes contemplar\u2026\u201d<br data-start=\"593\" data-end=\"596\" \/><em data-start=\"598\" data-end=\"616\">(<a href=\"https:\/\/www.bibliaonline.com.br\/acf\/hc\/1\/13\">Habacuque 1:13<\/a>)<\/em><\/p>\n<\/blockquote>\n<p data-start=\"618\" data-end=\"790\">Essa passagem nos revela que Deus n\u00e3o tolera o pecado por causa da Sua santidade. Embora Deus ame o pecador, Ele abomina o pecado e n\u00e3o pode conviver com ele nem aceit\u00e1-lo.<\/p>\n<p data-start=\"792\" data-end=\"923\">As Escrituras tamb\u00e9m revelam que \u00e9 justamente o pecado que provoca a separa\u00e7\u00e3o entre a humanidade e Deus. O profeta Isa\u00edas adverte:<\/p>\n<blockquote data-start=\"925\" data-end=\"1088\">\n<p data-start=\"927\" data-end=\"1088\">\u201cMas as vossas iniquidades fazem separa\u00e7\u00e3o entre v\u00f3s e o vosso Deus; e os vossos pecados encobrem o seu rosto de v\u00f3s, para que n\u00e3o vos ou\u00e7a.\u201d<br data-start=\"1068\" data-end=\"1071\" \/><em data-start=\"1073\" data-end=\"1088\">(<a href=\"https:\/\/www.bibliaonline.com.br\/acf\/is\/59\/2\">Isa\u00edas 59:2<\/a>)<\/em><\/p>\n<\/blockquote>\n<p data-start=\"1090\" data-end=\"1214\">O pecado rompe a comunh\u00e3o, obscurece o relacionamento com Deus e cria uma barreira espiritual entre o homem e o seu Criador.<\/p>\n<hr data-start=\"1216\" data-end=\"1219\" \/>\n<h2 data-start=\"1221\" data-end=\"1241\">O Pecado Original<\/h2>\n<p data-start=\"1243\" data-end=\"1674\">As Escrituras narram o epis\u00f3dio da desobedi\u00eancia e rebeldia de Ad\u00e3o e Eva. Deus havia advertido a Ad\u00e3o para que permanecesse obediente e n\u00e3o pecasse contra Sua santidade. Ele poderia comer de todos os frutos das \u00e1rvores do jardim do \u00c9den. Apenas o fruto da \u00e1rvore que estava no meio do jardim \u2014 a \u00e1rvore do conhecimento do bem e do mal \u2014 n\u00e3o deveria ser comido. Deus declarou que, no dia em que dele comessem, certamente morreriam. <em data-start=\"1678\" data-end=\"1694\">(<a href=\"https:\/\/www.bibliaonline.com.br\/acf\/gn\/2\/17\">G\u00eanesis 2:17<\/a>)<\/em><\/p>\n<p data-start=\"1696\" data-end=\"1932\">No entanto, Ad\u00e3o e Eva n\u00e3o quiseram permanecer sob a dire\u00e7\u00e3o de Deus. Desejaram ser como Deus, possuindo o poder de decidir por si mesmos o que era bem e o que era mal, segundo seus pr\u00f3prios crit\u00e9rios, sem depender da orienta\u00e7\u00e3o divina.<\/p>\n<p data-start=\"1934\" data-end=\"2181\">Essa decis\u00e3o terr\u00edvel introduziu o pecado no mundo e provocou a ruptura da comunh\u00e3o perfeita que existia entre a humanidade e Deus. A partir daquele momento, a humanidade passou a trilhar seus pr\u00f3prios caminhos, afastando-se da vontade do Criador.<\/p>\n<p data-start=\"2183\" data-end=\"2428\">Essa realidade se torna evidente ainda hoje, quando a sociedade declara: \u201cN\u00e3o queremos seguir os padr\u00f5es de Deus!\u201d ou quando se tenta excluir das escolas, dos governos e da vida p\u00fablica qualquer refer\u00eancia \u00e0 B\u00edblia Sagrada e aos valores divinos.<\/p>\n<p data-start=\"2430\" data-end=\"2619\">O pecado introduzido por Ad\u00e3o n\u00e3o permaneceu restrito a ele. As Escrituras afirmam que todos herdaram essa condi\u00e7\u00e3o, pois o pecado entrou no mundo por um homem e alcan\u00e7ou toda a humanidade:<\/p>\n<blockquote data-start=\"2621\" data-end=\"2791\">\n<p data-start=\"2623\" data-end=\"2791\">\u201cPortanto, como por um homem entrou o pecado no mundo, e pelo pecado a morte, assim tamb\u00e9m a morte passou a todos os homens, porque todos pecaram.\u201d <em data-start=\"2775\" data-end=\"2791\">(<a href=\"https:\/\/www.bibliaonline.com.br\/acf\/rm\/5\/12\">Romanos 5:12<\/a>)<\/em><\/p>\n<\/blockquote>\n<hr data-start=\"2793\" data-end=\"2796\" \/>\n<h2 data-start=\"2798\" data-end=\"2827\">As Consequ\u00eancias do Pecado<\/h2>\n<p data-start=\"2829\" data-end=\"3162\">As consequ\u00eancias do pecado foram imediatas. A primeira foi a vergonha. Ao perceberem que estavam nus, Ad\u00e3o e Eva passaram a enxergar com mal\u00edcia aquilo que antes era natural e puro. A nudez, que n\u00e3o representava problema algum diante de Deus, passou a gerar constrangimento. Eles ent\u00e3o costuraram folhas de figueira para se cobrirem.<\/p>\n<p data-start=\"3164\" data-end=\"3340\">A segunda consequ\u00eancia foi o medo. Quando ouviram a voz de Deus no jardim, esconderam-se, pois temeram Sua presen\u00e7a. A comunh\u00e3o que antes era natural tornou-se motivo de temor.<\/p>\n<p data-start=\"3342\" data-end=\"3362\">A Escritura declara:<\/p>\n<blockquote data-start=\"3364\" data-end=\"3524\">\n<p data-start=\"3366\" data-end=\"3524\">\u201cNo amor n\u00e3o h\u00e1 temor; antes, o perfeito amor lan\u00e7a fora o temor; porque o temor tem consigo a pena, e o que teme n\u00e3o \u00e9 perfeito em amor.\u201d <em data-start=\"3509\" data-end=\"3524\">(<a href=\"https:\/\/www.bibliaonline.com.br\/acf\/1jo\/4\/18\">1 Jo\u00e3o 4:18<\/a>)<\/em><\/p>\n<\/blockquote>\n<p data-start=\"3526\" data-end=\"3601\">O pecado introduziu o medo, a culpa e a ruptura do relacionamento com Deus.<\/p>\n<p data-start=\"3603\" data-end=\"3965\">Por fim, vemos as consequ\u00eancias devastadoras que passaram a atingir a fam\u00edlia humana. A morte tornou-se realidade. O primeiro homic\u00eddio ocorreu quando Caim matou seu irm\u00e3o Abel por inveja e ci\u00fame. A corrup\u00e7\u00e3o foi se espalhando progressivamente, at\u00e9 alcan\u00e7ar n\u00edveis extremos descritos em G\u00eanesis cap\u00edtulo 6, quando a maldade do homem se multiplicou sobre a terra.<\/p>\n<p data-start=\"3967\" data-end=\"4130\">Assim, o pecado n\u00e3o apenas separou o homem de Deus, mas tamb\u00e9m corrompeu os relacionamentos humanos, trouxe sofrimento, viol\u00eancia e morte \u00e0 hist\u00f3ria da humanidade.<\/p>\n<p><strong>\u00a0<\/strong><strong>\u00a0<\/strong><strong>\ud83d\udcd6<\/strong><strong>\u00a0Leitura b\u00edblica auxiliares para medita\u00e7\u00e3o<\/strong><\/p>\n<p>Recomendamos a leitura e o estudo dos textos indicados abaixo para aprofundar o entendimento e fortalecer o conhecimento das verdades fundamentais da f\u00e9 crist\u00e3.<\/p>\n<p><strong>\ud83d\udd39 1. A santidade de Deus e Sua incompatibilidade com o pecado<\/strong><\/p>\n<ul>\n<li><strong>Habacuque 1:13<\/strong> \u2013 Deus \u00e9 puro de olhos e n\u00e3o pode contemplar o mal.<\/li>\n<li><strong>Isa\u00edas 6:3\u20135<\/strong> \u2013 A santidade absoluta do Senhor.<\/li>\n<li><strong>Salmos 5:4\u20135<\/strong> \u2013 Deus n\u00e3o tem prazer na iniquidade.<\/li>\n<li><strong>1 Pedro 1:15\u201316<\/strong> \u2013 \u201cSede santos, porque Eu sou santo.\u201d<\/li>\n<li><strong>Lev\u00edtico 19:2<\/strong> \u2013 Chamado \u00e0 santidade diante do Deus santo.<\/li>\n<\/ul>\n<p><strong>\ud83d\udd39 2. O pecado provoca separa\u00e7\u00e3o entre Deus e o homem<\/strong><\/p>\n<ul>\n<li><strong>Isa\u00edas 59:2<\/strong> \u2013 O pecado faz separa\u00e7\u00e3o entre n\u00f3s e Deus.<\/li>\n<li><strong>Romanos 3:23<\/strong> \u2013 \u201cTodos pecaram e destitu\u00eddos est\u00e3o da gl\u00f3ria de Deus.\u201d<\/li>\n<li><strong>Ef\u00e9sios 4:18<\/strong> \u2013 Separados da vida de Deus por causa da ignor\u00e2ncia e dureza do cora\u00e7\u00e3o.<\/li>\n<li><strong>Colossenses 1:21<\/strong> \u2013 Inimigos de Deus no entendimento e nas obras.<\/li>\n<li><strong>G\u00eanesis 3:8\u201310<\/strong> \u2013 O homem se escondendo da presen\u00e7a de Deus.<\/li>\n<\/ul>\n<p><strong>\ud83d\udd39 3. O Pecado Original \u2013 A desobedi\u00eancia no \u00c9den<\/strong><\/p>\n<ul>\n<li><strong>G\u00eanesis 2:16\u201317<\/strong> \u2013 A ordem divina e a advert\u00eancia da morte.<\/li>\n<li><strong>G\u00eanesis 3:1\u20137<\/strong> \u2013 A tenta\u00e7\u00e3o e a queda.<\/li>\n<li><strong>G\u00eanesis 3:22\u201324<\/strong> \u2013 A expuls\u00e3o do jardim e a ruptura da comunh\u00e3o.<\/li>\n<li><strong>Romanos 5:19<\/strong> \u2013 Pela desobedi\u00eancia de um, muitos se tornaram pecadores.<\/li>\n<li><strong>1 Cor\u00edntios 15:21\u201322<\/strong> \u2013 Em Ad\u00e3o todos morrem.<\/li>\n<\/ul>\n<p><strong>\ud83d\udd39 4. O desejo humano de autonomia sem Deus<\/strong><\/p>\n<ul>\n<li><strong>G\u00eanesis 3:5<\/strong> \u2013 \u201cSereis como Deus.\u201d<\/li>\n<li><strong>Ju\u00edzes 21:25<\/strong> \u2013 Cada um fazia o que parecia certo aos seus pr\u00f3prios olhos.<\/li>\n<li><strong>Prov\u00e9rbios 14:12<\/strong> \u2013 Caminho que parece direito, mas conduz \u00e0 morte.<\/li>\n<li><strong>Romanos 1:21\u201325<\/strong> \u2013 Trocar a verdade de Deus pela mentira.<\/li>\n<\/ul>\n<p><strong>\ud83d\udd39 5. A universalidade do pecado herdado<\/strong><\/p>\n<ul>\n<li><strong>Romanos 5:12<\/strong> \u2013 Por um homem entrou o pecado no mundo.<\/li>\n<li><strong>Salmos 51:5<\/strong> \u2013 \u201cEm pecado me concebeu minha m\u00e3e.\u201d<\/li>\n<li><strong>Eclesiastes 7:20<\/strong> \u2013 N\u00e3o h\u00e1 homem justo que n\u00e3o peque.<\/li>\n<li><strong>1 Jo\u00e3o 1:8\u201310<\/strong> \u2013 Se dissermos que n\u00e3o temos pecado, enganamo-nos.<\/li>\n<\/ul>\n<p><strong>\ud83d\udd39 6. As consequ\u00eancias imediatas do pecado (vergonha e culpa)<\/strong><\/p>\n<ul>\n<li><strong>G\u00eanesis 3:7<\/strong> \u2013 Percep\u00e7\u00e3o da nudez e tentativa de cobrir-se.<\/li>\n<li><strong>Salmos 32:3\u20134<\/strong> \u2013 O peso da culpa sobre o pecador.<\/li>\n<li><strong>Jeremias 2:22<\/strong> \u2013 A mancha do pecado n\u00e3o pode ser removida pelo pr\u00f3prio homem.<\/li>\n<\/ul>\n<p><strong>\ud83d\udd39 7. O medo e a ruptura da comunh\u00e3o com Deus<\/strong><\/p>\n<ul>\n<li><strong>G\u00eanesis 3:8\u201310<\/strong> \u2013 O homem se escondendo por medo.<\/li>\n<li><strong>1 Jo\u00e3o 4:18<\/strong> \u2013 O medo ligado \u00e0 culpa.<\/li>\n<li><strong>Hebreus 10:26\u201327<\/strong> \u2013 Consci\u00eancia da culpa diante de Deus.<\/li>\n<\/ul>\n<p><strong>\ud83d\udd39 8. A entrada da morte e da viol\u00eancia<\/strong><\/p>\n<ul>\n<li><strong>G\u00eanesis 4:8<\/strong> \u2013 O homic\u00eddio de Abel por Caim.<\/li>\n<li><strong>Romanos 6:23<\/strong> \u2013 O sal\u00e1rio do pecado \u00e9 a morte.<\/li>\n<li><strong>Hebreus 9:27<\/strong> \u2013 Aos homens est\u00e1 ordenado morrer uma vez.<\/li>\n<li><strong>G\u00eanesis 6:5<\/strong> \u2013 A corrup\u00e7\u00e3o generalizada da humanidade.<\/li>\n<li><strong>Tiago 1:14\u201315<\/strong> \u2013 O pecado gera morte.<\/li>\n<\/ul>\n<p><strong>\ud83d\udd39 9. A corrup\u00e7\u00e3o progressiva da humanidade<\/strong><\/p>\n<ul>\n<li><strong>G\u00eanesis 6:11\u201312<\/strong> \u2013 A terra corrompida diante de Deus.<\/li>\n<li><strong>2 Tim\u00f3teo 3:1\u20135<\/strong> \u2013 O estado moral da humanidade nos \u00faltimos dias.<\/li>\n<li><strong>Romanos 1:28\u201332<\/strong> \u2013 A degrada\u00e7\u00e3o moral resultante do afastamento de Deus.<\/li>\n<\/ul>\n<p>&nbsp;<\/p>\n<p><a href=\"https:\/\/deiadpa.com.br\/index.php\/quero-saber-mais-sobre-deus\/7-o-pecado-nosso-maior-inimigo\/\"><img loading=\"lazy\" decoding=\"async\" class=\"alignnone wp-image-981\" src=\"http:\/\/deiadpa.com.br\/wp-content\/uploads\/2026\/01\/Proxima-aula.png\" alt=\"\" width=\"168\" height=\"71\" \/><\/a><\/p>\n<p>__________________________________________________________<\/p>\n<p>Ronaldo Santos<\/p>\n","protected":false},"excerpt":{"rendered":"<p>Vimos no cap\u00edtulo anterior que Deus \u00e9 amor, mas tamb\u00e9m \u00e9 justi\u00e7a. Embora seja grande em miseric\u00f3rdia, o Senhor n\u00e3o tolera o mal nem suporta [&#8230;]<\/p>\n","protected":false},"author":1,"featured_media":0,"parent":75,"menu_order":0,"comment_status":"closed","ping_status":"closed","template":"","meta":{"footnotes":""},"_links":{"self":[{"href":"https:\/\/deiadpa.com.br\/index.php\/wp-json\/wp\/v2\/pages\/1039"}],"collection":[{"href":"https:\/\/deiadpa.com.br\/index.php\/wp-json\/wp\/v2\/pages"}],"about":[{"href":"https:\/\/deiadpa.com.br\/index.php\/wp-json\/wp\/v2\/types\/page"}],"author":[{"embeddable":true,"href":"https:\/\/deiadpa.com.br\/index.php\/wp-json\/wp\/v2\/users\/1"}],"replies":[{"embeddable":true,"href":"https:\/\/deiadpa.com.br\/index.php\/wp-json\/wp\/v2\/comments?post=1039"}],"version-history":[{"count":5,"href":"https:\/\/deiadpa.com.br\/index.php\/wp-json\/wp\/v2\/pages\/1039\/revisions"}],"predecessor-version":[{"id":1064,"href":"https:\/\/deiadpa.com.br\/index.php\/wp-json\/wp\/v2\/pages\/1039\/revisions\/1064"}],"up":[{"embeddable":true,"href":"https:\/\/deiadpa.com.br\/index.php\/wp-json\/wp\/v2\/pages\/75"}],"wp:attachment":[{"href":"https:\/\/deiadpa.com.br\/index.php\/wp-json\/wp\/v2\/media?parent=1039"}],"curies":[{"name":"wp","href":"https:\/\/api.w.org\/{rel}","templated":true}]}}