{"id":1008,"date":"2026-02-15T09:43:58","date_gmt":"2026-02-15T12:43:58","guid":{"rendered":"https:\/\/deiadpa.com.br\/?page_id=1008"},"modified":"2026-02-25T14:01:38","modified_gmt":"2026-02-25T17:01:38","slug":"5-a-manifestacao-do-amor-incondicional-de-deus","status":"publish","type":"page","link":"https:\/\/deiadpa.com.br\/index.php\/quero-saber-mais-sobre-deus\/5-a-manifestacao-do-amor-incondicional-de-deus\/","title":{"rendered":"5 &#8211; A MANIFESTA\u00c7\u00c3O DO AMOR INCONDICIONAL DE DEUS"},"content":{"rendered":"<p>Quando n\u00e3o conhecemos a Deus, tendemos a imagin\u00e1-lo \u00e0 semelhan\u00e7a do ser humano. Pensamos que o amor de Deus funciona como o nosso amor, ou seja, um sentimento influenciado pela reciprocidade, condicionado a a\u00e7\u00f5es e rea\u00e7\u00f5es.<\/p>\n<p>Por essa raz\u00e3o, muitas vezes duvidamos do Seu amor por n\u00f3s. Se Ele realmente existe e conhece o quanto O desprezamos, imaginamos que Ele deve nos tratar da mesma forma que O tratamos. Surge ent\u00e3o aquela revolta interna: se Deus sabe o quanto somos infi\u00e9is e ingratos, talvez Sua m\u00e3o esteja constantemente levantada contra n\u00f3s, castigando-nos. E, assim, conclu\u00edmos que a tristeza e o sofrimento do mundo seriam apenas o resultado do castigo divino.<\/p>\n<p>Contudo, quando passamos a compreender o verdadeiro amor de Deus, entendemos que o Seu amor por n\u00f3s n\u00e3o se baseia naquilo que fazemos. Ele n\u00e3o \u00e9 um reflexo nem uma resposta \u00e0s nossas atitudes. Pelo contr\u00e1rio, o amor de Deus est\u00e1 fundamentado em Suas miseric\u00f3rdias, em Sua gra\u00e7a e em Suas promessas. Ou seja, o Seu amor est\u00e1 baseado muito mais n\u2019Ele mesmo do que em n\u00f3s.<\/p>\n<p>Por isso, independentemente do que fazemos ou pensamos, Deus nos ama com um amor infinito e inexplic\u00e1vel.<\/p>\n<p>Sim, independentemente do que fazemos, Deus nos ama. Independentemente de quem somos, Jesus nos ama. N\u00e3o importa o seu passado. N\u00e3o importa o seu presente. Jesus, o Filho unig\u00eanito de Deus, ama voc\u00ea.<\/p>\n<p>Isso significa que n\u00e3o importa o seu pecado, nem as agress\u00f5es que tenha cometido contra o pr\u00f3ximo. Ainda que voc\u00ea se considere o pior ser humano da face da terra, ainda que ningu\u00e9m mais acredite em voc\u00ea ou tenha perdido a esperan\u00e7a de que possa ser restaurado, mesmo que voc\u00ea pr\u00f3prio j\u00e1 n\u00e3o veja solu\u00e7\u00e3o para si mesmo, Deus nunca desistir\u00e1 de voc\u00ea. O Seu amor \u00e9 infinito e n\u00e3o tem fim.<\/p>\n<p>\u201c<em>Haver\u00e1 m\u00e3e que possa esquecer seu beb\u00ea que ainda mama e n\u00e3o ter compaix\u00e3o do filho que gerou? Embora ela possa esquec\u00ea-lo, eu n\u00e3o me esquecerei de voc\u00ea!\u201d (<a href=\"https:\/\/www.bibliaonline.com.br\/acf\/Is\/49\/15\">Isa\u00edas 49:15<\/a>)<\/em><\/p>\n<p>\u201cAs miseric\u00f3rdias do Senhor s\u00e3o a causa de n\u00e3o sermos consumidos, porque as suas miseric\u00f3rdias n\u00e3o t\u00eam fim; renovam-se cada manh\u00e3.\u201d (<a href=\"https:\/\/www.bibliaonline.com.br\/acf\/lm\/3\/22-23\">Lamenta\u00e7\u00f5es 3:22-23<\/a>)<\/p>\n<p>&nbsp;<\/p>\n<p><strong><u>A Manifesta\u00e7\u00e3o do Amor de Deus para com a Humanidade<\/u><\/strong><\/p>\n<p>Deus \u00e9 amor, e a B\u00edblia revela que o Seu amor por n\u00f3s \u00e9 eterno e incondicional. No entanto, \u00e9 necess\u00e1rio compreender como esse amor sobrenatural, profundo e incompreens\u00edvel aos padr\u00f5es humanos se manifesta e nos alcan\u00e7a.<\/p>\n<p>Para isso, \u00e9 preciso entender o Evangelho, ou seja, as boas novas da salva\u00e7\u00e3o, a boa not\u00edcia que revela o agir de Deus at\u00e9 as \u00faltimas consequ\u00eancias para salvar a coroa da sua cria\u00e7\u00e3o: a ra\u00e7a humana.<\/p>\n<p>O ap\u00f3stolo Jo\u00e3o, escritor do quarto Evangelho, diante da grandeza desse amor e, por assim dizer, sem encontrar palavras suficientes para descrev\u00ea-lo plenamente, registrou uma das declara\u00e7\u00f5es mais conhecidas e profundas das Escrituras:<\/p>\n<p><em>\u201cPorque Deus amou o mundo de tal maneira que deu o seu Filho unig\u00eanito, para que todo aquele que nele cr\u00ea n\u00e3o pere\u00e7a, mas tenha a vida eterna.\u201d (<a href=\"https:\/\/www.bibliaonline.com.br\/acf\/jo\/3\/16\">Jo\u00e3o 3:16<\/a>)<\/em><\/p>\n<p>Essa afirma\u00e7\u00e3o demonstra que, ao contr\u00e1rio do que muitos imaginam, Deus n\u00e3o \u00e9 um ser tirano, autorit\u00e1rio ou sempre pronto a castigar a humanidade. Pelo contr\u00e1rio, a B\u00edblia revela um Deus amoroso, justo e misericordioso, que manifesta seu amor mesmo diante de uma humanidade ingrata, rebelde e hostil \u00e0 sua pessoa.<\/p>\n<p>Deus demonstrou esse amor ao entregar o seu pr\u00f3prio filho como sacrif\u00edcio, oferecendo salva\u00e7\u00e3o \u00e0 humanidade. Em Jesus, Deus expiou os pecados do mundo e concedeu vida eterna por meio de um amor sacrificial, doador e marcado pela ren\u00fancia.<\/p>\n<p>Em outras palavras, Deus apagou os nossos erros, pecados, injusti\u00e7as e rebeldias, e imputou a n\u00f3s a justi\u00e7a e a santidade de Cristo. Ele nos declarou santos e aceit\u00e1veis diante de Si, n\u00e3o por causa das nossas obras, mas exclusivamente por causa da obra perfeita realizada por Jesus. Nossa posi\u00e7\u00e3o diante de Deus n\u00e3o est\u00e1 fundamentada em nossos m\u00e9ritos, mas na gra\u00e7a que nos foi concedida por meio de Cristo.<\/p>\n<p>A vida e a obra de Cristo constituem a maior express\u00e3o do amor \u00c1gape de Deus, pois Ele Se entregou voluntariamente por todos n\u00f3s.<\/p>\n<p>&nbsp;<\/p>\n<p><strong>\ud83d\udcd6<\/strong><strong> Leitura b\u00edblica auxiliares para medita\u00e7\u00e3o<\/strong><\/p>\n<p>\ud83d\udd39 1. O amor de Deus n\u00e3o \u00e9 como o amor humano, n\u00e3o inst\u00e1vel nem condicionado<\/p>\n<ul>\n<li><a href=\"https:\/\/www.bibliaonline.com.br\/acf\/is\/55\/8-9\">Isa\u00edas 55:8\u20139<\/a> \u2013 Os pensamentos de Deus s\u00e3o mais altos que os nossos.<\/li>\n<li><a href=\"https:\/\/www.bibliaonline.com.br\/acf\/sl\/103\/11-12\">Salmos 103:11\u201312<\/a> \u2013 A grandeza do amor de Deus \u00e9 incompar\u00e1vel.<\/li>\n<li><a href=\"https:\/\/www.bibliaonline.com.br\/acf\/tg\/1\/17\">Tiago 1:17<\/a> \u2013 Em Deus n\u00e3o h\u00e1 varia\u00e7\u00e3o nem sombra de mudan\u00e7a.<\/li>\n<li><a href=\"https:\/\/www.bibliaonline.com.br\/acf\/rm\/11\/29\">Romanos 11:29<\/a> \u2013 Os dons e a voca\u00e7\u00e3o de Deus s\u00e3o irrevog\u00e1veis.<\/li>\n<\/ul>\n<p>\ud83d\udd39 2. Deus ama independentemente das nossas obras<\/p>\n<ul>\n<li><a href=\"https:\/\/www.bibliaonline.com.br\/acf\/rm\/5\/8\">Romanos 5:8<\/a> \u2013 Deus nos amou sendo n\u00f3s ainda pecadores.<\/li>\n<li><a href=\"https:\/\/www.bibliaonline.com.br\/acf\/ef\/2\/4-5\">Ef\u00e9sios 2:4\u20135<\/a> \u2013 Deus nos deu vida quando ainda est\u00e1vamos mortos em pecados.<\/li>\n<li><a href=\"https:\/\/www.bibliaonline.com.br\/acf\/tt\/3\/4-5\">Tito 3:4\u20135<\/a> \u2013 Salvos n\u00e3o por obras, mas segundo Sua miseric\u00f3rdia.<\/li>\n<li><a href=\"https:\/\/www.bibliaonline.com.br\/acf\/dt\/7\/7-8\">Deuteron\u00f4mio 7:7\u20138<\/a> \u2013 Deus ama por decis\u00e3o soberana, n\u00e3o por m\u00e9rito humano.<\/li>\n<\/ul>\n<p>\ud83d\udd39 3. Deus ama mesmo quando somos infi\u00e9is<\/p>\n<ul>\n<li><a href=\"https:\/\/www.bibliaonline.com.br\/acf\/2tm\/2\/13\">2 Tim\u00f3teo 2:13<\/a> \u2013 Se somos infi\u00e9is, Ele permanece fiel.<\/li>\n<li><a href=\"https:\/\/www.bibliaonline.com.br\/acf\/rm\/3\/3-4\">Romanos 3:3\u20134<\/a> \u2013 A incredulidade humana n\u00e3o anula a fidelidade de Deus.<\/li>\n<li><a href=\"https:\/\/www.bibliaonline.com.br\/acf\/os\/11\/1-9\">Os\u00e9ias 11:1\u20139<\/a> \u2013 O amor perseverante de Deus apesar da rebeldia.<\/li>\n<li><a href=\"https:\/\/www.bibliaonline.com.br\/acf\/sl\/89\/33\">Salmos 89:33<\/a> \u2013 Deus n\u00e3o retira Seu amor nem quebra Sua alian\u00e7a.<\/li>\n<\/ul>\n<p>\ud83d\udd39 4. O amor eterno e inesgot\u00e1vel de Deus<\/p>\n<ul>\n<li><a href=\"https:\/\/www.bibliaonline.com.br\/acf\/jr\/31\/3\">Jeremias 31:3<\/a> \u2013 \u201cCom amor eterno te amei.\u201d<\/li>\n<li><a href=\"https:\/\/www.bibliaonline.com.br\/acf\/lm\/3\/22-23\">Lamenta\u00e7\u00f5es 3:22\u201323<\/a> \u2013 Miseric\u00f3rdias que se renovam a cada manh\u00e3.<\/li>\n<li><a href=\"https:\/\/www.bibliaonline.com.br\/acf\/is\/49\/15-16\">Isa\u00edas 49:15\u201316<\/a> \u2013 Deus nunca se esquece do Seu povo.<\/li>\n<li><a href=\"https:\/\/www.bibliaonline.com.br\/acf\/rm\/8\/38-39\">Romanos 8:38\u201339<\/a> \u2013 Nada pode nos separar do amor de Deus.<\/li>\n<\/ul>\n<p>\ud83d\udd39 5. Deus n\u00e3o desiste do pecador<\/p>\n<ul>\n<li><a href=\"https:\/\/www.bibliaonline.com.br\/acf\/2pe\/3\/9\">2 Pedro 3:9<\/a> \u2013 Deus n\u00e3o quer que ningu\u00e9m pere\u00e7a.<\/li>\n<li><a href=\"https:\/\/www.bibliaonline.com.br\/acf\/ez\/18\/23\">Ezequiel 18:23<\/a> \u2013 Deus n\u00e3o tem prazer na morte do \u00edmpio.<\/li>\n<li><a href=\"https:\/\/www.bibliaonline.com.br\/acf\/lc\/15\/4-7\">Lucas 15:4\u20137<\/a> \u2013 A par\u00e1bola da ovelha perdida.<\/li>\n<li><a href=\"https:\/\/www.bibliaonline.com.br\/acf\/lc\/15\/20\">Lucas 15:20<\/a> \u2013 O pai que corre ao encontro do filho pr\u00f3digo.<\/li>\n<\/ul>\n<p>\ud83d\udd39 6. A manifesta\u00e7\u00e3o suprema do amor: Jo\u00e3o 3:16<\/p>\n<ul>\n<li><a href=\"https:\/\/www.bibliaonline.com.br\/acf\/jo\/3\/16\">Jo\u00e3o 3:16<\/a> \u2013 Deus amou o mundo e entregou Seu Filho.<\/li>\n<li><a href=\"https:\/\/www.bibliaonline.com.br\/acf\/1jo\/4\/9-10\">1 Jo\u00e3o 4:9\u201310<\/a> \u2013 Deus enviou Seu Filho como propicia\u00e7\u00e3o pelos nossos pecados.<\/li>\n<li><a href=\"https:\/\/www.bibliaonline.com.br\/acf\/rm\/5\/10\">Romanos 5:10<\/a> \u2013 Reconciliados quando ainda \u00e9ramos inimigos.<\/li>\n<li><a href=\"https:\/\/www.bibliaonline.com.br\/acf\/1jo\/3\/16\">1 Jo\u00e3o 3:16<\/a> \u2013 Conhecemos o amor porque Cristo deu Sua vida por n\u00f3s.<\/li>\n<\/ul>\n<p>\ud83d\udd39 7. A imputa\u00e7\u00e3o da justi\u00e7a de Cristo (justifica\u00e7\u00e3o)<\/p>\n<ul>\n<li><a href=\"https:\/\/www.bibliaonline.com.br\/acf\/2co\/5\/21\">2 Cor\u00edntios 5:21<\/a> \u2013 Ele foi feito pecado por n\u00f3s, para que f\u00f4ssemos feitos justi\u00e7a de Deus.<\/li>\n<li><a href=\"https:\/\/www.bibliaonline.com.br\/acf\/rm\/4\/5-8\">Romanos 4:5\u20138<\/a> \u2013 Deus imputa justi\u00e7a independentemente de obras.<\/li>\n<li><a href=\"https:\/\/www.bibliaonline.com.br\/acf\/rm\/3\/23-24\">Romanos 3:23\u201324<\/a> \u2013 Justificados gratuitamente pela gra\u00e7a.<\/li>\n<li><a href=\"https:\/\/www.bibliaonline.com.br\/acf\/fp\/3\/9\">Filipenses 3:9<\/a> \u2013 Justi\u00e7a que vem de Deus mediante a f\u00e9.<\/li>\n<\/ul>\n<p>\ud83d\udd39 8. Amor sacrificial e volunt\u00e1rio de Cristo<\/p>\n<ul>\n<li><a href=\"https:\/\/www.bibliaonline.com.br\/acf\/jo\/10\/17-18\">Jo\u00e3o 10:17\u201318<\/a> \u2013 Cristo entrega Sua vida voluntariamente.<\/li>\n<li><a href=\"https:\/\/www.bibliaonline.com.br\/acf\/gl\/2\/20\">G\u00e1latas 2:20<\/a> \u2013 \u201cEle me amou e Se entregou por mim.\u201d<\/li>\n<li><a href=\"https:\/\/www.bibliaonline.com.br\/acf\/ef\/5\/2\">Ef\u00e9sios 5:2<\/a> \u2013 Cristo nos amou e Se entregou por n\u00f3s.<\/li>\n<li><a href=\"https:\/\/www.bibliaonline.com.br\/acf\/hb\/9\/26-28\">Hebreus 9:26\u201328<\/a> \u2013 Sacrif\u00edcio definitivo pelos pecados.<\/li>\n<\/ul>\n<p>\ud83d\udd39 9. A nova posi\u00e7\u00e3o do crente diante de Deus<\/p>\n<ul>\n<li><a href=\"https:\/\/www.bibliaonline.com.br\/acf\/rm\/8\/1\">Romanos 8:1<\/a> \u2013 Nenhuma condena\u00e7\u00e3o h\u00e1 para os que est\u00e3o em Cristo.<\/li>\n<li><a href=\"https:\/\/www.bibliaonline.com.br\/acf\/cl\/1\/21-22\">Colossenses 1:21\u201322<\/a> \u2013 Apresentados santos e irrepreens\u00edveis diante de Deus.<\/li>\n<li><a href=\"https:\/\/www.bibliaonline.com.br\/acf\/hb\/10\/14\">Hebreus 10:14<\/a> \u2013 Aperfei\u00e7oados para sempre pelo sacrif\u00edcio de Cristo.<\/li>\n<li><a href=\"https:\/\/www.bibliaonline.com.br\/acf\/1pe\/2\/24\">1 Pedro 2:24<\/a> \u2013 Ele levou nossos pecados em Seu corpo na cruz.<\/li>\n<\/ul>\n<p>\ud83d\udd39 10. O amor que gera seguran\u00e7a e esperan\u00e7a<\/p>\n<ul>\n<li><a href=\"https:\/\/www.bibliaonline.com.br\/acf\/1jo\/4\/18\">1 Jo\u00e3o 4:18<\/a> \u2013 O perfeito amor lan\u00e7a fora o medo.<\/li>\n<li><a href=\"https:\/\/www.bibliaonline.com.br\/acf\/sl\/36\/7\">Salmos 36:7<\/a> \u2013 Preciosidade do amor de Deus.<\/li>\n<li><a href=\"https:\/\/www.bibliaonline.com.br\/acf\/hb\/4\/16\">Hebreus 4:16<\/a> \u2013 Aproximar-se confiadamente do trono da gra\u00e7a.<\/li>\n<li><a href=\"https:\/\/www.bibliaonline.com.br\/acf\/rm\/15\/13\">Romanos 15:13<\/a> \u2013 Deus nos enche de esperan\u00e7a.<\/li>\n<\/ul>\n<p>&nbsp;<\/p>\n<p><a href=\"https:\/\/deiadpa.com.br\/index.php\/quero-saber-mais-sobre-deus\/6-o-pecado-e-a-separacao-entre-deus-e-a-humanidade\/\"><img loading=\"lazy\" decoding=\"async\" class=\"alignnone wp-image-981\" src=\"http:\/\/deiadpa.com.br\/wp-content\/uploads\/2026\/01\/Proxima-aula.png\" alt=\"\" width=\"156\" height=\"66\" \/><\/a><\/p>\n<p>________________________________________________<\/p>\n<p>Ronaldo Santos<\/p>\n","protected":false},"excerpt":{"rendered":"<p>Quando n\u00e3o conhecemos a Deus, tendemos a imagin\u00e1-lo \u00e0 semelhan\u00e7a do ser humano. Pensamos que o amor de Deus funciona como o nosso amor, ou [&#8230;]<\/p>\n","protected":false},"author":1,"featured_media":0,"parent":75,"menu_order":0,"comment_status":"closed","ping_status":"closed","template":"","meta":{"footnotes":""},"_links":{"self":[{"href":"https:\/\/deiadpa.com.br\/index.php\/wp-json\/wp\/v2\/pages\/1008"}],"collection":[{"href":"https:\/\/deiadpa.com.br\/index.php\/wp-json\/wp\/v2\/pages"}],"about":[{"href":"https:\/\/deiadpa.com.br\/index.php\/wp-json\/wp\/v2\/types\/page"}],"author":[{"embeddable":true,"href":"https:\/\/deiadpa.com.br\/index.php\/wp-json\/wp\/v2\/users\/1"}],"replies":[{"embeddable":true,"href":"https:\/\/deiadpa.com.br\/index.php\/wp-json\/wp\/v2\/comments?post=1008"}],"version-history":[{"count":9,"href":"https:\/\/deiadpa.com.br\/index.php\/wp-json\/wp\/v2\/pages\/1008\/revisions"}],"predecessor-version":[{"id":1062,"href":"https:\/\/deiadpa.com.br\/index.php\/wp-json\/wp\/v2\/pages\/1008\/revisions\/1062"}],"up":[{"embeddable":true,"href":"https:\/\/deiadpa.com.br\/index.php\/wp-json\/wp\/v2\/pages\/75"}],"wp:attachment":[{"href":"https:\/\/deiadpa.com.br\/index.php\/wp-json\/wp\/v2\/media?parent=1008"}],"curies":[{"name":"wp","href":"https:\/\/api.w.org\/{rel}","templated":true}]}}